{"id":3377,"date":"2021-10-07T21:22:41","date_gmt":"2021-10-07T19:22:41","guid":{"rendered":"https:\/\/neustadt-art-festival.de\/?page_id=3377"},"modified":"2024-09-17T12:31:52","modified_gmt":"2024-09-17T10:31:52","slug":"material","status":"publish","type":"page","link":"https:\/\/neustadt-art-festival.de\/en\/material\/","title":{"rendered":"Material"},"content":{"rendered":"\n<div class=\"wp-block-columns is-layout-flex wp-container-core-columns-is-layout-9d6595d7 wp-block-columns-is-layout-flex\">\n<div class=\"wp-block-column is-layout-flow wp-block-column-is-layout-flow\">\n<p><strong><a href=\"https:\/\/wolke.kultopia.org\/index.php\/s\/AKtD9yXz6knq2JC\" target=\"_blank\" rel=\"noreferrer noopener\">Allgemeine NAF Grafik<\/a><\/strong><\/p>\n\n\n\n<figure class=\"wp-block-image size-large is-style-default\"><img decoding=\"async\" width=\"733\" height=\"1024\" data-src=\"https:\/\/neustadt-art-festival.de\/wp-content\/uploads\/2021\/10\/NAF_komplett-733x1024.jpg\" alt=\"\" class=\"wp-image-3335 lazyload\" data-srcset=\"https:\/\/neustadt-art-festival.de\/wp-content\/uploads\/2021\/10\/NAF_komplett-733x1024.jpg 733w, https:\/\/neustadt-art-festival.de\/wp-content\/uploads\/2021\/10\/NAF_komplett-215x300.jpg 215w, https:\/\/neustadt-art-festival.de\/wp-content\/uploads\/2021\/10\/NAF_komplett-768x1073.jpg 768w, https:\/\/neustadt-art-festival.de\/wp-content\/uploads\/2021\/10\/NAF_komplett-1099x1536.jpg 1099w, https:\/\/neustadt-art-festival.de\/wp-content\/uploads\/2021\/10\/NAF_komplett.jpg 1358w\" data-sizes=\"(max-width: 733px) 100vw, 733px\" src=\"data:image\/svg+xml;base64,PHN2ZyB3aWR0aD0iMSIgaGVpZ2h0PSIxIiB4bWxucz0iaHR0cDovL3d3dy53My5vcmcvMjAwMC9zdmciPjwvc3ZnPg==\" style=\"--smush-placeholder-width: 733px; --smush-placeholder-aspect-ratio: 733\/1024;\" \/><\/figure>\n<\/div>\n\n\n\n<div class=\"wp-block-column is-layout-flow wp-block-column-is-layout-flow\">\n<p><a href=\"https:\/\/wolke.kultopia.org\/index.php\/s\/xAtrWj6n9o4qMk5\" target=\"_blank\" rel=\"noreferrer noopener\"><strong>Plakat NAF 202<\/strong>4<\/a><\/p>\n\n\n\n<figure class=\"wp-block-image size-large\"><img decoding=\"async\" width=\"707\" height=\"1000\" data-src=\"https:\/\/neustadt-art-festival.de\/wp-content\/uploads\/2024\/04\/NAF_Plakat2024web.jpg\" alt=\"\" class=\"wp-image-8761 lazyload\" data-srcset=\"https:\/\/neustadt-art-festival.de\/wp-content\/uploads\/2024\/04\/NAF_Plakat2024web.jpg 707w, https:\/\/neustadt-art-festival.de\/wp-content\/uploads\/2024\/04\/NAF_Plakat2024web-212x300.jpg 212w\" data-sizes=\"(max-width: 707px) 100vw, 707px\" src=\"data:image\/svg+xml;base64,PHN2ZyB3aWR0aD0iMSIgaGVpZ2h0PSIxIiB4bWxucz0iaHR0cDovL3d3dy53My5vcmcvMjAwMC9zdmciPjwvc3ZnPg==\" style=\"--smush-placeholder-width: 707px; --smush-placeholder-aspect-ratio: 707\/1000;\" \/><\/figure>\n\n\n\n<figure class=\"wp-block-gallery has-nested-images columns-default is-cropped wp-block-gallery-1 is-layout-flex wp-block-gallery-is-layout-flex\"><\/figure>\n<\/div>\n\n\n\n<div class=\"wp-block-column is-layout-flow wp-block-column-is-layout-flow\">\n<p><strong><a href=\"https:\/\/wolke.kultopia.org\/index.php\/s\/k3sQjjPxJtxEktN\" target=\"_blank\" rel=\"noreferrer noopener\">NAF 10 Jahre Logo<\/a><\/strong><\/p>\n\n\n\n<figure class=\"wp-block-image size-large is-style-default\"><img decoding=\"async\" width=\"1024\" height=\"1024\" data-src=\"https:\/\/neustadt-art-festival.de\/wp-content\/uploads\/2022\/03\/NAF-LOGOweb-1024x1024.jpg\" alt=\"\" class=\"wp-image-3727 lazyload\" data-srcset=\"https:\/\/neustadt-art-festival.de\/wp-content\/uploads\/2022\/03\/NAF-LOGOweb-1024x1024.jpg 1024w, https:\/\/neustadt-art-festival.de\/wp-content\/uploads\/2022\/03\/NAF-LOGOweb-300x300.jpg 300w, https:\/\/neustadt-art-festival.de\/wp-content\/uploads\/2022\/03\/NAF-LOGOweb-150x150.jpg 150w, https:\/\/neustadt-art-festival.de\/wp-content\/uploads\/2022\/03\/NAF-LOGOweb-768x768.jpg 768w, https:\/\/neustadt-art-festival.de\/wp-content\/uploads\/2022\/03\/NAF-LOGOweb-1536x1536.jpg 1536w, https:\/\/neustadt-art-festival.de\/wp-content\/uploads\/2022\/03\/NAF-LOGOweb.jpg 1796w\" data-sizes=\"(max-width: 1024px) 100vw, 1024px\" src=\"data:image\/svg+xml;base64,PHN2ZyB3aWR0aD0iMSIgaGVpZ2h0PSIxIiB4bWxucz0iaHR0cDovL3d3dy53My5vcmcvMjAwMC9zdmciPjwvc3ZnPg==\" style=\"--smush-placeholder-width: 1024px; --smush-placeholder-aspect-ratio: 1024\/1024;\" \/><\/figure>\n<\/div>\n<\/div>\n\n\n\n<div class=\"wp-block-columns is-layout-flex wp-container-core-columns-is-layout-9d6595d7 wp-block-columns-is-layout-flex\">\n<div class=\"wp-block-column is-layout-flow wp-block-column-is-layout-flow\">\n<p><strong><a href=\"https:\/\/wolke.kultopia.org\/index.php\/s\/oBjeyEMjCfjtQZJ\" target=\"_blank\" rel=\"noreferrer noopener\">Instagram Story Grafik (2024)<\/a><\/strong><\/p>\n\n\n\n<figure class=\"wp-block-image size-large\"><img decoding=\"async\" width=\"576\" height=\"1024\" data-src=\"https:\/\/neustadt-art-festival.de\/wp-content\/uploads\/2024\/04\/Instagram_Story-576x1024.jpg\" alt=\"\" class=\"wp-image-8763 lazyload\" data-srcset=\"https:\/\/neustadt-art-festival.de\/wp-content\/uploads\/2024\/04\/Instagram_Story-576x1024.jpg 576w, https:\/\/neustadt-art-festival.de\/wp-content\/uploads\/2024\/04\/Instagram_Story-169x300.jpg 169w, https:\/\/neustadt-art-festival.de\/wp-content\/uploads\/2024\/04\/Instagram_Story-768x1365.jpg 768w, https:\/\/neustadt-art-festival.de\/wp-content\/uploads\/2024\/04\/Instagram_Story-864x1536.jpg 864w, https:\/\/neustadt-art-festival.de\/wp-content\/uploads\/2024\/04\/Instagram_Story.jpg 1080w\" data-sizes=\"(max-width: 576px) 100vw, 576px\" src=\"data:image\/svg+xml;base64,PHN2ZyB3aWR0aD0iMSIgaGVpZ2h0PSIxIiB4bWxucz0iaHR0cDovL3d3dy53My5vcmcvMjAwMC9zdmciPjwvc3ZnPg==\" style=\"--smush-placeholder-width: 576px; --smush-placeholder-aspect-ratio: 576\/1024;\" \/><\/figure>\n<\/div>\n\n\n\n<div class=\"wp-block-column is-layout-flow wp-block-column-is-layout-flow\">\n<p><strong><a href=\"https:\/\/wolke.kultopia.org\/index.php\/s\/zfLRfii7pMTArC4\" target=\"_blank\" rel=\"noreferrer noopener\">Instagram Post Grafik (2024)<\/a><\/strong><\/p>\n\n\n\n<figure class=\"wp-block-image size-large\"><img decoding=\"async\" width=\"1024\" height=\"1024\" data-src=\"https:\/\/neustadt-art-festival.de\/wp-content\/uploads\/2024\/04\/Instagram_Post-1024x1024.jpg\" alt=\"\" class=\"wp-image-8764 lazyload\" data-srcset=\"https:\/\/neustadt-art-festival.de\/wp-content\/uploads\/2024\/04\/Instagram_Post-1024x1024.jpg 1024w, https:\/\/neustadt-art-festival.de\/wp-content\/uploads\/2024\/04\/Instagram_Post-300x300.jpg 300w, https:\/\/neustadt-art-festival.de\/wp-content\/uploads\/2024\/04\/Instagram_Post-150x150.jpg 150w, https:\/\/neustadt-art-festival.de\/wp-content\/uploads\/2024\/04\/Instagram_Post-768x768.jpg 768w, https:\/\/neustadt-art-festival.de\/wp-content\/uploads\/2024\/04\/Instagram_Post-1536x1536.jpg 1536w, https:\/\/neustadt-art-festival.de\/wp-content\/uploads\/2024\/04\/Instagram_Post.jpg 1920w\" data-sizes=\"(max-width: 1024px) 100vw, 1024px\" src=\"data:image\/svg+xml;base64,PHN2ZyB3aWR0aD0iMSIgaGVpZ2h0PSIxIiB4bWxucz0iaHR0cDovL3d3dy53My5vcmcvMjAwMC9zdmciPjwvc3ZnPg==\" style=\"--smush-placeholder-width: 1024px; --smush-placeholder-aspect-ratio: 1024\/1024;\" \/><figcaption class=\"wp-element-caption\"> <\/figcaption><\/figure>\n<\/div>\n\n\n\n<div class=\"wp-block-column is-layout-flow wp-block-column-is-layout-flow\">\n<p><strong><a href=\"https:\/\/wolke.kultopia.org\/index.php\/s\/r8BRMEs7cFjBdCK\" target=\"_blank\" rel=\"noreferrer noopener\">Veranstaltungsmaske<\/a><\/strong><\/p>\n\n\n\n<figure class=\"wp-block-image size-large\"><img decoding=\"async\" width=\"1024\" height=\"536\" data-src=\"https:\/\/neustadt-art-festival.de\/wp-content\/uploads\/2022\/07\/Facebook-Alpha-Mask-1024x536.jpg\" alt=\"\" class=\"wp-image-3949 lazyload\" data-srcset=\"https:\/\/neustadt-art-festival.de\/wp-content\/uploads\/2022\/07\/Facebook-Alpha-Mask-1024x536.jpg 1024w, https:\/\/neustadt-art-festival.de\/wp-content\/uploads\/2022\/07\/Facebook-Alpha-Mask-300x157.jpg 300w, https:\/\/neustadt-art-festival.de\/wp-content\/uploads\/2022\/07\/Facebook-Alpha-Mask-768x402.jpg 768w, https:\/\/neustadt-art-festival.de\/wp-content\/uploads\/2022\/07\/Facebook-Alpha-Mask.jpg 1200w\" data-sizes=\"(max-width: 1024px) 100vw, 1024px\" src=\"data:image\/svg+xml;base64,PHN2ZyB3aWR0aD0iMSIgaGVpZ2h0PSIxIiB4bWxucz0iaHR0cDovL3d3dy53My5vcmcvMjAwMC9zdmciPjwvc3ZnPg==\" style=\"--smush-placeholder-width: 1024px; --smush-placeholder-aspect-ratio: 1024\/536;\" \/><\/figure>\n\n\n\n<p>Nutze diese Maske, um z.B. deine Facebook Veranstaltung mit den F\u00f6rderern des Neustadt Art Festivals zu erg\u00e4nzen.<\/p>\n\n\n\n<p>1200 x 628 px (FB-Event-Format)<\/p>\n<\/div>\n<\/div>\n\n\n\n<div class=\"wp-block-columns is-layout-flex wp-container-core-columns-is-layout-9d6595d7 wp-block-columns-is-layout-flex\">\n<div class=\"wp-block-column is-layout-flow wp-block-column-is-layout-flow\">\n<p><strong><a href=\"https:\/\/wolke.kultopia.org\/index.php\/s\/PxifrEwNd9Pbbbe\" target=\"_blank\" rel=\"noreferrer noopener\">Instagram Story Maske<\/a><\/strong><\/p>\n\n\n\n<figure class=\"wp-block-image size-large\"><img decoding=\"async\" width=\"576\" height=\"1024\" data-src=\"https:\/\/neustadt-art-festival.de\/wp-content\/uploads\/2022\/08\/Insta-Story-Alpha-576x1024.jpg\" alt=\"\" class=\"wp-image-3980 lazyload\" data-srcset=\"https:\/\/neustadt-art-festival.de\/wp-content\/uploads\/2022\/08\/Insta-Story-Alpha-576x1024.jpg 576w, https:\/\/neustadt-art-festival.de\/wp-content\/uploads\/2022\/08\/Insta-Story-Alpha-169x300.jpg 169w, https:\/\/neustadt-art-festival.de\/wp-content\/uploads\/2022\/08\/Insta-Story-Alpha-768x1365.jpg 768w, https:\/\/neustadt-art-festival.de\/wp-content\/uploads\/2022\/08\/Insta-Story-Alpha-864x1536.jpg 864w, https:\/\/neustadt-art-festival.de\/wp-content\/uploads\/2022\/08\/Insta-Story-Alpha.jpg 1080w\" data-sizes=\"(max-width: 576px) 100vw, 576px\" src=\"data:image\/svg+xml;base64,PHN2ZyB3aWR0aD0iMSIgaGVpZ2h0PSIxIiB4bWxucz0iaHR0cDovL3d3dy53My5vcmcvMjAwMC9zdmciPjwvc3ZnPg==\" style=\"--smush-placeholder-width: 576px; --smush-placeholder-aspect-ratio: 576\/1024;\" \/><\/figure>\n\n\n\n<p>Nutze diese Maske, um z.B. deine Veranstaltung in deiner  Instagram Story mit den F\u00f6rderern des Neustadt Art Festivals zu erg\u00e4nzen.<\/p>\n\n\n\n<p>1080px x 1920px (IG-Story-Format)<\/p>\n<\/div>\n\n\n\n<div class=\"wp-block-column is-layout-flow wp-block-column-is-layout-flow\">\n<p><strong><a href=\"https:\/\/wolke.kultopia.org\/index.php\/s\/MN3SNqJP4sTAxsL\" target=\"_blank\" rel=\"noreferrer noopener\">Instagram Post Maske<\/a><\/strong><\/p>\n\n\n\n<figure class=\"wp-block-image size-large\"><img decoding=\"async\" width=\"1024\" height=\"1024\" data-src=\"https:\/\/neustadt-art-festival.de\/wp-content\/uploads\/2022\/08\/Instagram-Alpha-1024x1024.jpg\" alt=\"\" class=\"wp-image-3981 lazyload\" data-srcset=\"https:\/\/neustadt-art-festival.de\/wp-content\/uploads\/2022\/08\/Instagram-Alpha-1024x1024.jpg 1024w, https:\/\/neustadt-art-festival.de\/wp-content\/uploads\/2022\/08\/Instagram-Alpha-300x300.jpg 300w, https:\/\/neustadt-art-festival.de\/wp-content\/uploads\/2022\/08\/Instagram-Alpha-150x150.jpg 150w, https:\/\/neustadt-art-festival.de\/wp-content\/uploads\/2022\/08\/Instagram-Alpha-768x768.jpg 768w, https:\/\/neustadt-art-festival.de\/wp-content\/uploads\/2022\/08\/Instagram-Alpha.jpg 1500w\" data-sizes=\"(max-width: 1024px) 100vw, 1024px\" src=\"data:image\/svg+xml;base64,PHN2ZyB3aWR0aD0iMSIgaGVpZ2h0PSIxIiB4bWxucz0iaHR0cDovL3d3dy53My5vcmcvMjAwMC9zdmciPjwvc3ZnPg==\" style=\"--smush-placeholder-width: 1024px; --smush-placeholder-aspect-ratio: 1024\/1024;\" \/><\/figure>\n\n\n\n<p>Nutze diese Maske, um z.B. deine Veranstaltung in deinem  Instagram Post mit den F\u00f6rderern des Neustadt Art Festivals zu erg\u00e4nzen.<\/p>\n\n\n\n<p>2000px x 2000px (IG-Post Format)<\/p>\n<\/div>\n\n\n\n<div class=\"wp-block-column is-layout-flow wp-block-column-is-layout-flow\"><\/div>\n<\/div>\n\n\n\n<div class=\"wp-block-columns is-layout-flex wp-container-core-columns-is-layout-9d6595d7 wp-block-columns-is-layout-flex\">\n<div class=\"wp-block-column is-layout-flow wp-block-column-is-layout-flow\">\n<p><strong>NAF Pressetext: K\u00fcnstler\u00b7innen Aufruf 2023<\/strong><\/p>\n\n\n\n<p>Aufruf zum 12. Neustadt Art Festival (2023)<\/p>\n\n\n\n<p>Am letzten vollst\u00e4ndigen Septemberwochenende, dem 22. bis 24. September, findet das 12. Neustadt Art Festival statt! Wieder erwartet uns ein Wochenende, in dem die Dresdner Neustadt ihre Vielschichtigkeit unter Beweis stellt. Das NAF begann entlang der Prie\u00dfnitzstra\u00dfe \u2013 nun, ein knappes Jahrzehnt sp\u00e4ter, erstreckt sich das Festival, mit 40 Orten und 200 Veranstaltungen \u00fcber die gesamte Neustadt. Selbst angrenzende Stadtteile bieten den \u00fcber 2000 Festivalbesucher\u00b7innen verborgene und neue Freir\u00e4ume zum Entdecken.<\/p>\n\n\n\n<p>\u201eUnd nun sind wir wieder auf der Suche nach K\u00fcnstler\u00b7innen und Orten, die mit uns ein buntes Festivalwochenende organisieren,\u201c sagt Nadine Aleithe, Mitorganisatorin des Festivals.<\/p>\n\n\n\n<p>\u201eEgal, ob ihr malt, zeichnet, singt, spielt, lehrt, zaubert, fotografiert oder f\u00fcr eine andere Kunstart steht; egal ob ihr eine Stube habt, einen Hinterhof, einen Keller, ein nutzbares Industriegeb\u00e4ude oder auch eine Garage \u2013 Jede Idee ist uns willkommen.\u201c<\/p>\n\n\n\n<p>\u201eWer mitgestalten m\u00f6chte, gibt uns Bescheid, wir helfen euch bei der Umsetzung euer Ideen und vernetzen euch mit anderen Akteur\u00b7innen.\u201c erg\u00e4nzt Thomas Schreiter, der seit sechs Jahren das unkommerzielle Kunst- und Kulturfestival mitorganisiert. \u201eDie ersten pers\u00f6nlichen Organisationstreffen finden ab Juni stattfinden.\u201c<\/p>\n\n\n\n<p>Alle weiteren Informationen findet ihr auf <a href=\"http:\/\/www.neustadt-art-festival.de\" target=\"_blank\" rel=\"noreferrer noopener\">www.neustadt-art-festival.<\/a><a href=\"http:\/\/neustadt-art-festival.de\">de<\/a>.<\/p>\n<\/div>\n\n\n\n<div class=\"wp-block-column is-layout-flow wp-block-column-is-layout-flow\">\n<p><strong>NAF Aufruf 2024 K\u00fcnstler\u00b7innen<\/strong><\/p>\n\n\n\n<p><strong>Everything is going wrong this year&#8230; Ha! Think again!<\/strong><\/p>\n\n\n\n<p>The <strong>Neustadt Art Festival<\/strong> is entering its <strong>thirteenth round<\/strong>! <strong>From 27.09. &#8211; 29.09.2024<\/strong>, Dresden Neustadt will be buzzing with <strong>music, art and all kinds of mischief<\/strong> on every corner.<\/p>\n\n\n\n<p>The number 13 brings bad luck!? We&#8217;ll show fate what\u2019s what and want you to <strong>join us<\/strong> in shaping the festival and <strong>realising your<\/strong> new<strong> ideas<\/strong>. Let&#8217;s glue those broken mirrors back together, and use our painting, photography, theatre, music, street art, fire shows, acrobatics, workshops, readings, poetry and discussions to chase away all the evil spirits. To get ready for the festival, we&#8217;re inviting everyone to our <strong>monthly organisational meetings<\/strong> at<strong> Rudolf-Leonhard-Stra\u00dfe 19<\/strong>.<\/p>\n\n\n\n<p>And since every black cat needs its own space, we&#8217;re also looking for <strong>suitable locations<\/strong> this year, with or without a ladder. A shared flat, an attic, a garage, an old factory building, a backyard, a garden or any other space will enrich the Neustadt Art Festival 2024.<\/p>\n\n\n\n<p>We know that with all this superstition, financial support is necessary as well, of course. Thanks to our sponsors, we can help you with your<strong> material expenses<\/strong>. Further information is available on our website.<\/p>\n\n\n\n<p>We&#8217;re looking forward to seeing you and together we can realise any idea, no matter how crazy!<\/p>\n\n\n\n<p><strong>Your NAF team<\/strong><\/p>\n\n\n\n<p><strong><strong>organisational <\/strong>meetings at Rudolf-Leonhard Stra\u00dfe 19:<\/strong><br>23.06. ab 16 Uhr || 14.07. ab 16 Uhr || 04.08. ab 16 Uhr<br>18.08. ab 16 Uhr || 01.09. ab 16 Uhr || 15.09. ab 16 Uhr<\/p>\n<\/div>\n<\/div>\n\n\n\n<p><\/p>\n","protected":false},"excerpt":{"rendered":"<p>Allgemeine NAF Grafik Plakat NAF 2024 NAF 10 Jahre Logo Instagram Story Grafik (2024) Instagram Post Grafik (2024) Veranstaltungsmaske Nutze diese Maske, um z.B. deine Facebook Veranstaltung mit den F\u00f6rderern des Neustadt Art Festivals zu erg\u00e4nzen. 1200 x 628 px (FB-Event-Format) Instagram Story Maske Nutze diese Maske, um z.B. deine Veranstaltung in deiner Instagram Story [&hellip;]<\/p>\n","protected":false},"author":4,"featured_media":0,"parent":0,"menu_order":0,"comment_status":"closed","ping_status":"closed","template":"","meta":{"footnotes":""},"class_list":["post-3377","page","type-page","status-publish","hentry"],"_links":{"self":[{"href":"https:\/\/neustadt-art-festival.de\/en\/wp-json\/wp\/v2\/pages\/3377","targetHints":{"allow":["GET"]}}],"collection":[{"href":"https:\/\/neustadt-art-festival.de\/en\/wp-json\/wp\/v2\/pages"}],"about":[{"href":"https:\/\/neustadt-art-festival.de\/en\/wp-json\/wp\/v2\/types\/page"}],"author":[{"embeddable":true,"href":"https:\/\/neustadt-art-festival.de\/en\/wp-json\/wp\/v2\/users\/4"}],"replies":[{"embeddable":true,"href":"https:\/\/neustadt-art-festival.de\/en\/wp-json\/wp\/v2\/comments?post=3377"}],"version-history":[{"count":62,"href":"https:\/\/neustadt-art-festival.de\/en\/wp-json\/wp\/v2\/pages\/3377\/revisions"}],"predecessor-version":[{"id":11520,"href":"https:\/\/neustadt-art-festival.de\/en\/wp-json\/wp\/v2\/pages\/3377\/revisions\/11520"}],"wp:attachment":[{"href":"https:\/\/neustadt-art-festival.de\/en\/wp-json\/wp\/v2\/media?parent=3377"}],"curies":[{"name":"wp","href":"https:\/\/api.w.org\/{rel}","templated":true}]}}