{"id":3398,"date":"2021-10-07T22:27:04","date_gmt":"2021-10-07T20:27:04","guid":{"rendered":"https:\/\/neustadt-art-festival.de\/?page_id=3398"},"modified":"2024-08-22T17:48:43","modified_gmt":"2024-08-22T15:48:43","slug":"impressum","status":"publish","type":"page","link":"https:\/\/neustadt-art-festival.de\/en\/impressum\/","title":{"rendered":"Impressum"},"content":{"rendered":"\n<p><strong>Diensteanbieter<\/strong><\/p>\n\n\n\n<p>Neustadt Art Kollektiv e.V.<br>Rudolf-Leonhard-Stra\u00dfe 19<br>01097 Dresden<\/p>\n\n\n\n<p><strong>Kontaktm\u00f6glichkeiten<\/strong><\/p>\n\n\n\n<p>E-Mail-Adresse: <a href=\"mailto:post@neustadt-art-kollektiv.org\">post@neustadt-art-kollektiv.org<\/a><\/p>\n\n\n\n<p><strong>Vertretungsberechtigte<\/strong><\/p>\n\n\n\n<p>Thomas Schreiter (Vorsitz)<br>Nadine Aleithe (Kassenverwaltung)<br>Elisa Robock<br>Joelle Vanderbeke<\/p>\n\n\n\n<p><strong>Register und Registernummer<\/strong><\/p>\n\n\n\n<p>Vereinsregister<br>Gef\u00fchrt bei: Amtsgericht Dresden<br>Nummer: VR 11576<\/p>\n\n\n\n<p><strong>Leichte Sprache<\/strong><\/p>\n\n\n\n<p>Die Vorbereitungs-Gruppe vom Neustadt Art Festival hat die Texte geschrieben.<\/p>\n\n\n\n<p>Anja Seidel hat die Texte in Leichter Sprache geschrieben.<\/p>\n\n\n\n<p>Kristin Burckhardt, Anne Kristin Kausch, Beate Schlothauer, Jan Schlothauer und Steven Wallner haben die Leichte Sprache gepr\u00fcft.<\/p>\n\n\n\n<p>Sie arbeiten beim Verein Leben mit Handicaps e.V.<\/p>\n\n\n\n<p>Die Bilder sind von: \u00a9 Lebenshilfe f\u00fcr Menschen mit geistiger Behinderung Bremen e.V., Illustrator Stefan Albers<\/p>\n\n\n\n<p><strong>Social Media und andere Onlinepr\u00e4senzen<\/strong><\/p>\n\n\n\n<p>Dieses Impressum gilt auch f\u00fcr die folgenden Social-Media-Pr\u00e4senzen und Onlineprofile:<\/p>\n\n\n\n<p><a href=\"https:\/\/www.facebook.com\/NeustadtArtKollektiv\/\">https:\/\/www.facebook.com\/NeustadtArtKollektiv\/<\/a><br><a href=\"https:\/\/www.instagram.com\/neustadtartkollektiv\/\">https:\/\/www.instagram.com\/neustadtartkollektiv\/<\/a><br><a href=\"https:\/\/www.youtube.com\/channel\/UCHgVfd0lHm8cbs1hKzRkZ2w\">https:\/\/www.youtube.com\/channel\/UCHgVfd0lHm8cbs1hKzRkZ2w<\/a><br><a href=\"https:\/\/twitter.com\/NeuArtKollektiv\">https:\/\/twitter.com\/NeuArtKollektiv<\/a><br><a href=\"https:\/\/steadyhq.com\/nak\">https:\/\/steadyhq.com\/nak<\/a><\/p>\n\n\n\n<p><strong>Haftungs- und Urheberrechtshinweise<\/strong><\/p>\n\n\n\n<p>Haftungsausschluss: Die Inhalte dieses Onlineangebotes wurden sorgf\u00e4ltig und nach unserem aktuellen Kenntnisstand erstellt, dienen jedoch nur der Information und entfalten keine rechtlich bindende Wirkung, sofern es sich nicht um gesetzlich verpflichtende Informationen (z.B. das Impressum, die Datenschutzerkl\u00e4rung, AGB oder verpflichtende Belehrungen von Verbrauchern) handelt. Wir behalten uns vor, die Inhalte vollst\u00e4ndig oder teilweise zu \u00e4ndern oder zu l\u00f6schen, soweit vertragliche Verpflichtungen unber\u00fchrt bleiben. Alle Angebote sind freibleibend und unverbindlich.<\/p>\n\n\n\n<p>Links auf fremde Webseiten: Inhalte fremder Webseiten, auf die wir direkt oder indirekt verweisen, liegen au\u00dferhalb unseres Verantwortungsbereiches und machen wir uns nicht zu Eigen. F\u00fcr alle Inhalte und insbesondere f\u00fcr Sch\u00e4den, die aus der Nutzung der in den verlinkten Webseiten aufrufbaren Informationen entstehen, haftet allein der Anbieter der verlinkten Webseiten.<\/p>\n\n\n\n<p>Urheberrechte und Markenrechte: Alle auf dieser Website dargestellten Inhalte, wie Texte, Fotografien, Grafiken, Marken und Warenzeichen sind durch die jeweiligen Schutzrechte (Urheberrechte, Markenrechte) gesch\u00fctzt. Die Verwendung, Vervielf\u00e4ltigung usw. unterliegen unseren Rechten oder den Rechten der jeweiligen Urheber bzw. Rechteverwalter.<\/p>\n\n\n\n<p>Hinweise auf Rechtsverst\u00f6\u00dfe: Sollten Sie innerhalb unseres Internetauftritts Rechtsverst\u00f6\u00dfe bemerken, bitten wir Sie uns auf diese hinzuweisen. Wir werden rechtswidrige Inhalte und Links nach Kenntnisnahme unverz\u00fcglich entfernen.<\/p>\n\n\n\n<p>Erstellt mit kostenlosem Datenschutz-Generator.de von Dr. Thomas Schwenke<\/p>\n","protected":false},"excerpt":{"rendered":"<p>Diensteanbieter Neustadt Art Kollektiv e.V.Rudolf-Leonhard-Stra\u00dfe 1901097 Dresden Kontaktm\u00f6glichkeiten E-Mail-Adresse: post@neustadt-art-kollektiv.org Vertretungsberechtigte Thomas Schreiter (Vorsitz)Nadine Aleithe (Kassenverwaltung)Elisa RobockJoelle Vanderbeke Register und Registernummer VereinsregisterGef\u00fchrt bei: Amtsgericht DresdenNummer: VR 11576 Leichte Sprache Die Vorbereitungs-Gruppe vom Neustadt Art Festival hat die Texte geschrieben. Anja Seidel hat die Texte in Leichter Sprache geschrieben. Kristin Burckhardt, Anne Kristin Kausch, Beate Schlothauer, [&hellip;]<\/p>\n","protected":false},"author":4,"featured_media":0,"parent":0,"menu_order":0,"comment_status":"closed","ping_status":"closed","template":"","meta":{"footnotes":""},"class_list":["post-3398","page","type-page","status-publish","hentry"],"_links":{"self":[{"href":"https:\/\/neustadt-art-festival.de\/en\/wp-json\/wp\/v2\/pages\/3398","targetHints":{"allow":["GET"]}}],"collection":[{"href":"https:\/\/neustadt-art-festival.de\/en\/wp-json\/wp\/v2\/pages"}],"about":[{"href":"https:\/\/neustadt-art-festival.de\/en\/wp-json\/wp\/v2\/types\/page"}],"author":[{"embeddable":true,"href":"https:\/\/neustadt-art-festival.de\/en\/wp-json\/wp\/v2\/users\/4"}],"replies":[{"embeddable":true,"href":"https:\/\/neustadt-art-festival.de\/en\/wp-json\/wp\/v2\/comments?post=3398"}],"version-history":[{"count":8,"href":"https:\/\/neustadt-art-festival.de\/en\/wp-json\/wp\/v2\/pages\/3398\/revisions"}],"predecessor-version":[{"id":9611,"href":"https:\/\/neustadt-art-festival.de\/en\/wp-json\/wp\/v2\/pages\/3398\/revisions\/9611"}],"wp:attachment":[{"href":"https:\/\/neustadt-art-festival.de\/en\/wp-json\/wp\/v2\/media?parent=3398"}],"curies":[{"name":"wp","href":"https:\/\/api.w.org\/{rel}","templated":true}]}}