{"id":8896,"date":"2024-05-29T13:11:43","date_gmt":"2024-05-29T11:11:43","guid":{"rendered":"https:\/\/neustadt-art-festival.de\/?page_id=8896"},"modified":"2024-07-16T11:01:42","modified_gmt":"2024-07-16T09:01:42","slug":"faq-kunstlerinnen","status":"publish","type":"page","link":"https:\/\/neustadt-art-festival.de\/en\/faq-kunstlerinnen\/","title":{"rendered":"FAQ &#8211; FOR ARTISTS"},"content":{"rendered":"\n<div style=\"height:20px\" aria-hidden=\"true\" class=\"wp-block-spacer\"><\/div>\n\n\n<nav class=\"is-responsive items-justified-center wp-block-navigation is-content-justification-center is-layout-flex wp-container-core-navigation-is-layout-16018d1d wp-block-navigation-is-layout-flex\" aria-label=\"Navigation 2\" \n\t\t data-wp-interactive=\"core\/navigation\" data-wp-context='{\"overlayOpenedBy\":{\"click\":false,\"hover\":false,\"focus\":false},\"type\":\"overlay\",\"roleAttribute\":\"\",\"ariaLabel\":\"Menu\"}'><button aria-haspopup=\"dialog\" aria-label=\"Open menu\" class=\"wp-block-navigation__responsive-container-open\" \n\t\t\t\tdata-wp-on--click=\"actions.openMenuOnClick\"\n\t\t\t\tdata-wp-on--keydown=\"actions.handleMenuKeydown\"\n\t\t\t><svg width=\"24\" height=\"24\" xmlns=\"http:\/\/www.w3.org\/2000\/svg\" viewBox=\"0 0 24 24\" aria-hidden=\"true\" focusable=\"false\"><path d=\"M4 7.5h16v1.5H4z\"><\/path><path d=\"M4 15h16v1.5H4z\"><\/path><\/svg><\/button>\n\t\t\t\t<div class=\"wp-block-navigation__responsive-container\"  id=\"modal-1\" \n\t\t\t\tdata-wp-class--has-modal-open=\"state.isMenuOpen\"\n\t\t\t\tdata-wp-class--is-menu-open=\"state.isMenuOpen\"\n\t\t\t\tdata-wp-watch=\"callbacks.initMenu\"\n\t\t\t\tdata-wp-on--keydown=\"actions.handleMenuKeydown\"\n\t\t\t\tdata-wp-on--focusout=\"actions.handleMenuFocusout\"\n\t\t\t\ttabindex=\"-1\"\n\t\t\t>\n\t\t\t\t\t<div class=\"wp-block-navigation__responsive-close\" tabindex=\"-1\">\n\t\t\t\t\t\t<div class=\"wp-block-navigation__responsive-dialog\" \n\t\t\t\tdata-wp-bind--aria-modal=\"state.ariaModal\"\n\t\t\t\tdata-wp-bind--aria-label=\"state.ariaLabel\"\n\t\t\t\tdata-wp-bind--role=\"state.roleAttribute\"\n\t\t\t>\n\t\t\t\t\t\t\t<button aria-label=\"Close menu\" class=\"wp-block-navigation__responsive-container-close\" \n\t\t\t\tdata-wp-on--click=\"actions.closeMenuOnClick\"\n\t\t\t><svg xmlns=\"http:\/\/www.w3.org\/2000\/svg\" viewBox=\"0 0 24 24\" width=\"24\" height=\"24\" aria-hidden=\"true\" focusable=\"false\"><path d=\"m13.06 12 6.47-6.47-1.06-1.06L12 10.94 5.53 4.47 4.47 5.53 10.94 12l-6.47 6.47 1.06 1.06L12 13.06l6.47 6.47 1.06-1.06L13.06 12Z\"><\/path><\/svg><\/button>\n\t\t\t\t\t\t\t<div class=\"wp-block-navigation__responsive-container-content\" \n\t\t\t\tdata-wp-watch=\"callbacks.focusFirstElement\"\n\t\t\t id=\"modal-1-content\">\n\t\t\t\t\t\t\t\t\n<div class=\"wp-block-buttons has-custom-font-size has-small-font-size is-layout-flex wp-block-buttons-is-layout-flex\">\n<div class=\"wp-block-button\"><a class=\"wp-block-button__link wp-element-button\" href=\"\/faq\/?lang=en\">WHAT IS THE NAF?<\/a><\/div>\n\n\n\n<div class=\"wp-block-button\"><a class=\"wp-block-button__link wp-element-button\" href=\"\/FAQ-BESUCHERINNEN\/?lang=en\">FOR VISITORS<\/a><\/div>\n\n\n\n<div class=\"wp-block-button\"><a class=\"wp-block-button__link wp-element-button\" href=\"\/FAQ-KUNSTLERINNEN\/?lang=en\">FOR ARTISTS<\/a><\/div>\n\n\n\n<div class=\"wp-block-button\"><a class=\"wp-block-button__link wp-element-button\" href=\"\/FAQ-ORTE\/?lang=en\">FOR LOCATIONS<\/a><\/div>\n<\/div>\n\n\t\t\t\t\t\t\t<\/div>\n\t\t\t\t\t\t<\/div>\n\t\t\t\t\t<\/div>\n\t\t\t\t<\/div><\/nav>\n\n\n<div style=\"height:30px\" aria-hidden=\"true\" class=\"wp-block-spacer\"><\/div>\n\n\n\n<details class=\"wp-block-details is-layout-flow wp-block-details-is-layout-flow\"><summary><strong>Who can participate?<\/strong><\/summary>\n<p>The NAF mainly provides a stage for local artists. At the same time, art thrives on exchange and togetherness \u2013 we welcome acts and artists from all over the world who want to contribute to a colorful, diverse program. Absolutely anyone who brings an idea and initiative can participate.<\/p>\n<\/details>\n\n\n\n<div style=\"height:20px\" aria-hidden=\"true\" class=\"wp-block-spacer\"><\/div>\n\n\n\n<details class=\"wp-block-details is-layout-flow wp-block-details-is-layout-flow\"><summary><strong>How can I participate? What is the &#8220;Bunte Brett&#8221;?<\/strong><\/summary>\n<p>To participate, you need to connect with a location. For this, use our &#8220;<strong><a href=\"\/buntesbrett\/\" target=\"_blank\" rel=\"noreferrer noopener\">Bunte Brett<\/a><\/strong>&#8220;, which you can find here. On this board, artists looking for a location and locations looking for artists can register. Your details there: photo, self-description text, link to your website\/social media, email address.<\/p>\n\n\n\n<p><em>(Once you&#8217;ve registered on the &#8220;<strong><a href=\"\/buntesbrett\/\" target=\"_blank\" rel=\"noreferrer noopener\">Bunte Brett<\/a><\/strong>&#8220;, please check your spam folder regularly, as the first inquiries often end up there.)<\/em><\/p>\n\n\n\n<p>You can, of course, also directly contact locations that you like. You might even find an artist with whom you&#8217;d like to start a project. In general, you network independently, while we assist in the background and might be able to give you tips or reach out further.<\/p>\n\n\n\n<p><strong>Important:<\/strong> Please send us information about your program promptly!<\/p>\n<\/details>\n\n\n\n<div style=\"height:20px\" aria-hidden=\"true\" class=\"wp-block-spacer\"><\/div>\n\n\n\n<details class=\"wp-block-details is-layout-flow wp-block-details-is-layout-flow\"><summary><strong>How do I send you my program?<\/strong><\/summary>\n<p>For your program to be included in the program booklet, we need an email from you with the following information:<\/p>\n\n\n\n<ul class=\"wp-block-list\">\n<li>The <strong>title <\/strong>of your event<\/li>\n\n\n\n<li>The <strong>type <\/strong>of your event (reading, concert, exhibition&#8230;)<\/li>\n\n\n\n<li><strong>Location <\/strong>of the event<\/li>\n\n\n\n<li><strong>Start and end times <\/strong>of your program points<\/li>\n\n\n\n<li>A <strong>suitable image<\/strong> for your event (preferably landscape format)<\/li>\n\n\n\n<li>A <strong>short description<\/strong> of your event for the website<\/li>\n\n\n\n<li>Additionally, for the program booklet, a short description of your event with a maximum of 370 characters<\/li>\n\n\n\n<li><strong>(Optional)<\/strong> A <strong>short description<\/strong> of yourself if you want to appear on the website \u2013 feel free to include links!<\/li>\n\n\n\n<li><strong>(Optional)<\/strong> A <strong>photo or image<\/strong> of yourself<\/li>\n<\/ul>\n\n\n\n<p>If you want your event to be included in the printed program booklet, we need your information by <strong>September 1st<\/strong> at the latest. All submissions after this date will be included in the online program and the app. Please send everything to <a><strong>programm@neustadt-art-festival.de<\/strong><\/a>.<\/p>\n\n\n\n<p><em>You can see how it will look in the program booklet here:<\/em><\/p>\n\n\n\n<figure class=\"wp-block-image size-large\"><img decoding=\"async\" width=\"1024\" height=\"819\" data-src=\"https:\/\/neustadt-art-festival.de\/wp-content\/uploads\/2024\/05\/FAQ-Programmheft-1024x819.jpg\" alt=\"\" class=\"wp-image-8897 lazyload\" data-srcset=\"https:\/\/neustadt-art-festival.de\/wp-content\/uploads\/2024\/05\/FAQ-Programmheft-1024x819.jpg 1024w, https:\/\/neustadt-art-festival.de\/wp-content\/uploads\/2024\/05\/FAQ-Programmheft-300x240.jpg 300w, https:\/\/neustadt-art-festival.de\/wp-content\/uploads\/2024\/05\/FAQ-Programmheft-768x614.jpg 768w, https:\/\/neustadt-art-festival.de\/wp-content\/uploads\/2024\/05\/FAQ-Programmheft-1536x1229.jpg 1536w, https:\/\/neustadt-art-festival.de\/wp-content\/uploads\/2024\/05\/FAQ-Programmheft.jpg 1770w\" data-sizes=\"(max-width: 1024px) 100vw, 1024px\" src=\"data:image\/svg+xml;base64,PHN2ZyB3aWR0aD0iMSIgaGVpZ2h0PSIxIiB4bWxucz0iaHR0cDovL3d3dy53My5vcmcvMjAwMC9zdmciPjwvc3ZnPg==\" style=\"--smush-placeholder-width: 1024px; --smush-placeholder-aspect-ratio: 1024\/819;\" \/><\/figure>\n<\/details>\n\n\n\n<div style=\"height:20px\" aria-hidden=\"true\" class=\"wp-block-spacer\"><\/div>\n\n\n\n<details class=\"wp-block-details is-layout-flow wp-block-details-is-layout-flow\"><summary><strong>Are there information and exchange channels?<\/strong><\/summary>\n<p>On the following channels, you will get current information from the organizers and quick, straightforward help from other artists and locations if needed.<\/p>\n\n\n\n<ul class=\"wp-block-list\">\n<li>Neustadt Art Festival Telegram Group <br><a href=\"https:\/\/t.me\/+5YBIJ9EKABhkYWMy\"><strong>https:\/\/t.me\/+5YBIJ9EKABhkYWMy<\/strong><\/a><\/li>\n<\/ul>\n\n\n\n<ul class=\"wp-block-list\">\n<li>Email distribution list: &#8220;Prisniwelle&#8221; &#8211; send us a short email at: <br><a><strong>programm@neustadt-art-festival.org<\/strong><\/a><\/li>\n<\/ul>\n<\/details>\n\n\n\n<div style=\"height:20px\" aria-hidden=\"true\" class=\"wp-block-spacer\"><\/div>\n\n\n\n<details class=\"wp-block-details is-layout-flow wp-block-details-is-layout-flow\"><summary><strong>How long can my event last?<\/strong><\/summary>\n<p>Since the NAF mainly takes place where many people live, we naturally want to be considerate of the residents. Therefore, we recommend that your event should end no later than midnight. However, in some cases, certain locations may allow for a longer program.<\/p>\n<\/details>\n\n\n\n<div style=\"height:20px\" aria-hidden=\"true\" class=\"wp-block-spacer\"><\/div>\n\n\n\n<details class=\"wp-block-details is-layout-flow wp-block-details-is-layout-flow\"><summary><strong>What do I gain from participating?<\/strong><\/summary>\n<p>We strive to continue the original idea of the Neustadt Art Festival: Many dedicated individuals create something wonderful for themselves and their community, without commercial intentions but with a lot of creativity.<\/p>\n\n\n\n<p>Many young artists have the opportunity to perform in front of an audience for the first time through NAF. While we cannot compensate your performance as a non-commercial festival, you may generate a small contribution through donations or the sale of artworks, CDs, etc.<\/p>\n\n\n\n<p>Additionally, you can meet many inspiring people at the festival, with whom you might want to collaborate on future projects.<\/p>\n<\/details>\n\n\n\n<div style=\"height:20px\" aria-hidden=\"true\" class=\"wp-block-spacer\"><\/div>\n\n\n\n<details class=\"wp-block-details is-layout-flow wp-block-details-is-layout-flow\"><summary><strong>How about cost reimbursement?<\/strong><\/summary>\n<p>Thanks to grants from the &#8220;Amts f\u00fcr Kultur und Denkmalschutz der Landeshauptstadt Dresden&#8221;, the &#8220;Stiftung \u00c4u\u00dfere Neustadt&#8221;, the &#8220;Stadtbezirksamtes Dresden Neustadt&#8221;, and many private donations, we have a small fund available to reimburse some of your expenses. Since the process isn&#8217;t straightforward, we&#8217;ve set up a dedicated page for this:<\/p>\n\n\n\n<ul class=\"wp-block-list\">\n<li><strong><a href=\"\/faq-kostenerstattung-kuenstlerinnen\/?lang=en\" target=\"_blank\" rel=\"noreferrer noopener\">Cost Reimbursement for Participating Artists<\/a><\/strong><\/li>\n<\/ul>\n<\/details>\n\n\n\n<div style=\"height:20px\" aria-hidden=\"true\" class=\"wp-block-spacer\"><\/div>\n\n\n\n<details class=\"wp-block-details is-layout-flow wp-block-details-is-layout-flow\"><summary><strong>Who handles the GEMA?<\/strong><\/summary>\n<p>We take care of the GEMA notification for you. For this, we need a completed GEMA list from you. Please coordinate with the venue to decide who will fill out the GEMA list and send it to us.<\/p>\n\n\n\n<ol class=\"wp-block-list\">\n<li>Download the GEMA form: <a href=\"\/wp-content\/uploads\/2024\/07\/GEMA_Musikfolge_Einzelveranstaltung_NAK.pdf\" target=\"_blank\" rel=\"noreferrer noopener\"><strong>Sequence\/Set List Live Music<\/strong><\/a><\/li>\n\n\n\n<li>Fill out the following fields for the event:\n<ul class=\"wp-block-list\">\n<li>Type of event<\/li>\n\n\n\n<li>Name of the venue<\/li>\n\n\n\n<li>Type (e.g., restaurant)<\/li>\n\n\n\n<li>Event room<\/li>\n\n\n\n<li>Street\/Number<\/li>\n\n\n\n<li>Postal code\/City<\/li>\n\n\n\n<li>Date of the event<\/li>\n\n\n\n<li>Time (from-to)<\/li>\n<\/ul>\n<\/li>\n\n\n\n<li>Fill in the details for the band\/group.<\/li>\n\n\n\n<li>List the titles that were played.<\/li>\n\n\n\n<li>Send the form via email to <a><strong>orga@neustadt-art-kollektiv.org<\/strong><\/a>.<\/li>\n<\/ol>\n\n\n\n<p>We will take care of the rest, including payment.<\/p>\n<\/details>\n\n\n\n<div style=\"height:20px\" aria-hidden=\"true\" class=\"wp-block-spacer\"><\/div>\n\n\n\n<details class=\"wp-block-details is-layout-flow wp-block-details-is-layout-flow\"><summary><strong>What do I do if an issue arises at my event?<\/strong><\/summary>\n<p>Shortly before the festival, we will provide a phone number to all participating venues. You can reach us at any time on this number if a significant issue occurs. We&#8217;ll be at the festival and can respond promptly on-site. For less urgent matters, you can also contact us via email or Instagram message.<\/p>\n<\/details>\n","protected":false},"excerpt":{"rendered":"","protected":false},"author":4,"featured_media":0,"parent":0,"menu_order":0,"comment_status":"closed","ping_status":"closed","template":"","meta":{"footnotes":""},"class_list":["post-8896","page","type-page","status-publish","hentry"],"_links":{"self":[{"href":"https:\/\/neustadt-art-festival.de\/en\/wp-json\/wp\/v2\/pages\/8896","targetHints":{"allow":["GET"]}}],"collection":[{"href":"https:\/\/neustadt-art-festival.de\/en\/wp-json\/wp\/v2\/pages"}],"about":[{"href":"https:\/\/neustadt-art-festival.de\/en\/wp-json\/wp\/v2\/types\/page"}],"author":[{"embeddable":true,"href":"https:\/\/neustadt-art-festival.de\/en\/wp-json\/wp\/v2\/users\/4"}],"replies":[{"embeddable":true,"href":"https:\/\/neustadt-art-festival.de\/en\/wp-json\/wp\/v2\/comments?post=8896"}],"version-history":[{"count":35,"href":"https:\/\/neustadt-art-festival.de\/en\/wp-json\/wp\/v2\/pages\/8896\/revisions"}],"predecessor-version":[{"id":9340,"href":"https:\/\/neustadt-art-festival.de\/en\/wp-json\/wp\/v2\/pages\/8896\/revisions\/9340"}],"wp:attachment":[{"href":"https:\/\/neustadt-art-festival.de\/en\/wp-json\/wp\/v2\/media?parent=8896"}],"curies":[{"name":"wp","href":"https:\/\/api.w.org\/{rel}","templated":true}]}}