{"id":8902,"date":"2024-05-29T13:23:46","date_gmt":"2024-05-29T11:23:46","guid":{"rendered":"https:\/\/neustadt-art-festival.de\/?page_id=8902"},"modified":"2024-07-16T11:02:36","modified_gmt":"2024-07-16T09:02:36","slug":"faq-orte","status":"publish","type":"page","link":"https:\/\/neustadt-art-festival.de\/en\/faq-orte\/","title":{"rendered":"FAQ &#8211; FOR LOCATIONS"},"content":{"rendered":"\n<div style=\"height:20px\" aria-hidden=\"true\" class=\"wp-block-spacer\"><\/div>\n\n\n<nav class=\"is-responsive items-justified-center wp-block-navigation is-content-justification-center is-layout-flex wp-container-core-navigation-is-layout-16018d1d wp-block-navigation-is-layout-flex\" aria-label=\"Navigation 2\" \n\t\t data-wp-interactive=\"core\/navigation\" data-wp-context='{\"overlayOpenedBy\":{\"click\":false,\"hover\":false,\"focus\":false},\"type\":\"overlay\",\"roleAttribute\":\"\",\"ariaLabel\":\"Menu\"}'><button aria-haspopup=\"dialog\" aria-label=\"Open menu\" class=\"wp-block-navigation__responsive-container-open\" \n\t\t\t\tdata-wp-on--click=\"actions.openMenuOnClick\"\n\t\t\t\tdata-wp-on--keydown=\"actions.handleMenuKeydown\"\n\t\t\t><svg width=\"24\" height=\"24\" xmlns=\"http:\/\/www.w3.org\/2000\/svg\" viewBox=\"0 0 24 24\" aria-hidden=\"true\" focusable=\"false\"><path d=\"M4 7.5h16v1.5H4z\"><\/path><path d=\"M4 15h16v1.5H4z\"><\/path><\/svg><\/button>\n\t\t\t\t<div class=\"wp-block-navigation__responsive-container\"  id=\"modal-1\" \n\t\t\t\tdata-wp-class--has-modal-open=\"state.isMenuOpen\"\n\t\t\t\tdata-wp-class--is-menu-open=\"state.isMenuOpen\"\n\t\t\t\tdata-wp-watch=\"callbacks.initMenu\"\n\t\t\t\tdata-wp-on--keydown=\"actions.handleMenuKeydown\"\n\t\t\t\tdata-wp-on--focusout=\"actions.handleMenuFocusout\"\n\t\t\t\ttabindex=\"-1\"\n\t\t\t>\n\t\t\t\t\t<div class=\"wp-block-navigation__responsive-close\" tabindex=\"-1\">\n\t\t\t\t\t\t<div class=\"wp-block-navigation__responsive-dialog\" \n\t\t\t\tdata-wp-bind--aria-modal=\"state.ariaModal\"\n\t\t\t\tdata-wp-bind--aria-label=\"state.ariaLabel\"\n\t\t\t\tdata-wp-bind--role=\"state.roleAttribute\"\n\t\t\t>\n\t\t\t\t\t\t\t<button aria-label=\"Close menu\" class=\"wp-block-navigation__responsive-container-close\" \n\t\t\t\tdata-wp-on--click=\"actions.closeMenuOnClick\"\n\t\t\t><svg xmlns=\"http:\/\/www.w3.org\/2000\/svg\" viewBox=\"0 0 24 24\" width=\"24\" height=\"24\" aria-hidden=\"true\" focusable=\"false\"><path d=\"m13.06 12 6.47-6.47-1.06-1.06L12 10.94 5.53 4.47 4.47 5.53 10.94 12l-6.47 6.47 1.06 1.06L12 13.06l6.47 6.47 1.06-1.06L13.06 12Z\"><\/path><\/svg><\/button>\n\t\t\t\t\t\t\t<div class=\"wp-block-navigation__responsive-container-content\" \n\t\t\t\tdata-wp-watch=\"callbacks.focusFirstElement\"\n\t\t\t id=\"modal-1-content\">\n\t\t\t\t\t\t\t\t\n<div class=\"wp-block-buttons has-custom-font-size has-small-font-size is-layout-flex wp-block-buttons-is-layout-flex\">\n<div class=\"wp-block-button\"><a class=\"wp-block-button__link wp-element-button\" href=\"\/faq\/?lang=en\">WHAT IS THE NAF?<\/a><\/div>\n\n\n\n<div class=\"wp-block-button\"><a class=\"wp-block-button__link wp-element-button\" href=\"\/FAQ-BESUCHERINNEN\/?lang=en\">FOR VISITORS<\/a><\/div>\n\n\n\n<div class=\"wp-block-button\"><a class=\"wp-block-button__link wp-element-button\" href=\"\/FAQ-KUNSTLERINNEN\/?lang=en\">FOR ARTISTS<\/a><\/div>\n\n\n\n<div class=\"wp-block-button\"><a class=\"wp-block-button__link wp-element-button\" href=\"\/FAQ-ORTE\/?lang=en\">FOR LOCATIONS<\/a><\/div>\n<\/div>\n\n\t\t\t\t\t\t\t<\/div>\n\t\t\t\t\t\t<\/div>\n\t\t\t\t\t<\/div>\n\t\t\t\t<\/div><\/nav>\n\n\n<div style=\"height:30px\" aria-hidden=\"true\" class=\"wp-block-spacer\"><\/div>\n\n\n\n<details class=\"wp-block-details is-layout-flow wp-block-details-is-layout-flow\"><summary><strong>Who can participate?<\/strong><\/summary>\n<p>NAF involves a diverse range of venues, from studios and bars to shared apartments and basements, even courtyards. We always welcome the exploration of new cultural spaces. The festival&#8217;s core area is the \u00c4u\u00dfere Neustadt, but locations in surrounding areas such as Hechtviertel and Scheunenhofviertel also regularly participate.<\/p>\n<\/details>\n\n\n\n<div style=\"height:20px\" aria-hidden=\"true\" class=\"wp-block-spacer\"><\/div>\n\n\n\n<details class=\"wp-block-details is-layout-flow wp-block-details-is-layout-flow\"><summary><strong>How can I participate? What is the &#8220;Bunte Brett&#8221;?<\/strong><\/summary>\n<p>To participate, you need to connect with artists. You can do this through our<strong> <a href=\"\/buntesbrett\/\">&#8220;Bunte Brett&#8221;<\/a><\/strong>, which you can find <a href=\"\/buntesbrett\/\"><strong>here<\/strong><\/a>. This board is where artists looking for venues and venues looking for artists register. Your details should include: a photo, a self-description text, a link to your website\/social media, and your email address.<\/p>\n\n\n\n<p><em>Once you&#8217;ve registered on the <strong> <a href=\"\/buntesbrett\/\">&#8220;Bunte Brett&#8221;<\/a><\/strong>, please check your spam folder regularly, as initial inquiries often end up there.<\/em><\/p>\n\n\n\n<p>You should also directly reach out to artists who align with your event. In general, you&#8217;ll network independently, while we assist in the background, offering tips and potentially extending our reach.<\/p>\n\n\n\n<p><strong>Important:<\/strong> Please send us timely information about your program at the venue!<\/p>\n<\/details>\n\n\n\n<div style=\"height:20px\" aria-hidden=\"true\" class=\"wp-block-spacer\"><\/div>\n\n\n\n<details class=\"wp-block-details is-layout-flow wp-block-details-is-layout-flow\"><summary><strong>How do I send you my program?<\/strong><\/summary>\n<p>To have your program included in the program booklet, please send us an email with the following information:<\/p>\n\n\n\n<ul class=\"wp-block-list\">\n<li><strong>Title <\/strong>of your event<\/li>\n\n\n\n<li><strong>Type <\/strong>of event (reading, concert, exhibition&#8230;)<\/li>\n\n\n\n<li><strong>Venue <\/strong>of the event with address<\/li>\n\n\n\n<li><strong>Start and end times<\/strong> of your program items<\/li>\n\n\n\n<li>A <strong>suitable image<\/strong> for your event (preferably landscape format)<\/li>\n\n\n\n<li>A <strong>short description<\/strong> of your event for the website<\/li>\n\n\n\n<li>Additionally, for the program booklet, a brief description of your event with a maximum of 370 characters<\/li>\n\n\n\n<li>(<strong>Optional<\/strong>) A <strong>short description<\/strong> of your venue if you want it to appear on the website \u2013 feel free to include links!<\/li>\n\n\n\n<li>(<strong>Optional<\/strong>) A <strong>photo or image<\/strong> for your venue<\/li>\n<\/ul>\n\n\n\n<p>If you want your event to be included in the printed program booklet, we need your information by <strong>September 1<\/strong>st at the latest. Submissions after this date will be included in the <strong><a href=\"\/program\/\">online program<\/a><\/strong> and the <strong><a href=\"\/app\/\" target=\"_blank\" rel=\"noreferrer noopener\">app<\/a><\/strong>. Please send everything to <strong><a href=\"mailto:programm@neustadt-art-festival.de\">programm@neustadt-art-festival.de<\/a><\/strong>.<\/p>\n\n\n\n<p><em>You can see how it will appear in the program booklet here:<\/em><\/p>\n\n\n\n<figure class=\"wp-block-image size-large\"><img decoding=\"async\" width=\"1024\" height=\"819\" data-src=\"https:\/\/neustadt-art-festival.de\/wp-content\/uploads\/2024\/05\/FAQ-Programmheft-1-1024x819.jpg\" alt=\"\" class=\"wp-image-8903 lazyload\" data-srcset=\"https:\/\/neustadt-art-festival.de\/wp-content\/uploads\/2024\/05\/FAQ-Programmheft-1-1024x819.jpg 1024w, https:\/\/neustadt-art-festival.de\/wp-content\/uploads\/2024\/05\/FAQ-Programmheft-1-300x240.jpg 300w, https:\/\/neustadt-art-festival.de\/wp-content\/uploads\/2024\/05\/FAQ-Programmheft-1-768x614.jpg 768w, https:\/\/neustadt-art-festival.de\/wp-content\/uploads\/2024\/05\/FAQ-Programmheft-1-1536x1229.jpg 1536w, https:\/\/neustadt-art-festival.de\/wp-content\/uploads\/2024\/05\/FAQ-Programmheft-1.jpg 1770w\" data-sizes=\"(max-width: 1024px) 100vw, 1024px\" src=\"data:image\/svg+xml;base64,PHN2ZyB3aWR0aD0iMSIgaGVpZ2h0PSIxIiB4bWxucz0iaHR0cDovL3d3dy53My5vcmcvMjAwMC9zdmciPjwvc3ZnPg==\" style=\"--smush-placeholder-width: 1024px; --smush-placeholder-aspect-ratio: 1024\/819;\" \/><\/figure>\n<\/details>\n\n\n\n<div style=\"height:20px\" aria-hidden=\"true\" class=\"wp-block-spacer\"><\/div>\n\n\n\n<details class=\"wp-block-details is-layout-flow wp-block-details-is-layout-flow\"><summary><strong>How about cost reimbursement?<\/strong><\/summary>\n<p>Thanks to grants from the &#8220;Amts f\u00fcr Kultur und Denkmalschutz der Landeshauptstadt Dresden&#8221;, the Stiftung \u00c4u\u00dfere Neustadt, the Stadtbezirksamtes Dresden Neustadt, and many private donations, we have a small fund available to reimburse some of your expenses. Since the process isn&#8217;t straightforward, we&#8217;ve set up a dedicated page for this:<\/p>\n\n\n\n<ul class=\"wp-block-list\">\n<li><strong><a href=\"\/faq-kostenerstattung-fuer-orte?lang=en\" target=\"_blank\" rel=\"noreferrer noopener\">Cost Reimbursement for Participating Locations<\/a><\/strong><\/li>\n<\/ul>\n<\/details>\n\n\n\n<div style=\"height:20px\" aria-hidden=\"true\" class=\"wp-block-spacer\"><\/div>\n\n\n\n<details class=\"wp-block-details is-layout-flow wp-block-details-is-layout-flow\"><summary><strong>Who handles the GEMA?<\/strong><\/summary>\n<p>We take care of notifying GEMA for you. For each band, we need a completed GEMA list from you.<\/p>\n\n\n\n<ol class=\"wp-block-list\">\n<li>Download the GEMA form: Music: <strong><a href=\"\/wp-content\/uploads\/2024\/07\/GEMA_Musikfolge_Einzelveranstaltung_NAK.pdf\" target=\"_blank\" rel=\"noreferrer noopener\">Sequence\/Set List Live Music<\/a><\/strong><\/li>\n\n\n\n<li>Fill out the following fields for the event:\n<ul class=\"wp-block-list\">\n<li>Type of event<\/li>\n\n\n\n<li>Name of the venue<\/li>\n\n\n\n<li>Type (e.g., restaurant)<\/li>\n\n\n\n<li>Event room<\/li>\n\n\n\n<li>Street\/Number<\/li>\n\n\n\n<li>Postal code\/City<\/li>\n\n\n\n<li>Date of the event<\/li>\n\n\n\n<li>Time (from-to)<\/li>\n<\/ul>\n<\/li>\n\n\n\n<li>Fill in the details for the band\/group.<\/li>\n\n\n\n<li>List the titles that were performed.<\/li>\n\n\n\n<li><strong><em>Fill out a form for each band.<\/em><\/strong><\/li>\n\n\n\n<li>Send the forms by email to <a><strong>orga@neustadt-art-kollektiv.org<\/strong><\/a>.<\/li>\n<\/ol>\n\n\n\n<p>We&#8217;ll take care of the rest, including payment.<\/p>\n<\/details>\n\n\n\n<div style=\"height:20px\" aria-hidden=\"true\" class=\"wp-block-spacer\"><\/div>\n\n\n\n<details class=\"wp-block-details is-layout-flow wp-block-details-is-layout-flow\"><summary><strong>What about accessibility?<\/strong><\/summary>\n<p>We aim to make the festival accessible to as many people as possible, including those with disabilities. We appreciate it when venues are accessible to people with disabilities, even if it&#8217;s not always feasible. Small accommodations, such as a portable ramp for door thresholds, can make a significant difference. You can obtain such ramps for a small deposit here:<\/p>\n\n\n\n<ul class=\"wp-block-list\">\n<li><a href=\"https:\/\/kompass-dresden.org\/projekte\/rampen-aktion\/\" target=\"_blank\" rel=\"noreferrer noopener\"><strong>https:\/\/kompass-dresden.org\/projekte\/rampen-aktion\/<\/strong><\/a><\/li>\n<\/ul>\n\n\n\n<p>If you have questions about accessibility and inclusion, please reach out to Annett and S\u00f6ren from NEUSTAD(t)RAUM:<\/p>\n\n\n\n<ul class=\"wp-block-list\">\n<li><strong><a href=\"https:\/\/neustadtraum.de\/wer-sind-wir\/\" target=\"_blank\" rel=\"noreferrer noopener\">https:\/\/neustadtraum.de\/wer-sind-wir\/<\/a><\/strong><\/li>\n<\/ul>\n<\/details>\n\n\n\n<div style=\"height:20px\" aria-hidden=\"true\" class=\"wp-block-spacer\"><\/div>\n\n\n\n<details class=\"wp-block-details is-layout-flow wp-block-details-is-layout-flow\"><summary><strong>How to create a successful event?<\/strong><\/summary>\n<p>Here are some tips to help you make your event as engaging as possible:<\/p>\n\n\n\n<ol class=\"wp-block-list\">\n<li><strong>Combine Art and Music:<\/strong> If you&#8217;re planning an exhibition, consider having live music acts. This encourages visitors to stay longer and engage with your artworks.<\/li>\n\n\n\n<li><strong>Offer Drinks for Donation:<\/strong> Providing beverages for donations can be a good way to fundraise. Remember, you&#8217;ll need a liquor license and hygiene certificate for selling drinks and food.<\/li>\n\n\n\n<li><strong>Creatively Design Your Program:<\/strong> Tailor your program to your vision and creativity. Consider quieter activities like readings for Sundays.<\/li>\n\n\n\n<li><strong>Make Your Venue Accessible:<\/strong> Ensure visitors can find your location easily. Use posters or signs to mark entrances to apartments or courtyards. Templates can be found in our materials section.<\/li>\n\n\n\n<li><strong>Introduce Your Artists:<\/strong> It&#8217;s appreciated when artists are acknowledged. Displaying small bios or introductions at the entrance can enhance engagement.<\/li>\n\n\n\n<li><strong>Promote Your Event:<\/strong> Spread the word among friends, family, and on social media. Mention that your event is part of the NAF for added visibility. Tag @neustadtartfestival on Instagram, and we&#8217;ll share your event in our stories.<\/li>\n<\/ol>\n\n\n\n<p>By incorporating these suggestions, you can enhance the appeal and accessibility of your event, making it a memorable experience for attendees.<\/p>\n<\/details>\n\n\n\n<div style=\"height:20px\" aria-hidden=\"true\" class=\"wp-block-spacer\"><\/div>\n\n\n\n<details class=\"wp-block-details is-layout-flow wp-block-details-is-layout-flow\"><summary><strong>What should I do if there&#8217;s an issue at my event?<\/strong><\/summary>\n<p>Shortly before the festival, we will provide a phone number to all participating venues. You can contact us anytime on this number if a major issue arises. We&#8217;ll be at the festival and can respond promptly on-site. For less urgent matters, feel free to reach out to us via email or message on Instagram.<\/p>\n<\/details>\n\n\n\n<div style=\"height:20px\" aria-hidden=\"true\" class=\"wp-block-spacer\"><\/div>\n\n\n\n<details class=\"wp-block-details is-layout-flow wp-block-details-is-layout-flow\"><summary><strong>Are there information and exchange channels?<\/strong><\/summary>\n<p>You can find current information from the organizers and quick, uncomplicated assistance from other artists and venues on the following channels:<\/p>\n\n\n\n<ul class=\"wp-block-list\">\n<li>Neustadt Art Festival Telegram Group:<br><a href=\"https:\/\/t.me\/+5YBIJ9EKABhkYWMy\"><strong>https:\/\/t.me\/+5YBIJ9EKABhkYWMy<\/strong><\/a><\/li>\n\n\n\n<li>Email distribution list: &#8220;Prisniwelle&#8221; &#8211; send us a brief email at:<br><strong><a href=\"mailto:programm@neustadt-art-festival.org\">programm@neustadt-art-festival.org<\/a><\/strong><\/li>\n<\/ul>\n<\/details>\n","protected":false},"excerpt":{"rendered":"","protected":false},"author":4,"featured_media":0,"parent":0,"menu_order":0,"comment_status":"closed","ping_status":"closed","template":"","meta":{"footnotes":""},"class_list":["post-8902","page","type-page","status-publish","hentry"],"_links":{"self":[{"href":"https:\/\/neustadt-art-festival.de\/en\/wp-json\/wp\/v2\/pages\/8902","targetHints":{"allow":["GET"]}}],"collection":[{"href":"https:\/\/neustadt-art-festival.de\/en\/wp-json\/wp\/v2\/pages"}],"about":[{"href":"https:\/\/neustadt-art-festival.de\/en\/wp-json\/wp\/v2\/types\/page"}],"author":[{"embeddable":true,"href":"https:\/\/neustadt-art-festival.de\/en\/wp-json\/wp\/v2\/users\/4"}],"replies":[{"embeddable":true,"href":"https:\/\/neustadt-art-festival.de\/en\/wp-json\/wp\/v2\/comments?post=8902"}],"version-history":[{"count":31,"href":"https:\/\/neustadt-art-festival.de\/en\/wp-json\/wp\/v2\/pages\/8902\/revisions"}],"predecessor-version":[{"id":9341,"href":"https:\/\/neustadt-art-festival.de\/en\/wp-json\/wp\/v2\/pages\/8902\/revisions\/9341"}],"wp:attachment":[{"href":"https:\/\/neustadt-art-festival.de\/en\/wp-json\/wp\/v2\/media?parent=8902"}],"curies":[{"name":"wp","href":"https:\/\/api.w.org\/{rel}","templated":true}]}}