{"id":9110,"date":"2024-07-05T11:33:26","date_gmt":"2024-07-05T09:33:26","guid":{"rendered":"https:\/\/neustadt-art-festival.de\/en\/?page_id=9110"},"modified":"2024-07-11T12:00:06","modified_gmt":"2024-07-11T10:00:06","slug":"leichtesprache-aufruf","status":"publish","type":"page","link":"https:\/\/neustadt-art-festival.de\/en\/leichtesprache-aufruf\/","title":{"rendered":"Leichte Sprache: Aufruf"},"content":{"rendered":"\n<div style=\"height:20px\" aria-hidden=\"true\" class=\"wp-block-spacer\"><\/div>\n\n\n<nav style=\"font-style:normal;font-weight:700;\" class=\"has-small-font-size is-responsive items-justified-center wp-block-navigation is-horizontal is-content-justification-center is-layout-flex wp-container-core-navigation-is-layout-499968f5 wp-block-navigation-is-layout-flex\" aria-label=\"Navigation 3\" \n\t\t data-wp-interactive=\"core\/navigation\" data-wp-context='{\"overlayOpenedBy\":{\"click\":false,\"hover\":false,\"focus\":false},\"type\":\"overlay\",\"roleAttribute\":\"\",\"ariaLabel\":\"Menu\"}'><button aria-haspopup=\"dialog\" aria-label=\"Open menu\" class=\"wp-block-navigation__responsive-container-open\" \n\t\t\t\tdata-wp-on--click=\"actions.openMenuOnClick\"\n\t\t\t\tdata-wp-on--keydown=\"actions.handleMenuKeydown\"\n\t\t\t><svg width=\"24\" height=\"24\" xmlns=\"http:\/\/www.w3.org\/2000\/svg\" viewBox=\"0 0 24 24\" aria-hidden=\"true\" focusable=\"false\"><path d=\"M4 7.5h16v1.5H4z\"><\/path><path d=\"M4 15h16v1.5H4z\"><\/path><\/svg><\/button>\n\t\t\t\t<div class=\"wp-block-navigation__responsive-container\"  id=\"modal-1\" \n\t\t\t\tdata-wp-class--has-modal-open=\"state.isMenuOpen\"\n\t\t\t\tdata-wp-class--is-menu-open=\"state.isMenuOpen\"\n\t\t\t\tdata-wp-watch=\"callbacks.initMenu\"\n\t\t\t\tdata-wp-on--keydown=\"actions.handleMenuKeydown\"\n\t\t\t\tdata-wp-on--focusout=\"actions.handleMenuFocusout\"\n\t\t\t\ttabindex=\"-1\"\n\t\t\t>\n\t\t\t\t\t<div class=\"wp-block-navigation__responsive-close\" tabindex=\"-1\">\n\t\t\t\t\t\t<div class=\"wp-block-navigation__responsive-dialog\" \n\t\t\t\tdata-wp-bind--aria-modal=\"state.ariaModal\"\n\t\t\t\tdata-wp-bind--aria-label=\"state.ariaLabel\"\n\t\t\t\tdata-wp-bind--role=\"state.roleAttribute\"\n\t\t\t>\n\t\t\t\t\t\t\t<button aria-label=\"Close menu\" class=\"wp-block-navigation__responsive-container-close\" \n\t\t\t\tdata-wp-on--click=\"actions.closeMenuOnClick\"\n\t\t\t><svg xmlns=\"http:\/\/www.w3.org\/2000\/svg\" viewBox=\"0 0 24 24\" width=\"24\" height=\"24\" aria-hidden=\"true\" focusable=\"false\"><path d=\"m13.06 12 6.47-6.47-1.06-1.06L12 10.94 5.53 4.47 4.47 5.53 10.94 12l-6.47 6.47 1.06 1.06L12 13.06l6.47 6.47 1.06-1.06L13.06 12Z\"><\/path><\/svg><\/button>\n\t\t\t\t\t\t\t<div class=\"wp-block-navigation__responsive-container-content\" \n\t\t\t\tdata-wp-watch=\"callbacks.focusFirstElement\"\n\t\t\t id=\"modal-1-content\">\n\t\t\t\t\t\t\t\t\n<div class=\"wp-block-buttons has-custom-font-size has-small-font-size is-content-justification-left is-layout-flex wp-container-core-buttons-is-layout-fdcfc74e wp-block-buttons-is-layout-flex\">\n<div class=\"wp-block-button\"><a class=\"wp-block-button__link wp-element-button\" href=\"\/leichtesprache-aufruf\/\">AUFRUF<\/a><\/div>\n\n\n\n<div class=\"wp-block-button\"><a class=\"wp-block-button__link wp-element-button\" href=\"\/leichtesprache-selbstverstandnis\/\">SO SEHEN WIR UNS SELBST<\/a><\/div>\n\n\n\n<div class=\"wp-block-button\"><a class=\"wp-block-button__link wp-element-button\" href=\"\/leichtesprache-was\/\">WAS IST DAS NEUSTADT ART FESTIVAL?<\/a><\/div>\n\n\n\n<div class=\"wp-block-button\"><a class=\"wp-block-button__link wp-element-button\" href=\"\/leichtesprache-besucher\/\">F\u00dcR BESUCHER*INNEN<\/a><\/div>\n\n\n\n<div class=\"wp-block-button\"><a class=\"wp-block-button__link wp-element-button\" href=\"\/leichtesprache-kuenstler\/\">F\u00dcR K\u00dcNSTLER*INNEN<\/a><\/div>\n\n\n\n<div class=\"wp-block-button\"><a class=\"wp-block-button__link wp-element-button\" href=\"\/leichtesprache-orte\/\">F\u00dcR ORTE<\/a><\/div>\n<\/div>\n\n\t\t\t\t\t\t\t<\/div>\n\t\t\t\t\t\t<\/div>\n\t\t\t\t\t<\/div>\n\t\t\t\t<\/div><\/nav>\n\n\n<div style=\"height:20px\" aria-hidden=\"true\" class=\"wp-block-spacer\"><\/div>\n\n\n<div class=\"wp-block-image\">\n<figure class=\"alignright size-full is-resized\"><img decoding=\"async\" width=\"456\" height=\"363\" data-src=\"https:\/\/neustadt-art-festival.de\/wp-content\/uploads\/2024\/07\/Bild-leichte-Sprache-1.jpg\" alt=\"\" class=\"wp-image-9111 lazyload\" style=\"--smush-placeholder-width: 456px; --smush-placeholder-aspect-ratio: 456\/363;width:250px\" data-srcset=\"https:\/\/neustadt-art-festival.de\/wp-content\/uploads\/2024\/07\/Bild-leichte-Sprache-1.jpg 456w, https:\/\/neustadt-art-festival.de\/wp-content\/uploads\/2024\/07\/Bild-leichte-Sprache-1-300x239.jpg 300w\" data-sizes=\"(max-width: 456px) 100vw, 456px\" src=\"data:image\/svg+xml;base64,PHN2ZyB3aWR0aD0iMSIgaGVpZ2h0PSIxIiB4bWxucz0iaHR0cDovL3d3dy53My5vcmcvMjAwMC9zdmciPjwvc3ZnPg==\" \/><\/figure>\n<\/div>\n\n\n<p class=\"leichtesprache has-medium-font-size\" style=\"font-style:normal;font-weight:400\"><strong>Aufruf zum 13. Neustadt Art Festival<\/strong><br>2024 findet das Neustadt Art Festival zum 13. Mal statt.<br>Zum 13. Mal?<br>13 ist eigentlich eine Ungl\u00fccks-Zahl.<\/p>\n\n\n\n<p class=\"leichtesprache has-medium-font-size\">Aber <strong>nicht <\/strong>f\u00fcr uns.<br>Wir werden ein tolles Fest feiern.<br>Wir laden euch zum Neustadt Art Festival ein.<\/p>\n\n\n\n<p class=\"leichtesprache has-medium-font-size\">Das Neustadt Art Festival ist<br><strong>vom 27. September bis 29. September 2024.<\/strong><br>In der ganzen Dresdner Neustadt.<\/p>\n\n\n<div class=\"wp-block-image\">\n<figure class=\"alignright size-full is-resized\"><img decoding=\"async\" width=\"438\" height=\"360\" data-src=\"https:\/\/neustadt-art-festival.de\/wp-content\/uploads\/2024\/07\/Bild-leichte-Sprache-2.jpg\" alt=\"\" class=\"wp-image-9112 lazyload\" style=\"--smush-placeholder-width: 438px; --smush-placeholder-aspect-ratio: 438\/360;width:250px\" data-srcset=\"https:\/\/neustadt-art-festival.de\/wp-content\/uploads\/2024\/07\/Bild-leichte-Sprache-2.jpg 438w, https:\/\/neustadt-art-festival.de\/wp-content\/uploads\/2024\/07\/Bild-leichte-Sprache-2-300x247.jpg 300w\" data-sizes=\"(max-width: 438px) 100vw, 438px\" src=\"data:image\/svg+xml;base64,PHN2ZyB3aWR0aD0iMSIgaGVpZ2h0PSIxIiB4bWxucz0iaHR0cDovL3d3dy53My5vcmcvMjAwMC9zdmciPjwvc3ZnPg==\" \/><\/figure>\n<\/div>\n\n\n<p class=\"leichtesprache has-medium-font-size\">Art ist ein englisches Wort und hei\u00dft Kunst.<br>Deshalb bietet das Neustadt Art Festival:<\/p>\n\n\n\n<ul class=\"wp-block-list\">\n<li class=\"leichtesprache_list has-medium-font-size\">Musik<\/li>\n\n\n\n<li class=\"leichtesprache_list has-medium-font-size\">Kunst<\/li>\n\n\n\n<li class=\"leichtesprache_list has-medium-font-size\">Lustige Sachen und viel Spa\u00df<\/li>\n<\/ul>\n\n\n\n<p class=\"leichtesprache has-medium-font-size\">In der ganzen Neustadt von Dresden.<\/p>\n\n\n<div class=\"wp-block-image\">\n<figure class=\"alignright size-full is-resized\"><img decoding=\"async\" width=\"472\" height=\"305\" data-src=\"https:\/\/neustadt-art-festival.de\/wp-content\/uploads\/2024\/07\/Bild-leichte-Sprache-3.jpg\" alt=\"\" class=\"wp-image-9115 lazyload\" style=\"--smush-placeholder-width: 472px; --smush-placeholder-aspect-ratio: 472\/305;width:250px\" data-srcset=\"https:\/\/neustadt-art-festival.de\/wp-content\/uploads\/2024\/07\/Bild-leichte-Sprache-3.jpg 472w, https:\/\/neustadt-art-festival.de\/wp-content\/uploads\/2024\/07\/Bild-leichte-Sprache-3-300x194.jpg 300w\" data-sizes=\"(max-width: 472px) 100vw, 472px\" src=\"data:image\/svg+xml;base64,PHN2ZyB3aWR0aD0iMSIgaGVpZ2h0PSIxIiB4bWxucz0iaHR0cDovL3d3dy53My5vcmcvMjAwMC9zdmciPjwvc3ZnPg==\" \/><\/figure>\n<\/div>\n\n\n<p class=\"leichtesprache has-medium-font-size\"><strong>Das erwartet euch<\/strong><br>Lasst uns gemeinsam feiern.<br>Wir wollen gemeinsam malen.<br>Wir machen Musik.<br>Wir machen tolle Fotos.<br>Und wir machen gemeinsam Theater.<br>Es gibt Feuer-Shows und Kunst-St\u00fccke.<br>Es finden Lesungen statt.<br>Es gibt Gedichte.<br>Es gibt auch Arbeits-Gruppen zu verschiedenen Themen.<br>Wir wollen gemeinsam \u00fcber die Themen sprechen.<\/p>\n\n\n<div class=\"wp-block-image\">\n<figure class=\"alignright size-full is-resized\"><img decoding=\"async\" width=\"422\" height=\"317\" data-src=\"https:\/\/neustadt-art-festival.de\/wp-content\/uploads\/2024\/07\/Bild-leichte-Sprache-4.jpg\" alt=\"\" class=\"wp-image-9116 lazyload\" style=\"--smush-placeholder-width: 422px; --smush-placeholder-aspect-ratio: 422\/317;width:250px\" data-srcset=\"https:\/\/neustadt-art-festival.de\/wp-content\/uploads\/2024\/07\/Bild-leichte-Sprache-4.jpg 422w, https:\/\/neustadt-art-festival.de\/wp-content\/uploads\/2024\/07\/Bild-leichte-Sprache-4-300x225.jpg 300w\" data-sizes=\"(max-width: 422px) 100vw, 422px\" src=\"data:image\/svg+xml;base64,PHN2ZyB3aWR0aD0iMSIgaGVpZ2h0PSIxIiB4bWxucz0iaHR0cDovL3d3dy53My5vcmcvMjAwMC9zdmciPjwvc3ZnPg==\" \/><\/figure>\n<\/div>\n\n\n<p class=\"leichtesprache has-medium-font-size\"><strong>Ihr k\u00f6nnt mitmachen.<\/strong><br>Wir wollen eure Ideen.<br>Wir wollen jede verr\u00fcckte Idee von euch wissen.<br>Gemeinsam k\u00f6nnen wir dann an euren Ideen arbeiten.<br>Das Neustadt Art Festival bekommt Geld. Deshalb k\u00f6nnen wir eure Ausgaben bezahlen.<br>Zum Beispiel f\u00fcr Material.<br>Auf unserer Internet-Seite findet ihr mehr Informationen. Die Informationen sind vielleicht <strong>nicht <\/strong>in Leichter Sprache.<\/p>\n\n\n\n<p class=\"leichtesprache has-medium-font-size\"><strong>Wir brauchen Orte<\/strong><br>Das Neustadt Art Festival soll in der ganzen Neustadt von Dresden sein.<br>Dazu brauchen wir Orte.<br>Damit wir viele Sachen machen k\u00f6nnen.<br>Orte sind zum Beispiel:<\/p>\n\n\n\n<ul class=\"wp-block-list\">\n<li class=\"leichtesprache_list has-medium-font-size\">Wohn-Gemeinschaften<\/li>\n\n\n\n<li class=\"leichtesprache_list has-medium-font-size\">Dach-B\u00f6den<\/li>\n\n\n\n<li class=\"leichtesprache_list has-medium-font-size\">Garagen<\/li>\n\n\n\n<li class=\"leichtesprache_list has-medium-font-size\">Innen-H\u00f6fe<\/li>\n\n\n\n<li class=\"leichtesprache_list has-medium-font-size\">G\u00e4rten<\/li>\n\n\n\n<li class=\"leichtesprache_list has-medium-font-size\">Alte gro\u00dfe Hallen<\/li>\n<\/ul>\n\n\n<div class=\"wp-block-image\">\n<figure class=\"alignright size-full is-resized\"><img decoding=\"async\" width=\"489\" height=\"371\" data-src=\"https:\/\/neustadt-art-festival.de\/wp-content\/uploads\/2024\/07\/Bild-leichte-Sprache-5.jpg\" alt=\"\" class=\"wp-image-9117 lazyload\" style=\"--smush-placeholder-width: 489px; --smush-placeholder-aspect-ratio: 489\/371;width:250px\" data-srcset=\"https:\/\/neustadt-art-festival.de\/wp-content\/uploads\/2024\/07\/Bild-leichte-Sprache-5.jpg 489w, https:\/\/neustadt-art-festival.de\/wp-content\/uploads\/2024\/07\/Bild-leichte-Sprache-5-300x228.jpg 300w\" data-sizes=\"(max-width: 489px) 100vw, 489px\" src=\"data:image\/svg+xml;base64,PHN2ZyB3aWR0aD0iMSIgaGVpZ2h0PSIxIiB4bWxucz0iaHR0cDovL3d3dy53My5vcmcvMjAwMC9zdmciPjwvc3ZnPg==\" \/><\/figure>\n<\/div>\n\n\n<p class=\"leichtesprache has-medium-font-size\"><strong>Das k\u00f6nnt ihr tun<\/strong><br>Das Neustadt Art Festival bereiten wir zusammen vor.<br>Dazu treffen wir uns regelm\u00e4\u00dfig.<\/p>\n\n\n\n<p class=\"leichtesprache has-medium-font-size\"><strong>Wo?<\/strong><br>Rudolf-Leonhard-Stra\u00dfe 19<br>Dresden Neustadt<\/p>\n\n\n<div class=\"wp-block-image\">\n<figure class=\"alignright size-full is-resized\"><img decoding=\"async\" width=\"390\" height=\"463\" data-src=\"https:\/\/neustadt-art-festival.de\/wp-content\/uploads\/2024\/07\/Bild-leichte-Sprache-6.jpg\" alt=\"\" class=\"wp-image-9118 lazyload\" style=\"--smush-placeholder-width: 390px; --smush-placeholder-aspect-ratio: 390\/463;width:250px\" data-srcset=\"https:\/\/neustadt-art-festival.de\/wp-content\/uploads\/2024\/07\/Bild-leichte-Sprache-6.jpg 390w, https:\/\/neustadt-art-festival.de\/wp-content\/uploads\/2024\/07\/Bild-leichte-Sprache-6-253x300.jpg 253w\" data-sizes=\"(max-width: 390px) 100vw, 390px\" src=\"data:image\/svg+xml;base64,PHN2ZyB3aWR0aD0iMSIgaGVpZ2h0PSIxIiB4bWxucz0iaHR0cDovL3d3dy53My5vcmcvMjAwMC9zdmciPjwvc3ZnPg==\" \/><\/figure>\n<\/div>\n\n\n<p class=\"leichtesprache has-medium-font-size\"><strong>Wann?<\/strong><br>30.06. ab 16 Uhr<br>14.07. ab 16 Uhr<br>04.08. ab 16 Uhr<br>18.08. ab 16 Uhr<br>01.09. ab 16 Uhr<br>15.09. ab 16 Uhr<\/p>\n\n\n\n<p class=\"leichtesprache has-medium-font-size\">Wir freuen uns auf euch.<br>Euer Neustadt Art Festival- Team<\/p>\n","protected":false},"excerpt":{"rendered":"<p>Aufruf zum 13. Neustadt Art Festival2024 findet das Neustadt Art Festival zum 13. Mal statt.Zum 13. Mal?13 ist eigentlich eine Ungl\u00fccks-Zahl. Aber nicht f\u00fcr uns.Wir werden ein tolles Fest feiern.Wir laden euch zum Neustadt Art Festival ein. Das Neustadt Art Festival istvom 27. September bis 29. September 2024.In der ganzen Dresdner Neustadt. Art ist ein [&hellip;]<\/p>\n","protected":false},"author":4,"featured_media":0,"parent":0,"menu_order":0,"comment_status":"closed","ping_status":"closed","template":"","meta":{"footnotes":""},"class_list":["post-9110","page","type-page","status-publish","hentry"],"_links":{"self":[{"href":"https:\/\/neustadt-art-festival.de\/en\/wp-json\/wp\/v2\/pages\/9110","targetHints":{"allow":["GET"]}}],"collection":[{"href":"https:\/\/neustadt-art-festival.de\/en\/wp-json\/wp\/v2\/pages"}],"about":[{"href":"https:\/\/neustadt-art-festival.de\/en\/wp-json\/wp\/v2\/types\/page"}],"author":[{"embeddable":true,"href":"https:\/\/neustadt-art-festival.de\/en\/wp-json\/wp\/v2\/users\/4"}],"replies":[{"embeddable":true,"href":"https:\/\/neustadt-art-festival.de\/en\/wp-json\/wp\/v2\/comments?post=9110"}],"version-history":[{"count":38,"href":"https:\/\/neustadt-art-festival.de\/en\/wp-json\/wp\/v2\/pages\/9110\/revisions"}],"predecessor-version":[{"id":9328,"href":"https:\/\/neustadt-art-festival.de\/en\/wp-json\/wp\/v2\/pages\/9110\/revisions\/9328"}],"wp:attachment":[{"href":"https:\/\/neustadt-art-festival.de\/en\/wp-json\/wp\/v2\/media?parent=9110"}],"curies":[{"name":"wp","href":"https:\/\/api.w.org\/{rel}","templated":true}]}}