{"id":9165,"date":"2024-07-05T12:25:39","date_gmt":"2024-07-05T10:25:39","guid":{"rendered":"https:\/\/neustadt-art-festival.de\/?page_id=9165"},"modified":"2024-07-09T14:53:43","modified_gmt":"2024-07-09T12:53:43","slug":"leichtesprache-selbstverstandnis","status":"publish","type":"page","link":"https:\/\/neustadt-art-festival.de\/en\/leichtesprache-selbstverstandnis\/","title":{"rendered":"Leichte Sprache: Selbst-Verst\u00e4ndnis"},"content":{"rendered":"\n<div style=\"height:20px\" aria-hidden=\"true\" class=\"wp-block-spacer\"><\/div>\n\n\n<nav style=\"font-style:normal;font-weight:700;\" class=\"items-justified-left wp-block-navigation is-horizontal is-content-justification-left is-layout-flex wp-container-core-navigation-is-layout-7e5fce0a wp-block-navigation-is-layout-flex\" aria-label=\"Navigation 3\">\n<div class=\"wp-block-buttons has-custom-font-size has-small-font-size is-content-justification-left is-layout-flex wp-container-core-buttons-is-layout-fdcfc74e wp-block-buttons-is-layout-flex\">\n<div class=\"wp-block-button\"><a class=\"wp-block-button__link wp-element-button\" href=\"\/leichtesprache-aufruf\/\">AUFRUF<\/a><\/div>\n\n\n\n<div class=\"wp-block-button\"><a class=\"wp-block-button__link wp-element-button\" href=\"\/leichtesprache-selbstverstandnis\/\">SO SEHEN WIR UNS SELBST<\/a><\/div>\n\n\n\n<div class=\"wp-block-button\"><a class=\"wp-block-button__link wp-element-button\" href=\"\/leichtesprache-was\/\">WAS IST DAS NEUSTADT ART FESTIVAL?<\/a><\/div>\n\n\n\n<div class=\"wp-block-button\"><a class=\"wp-block-button__link wp-element-button\" href=\"\/leichtesprache-besucher\/\">F\u00dcR BESUCHER*INNEN<\/a><\/div>\n\n\n\n<div class=\"wp-block-button\"><a class=\"wp-block-button__link wp-element-button\" href=\"\/leichtesprache-kuenstler\/\">F\u00dcR K\u00dcNSTLER*INNEN<\/a><\/div>\n\n\n\n<div class=\"wp-block-button\"><a class=\"wp-block-button__link wp-element-button\" href=\"\/leichtesprache-orte\/\">F\u00dcR ORTE<\/a><\/div>\n<\/div>\n<\/nav>\n\n\n<div style=\"height:20px\" aria-hidden=\"true\" class=\"wp-block-spacer\"><\/div>\n\n\n\n<p class=\"leichtesprache has-medium-font-size\">Hinweis zum Text:<br>Wir verwenden das Gender-Sternchen.<br>Das sieht so aus: *<br>Das Gender-Sternchen ist f\u00fcr alle Personen. Also f\u00fcr M\u00e4nner und Frauen.<br>Und f\u00fcr Personen, die kein Mann aber auch keine Frau sind.<br>Mit dem Gender-Sternchen wollen wir alle Menschen ansprechen.<\/p>\n\n\n<div class=\"wp-block-image imgmobil\">\n<figure class=\"alignright size-large is-resized\"><img decoding=\"async\" width=\"1024\" height=\"871\" data-src=\"https:\/\/neustadt-art-festival.de\/wp-content\/uploads\/2024\/07\/checkliste-1024x871.png\" alt=\"\" class=\"wp-image-9172 lazyload\" style=\"--smush-placeholder-width: 1024px; --smush-placeholder-aspect-ratio: 1024\/871;width:250px\" data-srcset=\"https:\/\/neustadt-art-festival.de\/wp-content\/uploads\/2024\/07\/checkliste-1024x871.png 1024w, https:\/\/neustadt-art-festival.de\/wp-content\/uploads\/2024\/07\/checkliste-300x255.png 300w, https:\/\/neustadt-art-festival.de\/wp-content\/uploads\/2024\/07\/checkliste-768x653.png 768w, https:\/\/neustadt-art-festival.de\/wp-content\/uploads\/2024\/07\/checkliste-1536x1306.png 1536w, https:\/\/neustadt-art-festival.de\/wp-content\/uploads\/2024\/07\/checkliste.png 2028w\" data-sizes=\"(max-width: 1024px) 100vw, 1024px\" src=\"data:image\/svg+xml;base64,PHN2ZyB3aWR0aD0iMSIgaGVpZ2h0PSIxIiB4bWxucz0iaHR0cDovL3d3dy53My5vcmcvMjAwMC9zdmciPjwvc3ZnPg==\" \/><\/figure>\n<\/div>\n\n\n<p class=\"leichtesprache has-medium-font-size\"><strong>Selbst-Verst\u00e4ndnis<\/strong><br>Wir haben aufgeschrieben:<br><strong>So sehen wir uns selbst.<\/strong><br>Der Text hei\u00dft Selbst-Verst\u00e4ndnis.<br>Den Text haben wir zum ersten Neustadt Art Festival aufgeschrieben.<br>Das war im Jahr 2012.<br>Der Text ist bis heute der gleiche.<\/p>\n\n\n\n<p class=\"leichtesprache has-medium-font-size\"><strong>Das steht in unserem Selbst-Verst\u00e4ndnis<\/strong><br>Wir machen Kultur selbst.<br>Das macht Spa\u00df.<br>Und dann ist Kultur am besten.<br>Jeder soll eigene Ideen einbringen.<br>Alle Besucher*innen sollen mitmachen k\u00f6nnen.<br>Das ist besser als nur dabei zu sein.<\/p>\n\n\n<div class=\"wp-block-image imgmobil\">\n<figure class=\"alignright size-large is-resized\"><img decoding=\"async\" width=\"1024\" height=\"769\" data-src=\"https:\/\/neustadt-art-festival.de\/wp-content\/uploads\/2024\/07\/Landschaft-Berge-1886_download-1024x769.png\" alt=\"\" class=\"wp-image-9175 lazyload\" style=\"--smush-placeholder-width: 1024px; --smush-placeholder-aspect-ratio: 1024\/769;width:250px\" data-srcset=\"https:\/\/neustadt-art-festival.de\/wp-content\/uploads\/2024\/07\/Landschaft-Berge-1886_download-1024x769.png 1024w, https:\/\/neustadt-art-festival.de\/wp-content\/uploads\/2024\/07\/Landschaft-Berge-1886_download-300x225.png 300w, https:\/\/neustadt-art-festival.de\/wp-content\/uploads\/2024\/07\/Landschaft-Berge-1886_download-768x577.png 768w, https:\/\/neustadt-art-festival.de\/wp-content\/uploads\/2024\/07\/Landschaft-Berge-1886_download-1536x1153.png 1536w, https:\/\/neustadt-art-festival.de\/wp-content\/uploads\/2024\/07\/Landschaft-Berge-1886_download-2048x1538.png 2048w\" data-sizes=\"(max-width: 1024px) 100vw, 1024px\" src=\"data:image\/svg+xml;base64,PHN2ZyB3aWR0aD0iMSIgaGVpZ2h0PSIxIiB4bWxucz0iaHR0cDovL3d3dy53My5vcmcvMjAwMC9zdmciPjwvc3ZnPg==\" \/><\/figure>\n<\/div>\n\n\n<p class=\"leichtesprache has-medium-font-size\"><strong>Die Idee zum Neustadt Art Festival<\/strong><br>Das Neustadt Art Festival ist immer im Sp\u00e4t-Sommer.<br>Es ist ein Kultur-Festival.<br>Die Idee hatte eine Gruppe von Menschen.<br>Die Menschen sa\u00dfen auf einer Wiese.<br>Die Wiese ist am Fluss Prie\u00dfnitz.<\/p>\n\n\n\n<p class=\"leichtesprache has-medium-font-size\">Die Menschen haben \u00fcberlegt:<br>Vielleicht gibt es die Wiese nicht mehr lange f\u00fcr alle Menschen.<br>Vielleicht gibt es auch andere Orte bald nicht mehr f\u00fcr alle.<br>Wir m\u00fcssen die Wiese und die anderen Orte nutzen. Solange es noch geht.<br>Alle Menschen sollen sehen:<br>Diese Wiese geh\u00f6rt uns allen.<br>Auch die anderen Orte geh\u00f6ren uns allen.<br>Wir k\u00f6nnen sie nutzen.<br>Und zum Beispiel Kultur-Veranstaltungen darauf machen.<br>Die Gruppe hat \u00fcberlegt:<\/p>\n\n\n\n<p class=\"leichtesprache has-medium-font-size\">Was k\u00f6nnen wir machen?<br>So ist das Neustadt Art Festival entstanden.<\/p>\n\n\n<div class=\"wp-block-image imgmobil\">\n<figure class=\"alignright size-large is-resized\"><img decoding=\"async\" width=\"1024\" height=\"876\" data-src=\"https:\/\/neustadt-art-festival.de\/wp-content\/uploads\/2024\/07\/arbeitsgruppe-1024x876.png\" alt=\"\" class=\"wp-image-9176 lazyload\" style=\"--smush-placeholder-width: 1024px; --smush-placeholder-aspect-ratio: 1024\/876;width:250px\" data-srcset=\"https:\/\/neustadt-art-festival.de\/wp-content\/uploads\/2024\/07\/arbeitsgruppe-1024x876.png 1024w, https:\/\/neustadt-art-festival.de\/wp-content\/uploads\/2024\/07\/arbeitsgruppe-300x257.png 300w, https:\/\/neustadt-art-festival.de\/wp-content\/uploads\/2024\/07\/arbeitsgruppe-768x657.png 768w, https:\/\/neustadt-art-festival.de\/wp-content\/uploads\/2024\/07\/arbeitsgruppe-1536x1313.png 1536w, https:\/\/neustadt-art-festival.de\/wp-content\/uploads\/2024\/07\/arbeitsgruppe-2048x1751.png 2048w\" data-sizes=\"(max-width: 1024px) 100vw, 1024px\" src=\"data:image\/svg+xml;base64,PHN2ZyB3aWR0aD0iMSIgaGVpZ2h0PSIxIiB4bWxucz0iaHR0cDovL3d3dy53My5vcmcvMjAwMC9zdmciPjwvc3ZnPg==\" \/><\/figure>\n<\/div>\n\n\n<p class=\"leichtesprache has-medium-font-size\">Die Gruppe hat 3 Monate geplant.<br>Ende September 2012 fand dann das erste Neustadt Art Festival statt.<br>Es gab etwa 100 K\u00fcnstler*innen. Und mehr als 2000 Besucherinnen.<br>Das Neustadt Art Festival war an der Prie\u00dfnitz.<br>Es gab ein Programm mit vielen verschiedenen Angeboten.<br>Das Programm war eine Verbindung zwischen Natur und Kultur.<br>Das war sehr sch\u00f6n.<br>Deshalb wollten wir das Neustadt Art Festival jedes Jahr machen.<\/p>\n\n\n\n<p class=\"leichtesprache has-medium-font-size\">Beim ersten Neustadt Art Festival haben wir Grunds\u00e4tze \u00fcberlegt.<br>Grunds\u00e4tze sind feste Regeln.<br>An diese Regeln m\u00fcssen sich alle halten.<br>Die Grunds\u00e4tze sind wichtig f\u00fcr unsere Arbeit.<br>Und f\u00fcr unsere Veranstaltungen.<br>An den Grunds\u00e4tzen wollen wir festhalten.<\/p>\n\n\n\n<p class=\"leichtesprache has-medium-font-size\"><strong>Das sind unsere Grunds\u00e4tze<br>Wir sind gegen Hass<\/strong><\/p>\n\n\n<div class=\"wp-block-image imgmobil\">\n<figure class=\"alignright size-large is-resized\"><img decoding=\"async\" width=\"1024\" height=\"778\" data-src=\"https:\/\/neustadt-art-festival.de\/wp-content\/uploads\/2024\/07\/achtung-1024x778.png\" alt=\"\" class=\"wp-image-9198 lazyload\" style=\"--smush-placeholder-width: 1024px; --smush-placeholder-aspect-ratio: 1024\/778;width:250px\" data-srcset=\"https:\/\/neustadt-art-festival.de\/wp-content\/uploads\/2024\/07\/achtung-1024x778.png 1024w, https:\/\/neustadt-art-festival.de\/wp-content\/uploads\/2024\/07\/achtung-300x228.png 300w, https:\/\/neustadt-art-festival.de\/wp-content\/uploads\/2024\/07\/achtung-768x583.png 768w, https:\/\/neustadt-art-festival.de\/wp-content\/uploads\/2024\/07\/achtung-1536x1167.png 1536w, https:\/\/neustadt-art-festival.de\/wp-content\/uploads\/2024\/07\/achtung-2048x1556.png 2048w\" data-sizes=\"(max-width: 1024px) 100vw, 1024px\" src=\"data:image\/svg+xml;base64,PHN2ZyB3aWR0aD0iMSIgaGVpZ2h0PSIxIiB4bWxucz0iaHR0cDovL3d3dy53My5vcmcvMjAwMC9zdmciPjwvc3ZnPg==\" \/><\/figure>\n<\/div>\n\n\n<p class=\"leichtesprache has-medium-font-size\">Wir wollen viel verschiedene Kunst und Kultur.<br>Alle Menschen sollen sich einbringen.<br>Alle Menschen sollen sich wohlf\u00fchlen.<br>Deshalb lassen wir diese Dinge nicht zu:<\/p>\n\n\n\n<ul class=\"wp-block-list\">\n<li class=\"leichtesprache_list has-medium-font-size\">Rassismus\n<ul class=\"wp-block-list\">\n<li class=\"leichtesprache_list\">Das ist Hass gegen Menschen aus anderen L\u00e4ndern.<\/li>\n<\/ul>\n<\/li>\n\n\n\n<li class=\"leichtesprache_list has-medium-font-size\">Sexismus\n<ul class=\"wp-block-list\">\n<li class=\"leichtesprache_list\">Das ist, wenn M\u00e4nner schlecht \u00fcber Frauen reden. <\/li>\n\n\n\n<li class=\"leichtesprache_list\">Oder Frauen schlecht \u00fcber M\u00e4nner reden.<\/li>\n<\/ul>\n<\/li>\n\n\n\n<li class=\"leichtesprache_list has-medium-font-size\">Homophobie\n<ul class=\"wp-block-list\">\n<li class=\"leichtesprache_list\">Das ist Hass gegen M\u00e4nner, die M\u00e4nner lieben.<\/li>\n\n\n\n<li class=\"leichtesprache_list\">Und gegen Frauen, die Frauen lieben.<\/li>\n<\/ul>\n<\/li>\n\n\n\n<li class=\"leichtesprache_list has-medium-font-size\">Ableismus\n<ul class=\"wp-block-list\">\n<li class=\"leichtesprache_list\">Das ist Hass gegen Menschen mit Behinderungen.<\/li>\n<\/ul>\n<\/li>\n\n\n\n<li class=\"leichtesprache_list has-medium-font-size\">Transphobie\n<ul class=\"wp-block-list\">\n<li class=\"leichtesprache_list\">Das ist Abneigung gegen M\u00e4nner, die Frauen werden.<\/li>\n\n\n\n<li class=\"leichtesprache_list\">Und gegen Frauen, die M\u00e4nner werden.<\/li>\n<\/ul>\n<\/li>\n<\/ul>\n\n\n\n<p class=\"leichtesprache has-medium-font-size\">Wir lassen keine Form von Diskriminierung zu.<br>Wir lassen keine Symbole von politisch rechten Menschen zu.<br>Wir lassen auch keine Aussagen von politisch rechten Menschen zu.<br>Menschen, die diskriminieren d\u00fcrfen beim Neustadt Art Festival nicht mitmachen.<\/p>\n\n\n<div class=\"wp-block-image imgmobil\">\n<figure class=\"alignright size-large is-resized\"><img decoding=\"async\" width=\"1024\" height=\"828\" data-src=\"https:\/\/neustadt-art-festival.de\/wp-content\/uploads\/2024\/07\/geld_viel-1024x828.png\" alt=\"\" class=\"wp-image-9200 lazyload\" style=\"--smush-placeholder-width: 1024px; --smush-placeholder-aspect-ratio: 1024\/828;width:250px\" data-srcset=\"https:\/\/neustadt-art-festival.de\/wp-content\/uploads\/2024\/07\/geld_viel-1024x828.png 1024w, https:\/\/neustadt-art-festival.de\/wp-content\/uploads\/2024\/07\/geld_viel-300x243.png 300w, https:\/\/neustadt-art-festival.de\/wp-content\/uploads\/2024\/07\/geld_viel-768x621.png 768w, https:\/\/neustadt-art-festival.de\/wp-content\/uploads\/2024\/07\/geld_viel-1536x1242.png 1536w, https:\/\/neustadt-art-festival.de\/wp-content\/uploads\/2024\/07\/geld_viel.png 1957w\" data-sizes=\"(max-width: 1024px) 100vw, 1024px\" src=\"data:image\/svg+xml;base64,PHN2ZyB3aWR0aD0iMSIgaGVpZ2h0PSIxIiB4bWxucz0iaHR0cDovL3d3dy53My5vcmcvMjAwMC9zdmciPjwvc3ZnPg==\" \/><\/figure>\n<\/div>\n\n\n<p class=\"leichtesprache has-medium-font-size\"><strong>Wir machen keinen Gewinn<\/strong><br>Beim Neustadt Art Festival verdienen wir <strong>kein <\/strong>Geld.<br>Wir brauchen aber F\u00f6rderung.<br>Mit F\u00f6rderung kann jeder ein Projekt machen. Auch Menschen mit wenig Geld.<br>Menschen mit wenig Geld k\u00f6nnen das Festival besuchen.<br>Und alle Menschen k\u00f6nnen mitmachen.<br>Jeder kann sich einbringen.<br>Dazu brauchen wir die F\u00f6rderung.<br>Dann kann es viele verschiedene Angebote geben.<br>Das Neustadt Art Festival lebt von den verschiedenen Angeboten.<br>Wir wollen Menschen verbinden.<br>Jeder soll seine Kunst zeigen k\u00f6nnen.<br>Unser Viertel gestalten viele unterschiedliche Menschen.<br>Das ist uns wichtig.<br>Das wollen wir f\u00f6rdern.<\/p>\n\n\n\n<p class=\"leichtesprache has-medium-font-size\">Wir bekommen Spenden.<br>Manchmal bleibt Geld \u00fcbrig.<br>Das machen wir damit:<br>Wir nutzen das Geld f\u00fcr weitere Neustadt Art Festivals. Damit die K\u00fcnstler ihre Arbeit weiter machen k\u00f6nnen.<\/p>\n\n\n<div class=\"wp-block-image imgmobil\">\n<figure class=\"alignright size-large is-resized\"><img decoding=\"async\" width=\"1024\" height=\"803\" data-src=\"https:\/\/neustadt-art-festival.de\/wp-content\/uploads\/2024\/07\/Einweg-Plastik-unnoetiger-Muell-1024x803.png\" alt=\"\" class=\"wp-image-9202 lazyload\" style=\"--smush-placeholder-width: 1024px; --smush-placeholder-aspect-ratio: 1024\/803;width:250px\" data-srcset=\"https:\/\/neustadt-art-festival.de\/wp-content\/uploads\/2024\/07\/Einweg-Plastik-unnoetiger-Muell-1024x803.png 1024w, https:\/\/neustadt-art-festival.de\/wp-content\/uploads\/2024\/07\/Einweg-Plastik-unnoetiger-Muell-300x235.png 300w, https:\/\/neustadt-art-festival.de\/wp-content\/uploads\/2024\/07\/Einweg-Plastik-unnoetiger-Muell-768x602.png 768w, https:\/\/neustadt-art-festival.de\/wp-content\/uploads\/2024\/07\/Einweg-Plastik-unnoetiger-Muell-1536x1204.png 1536w, https:\/\/neustadt-art-festival.de\/wp-content\/uploads\/2024\/07\/Einweg-Plastik-unnoetiger-Muell-2048x1606.png 2048w\" data-sizes=\"(max-width: 1024px) 100vw, 1024px\" src=\"data:image\/svg+xml;base64,PHN2ZyB3aWR0aD0iMSIgaGVpZ2h0PSIxIiB4bWxucz0iaHR0cDovL3d3dy53My5vcmcvMjAwMC9zdmciPjwvc3ZnPg==\" \/><\/figure>\n<\/div>\n\n\n<p class=\"leichtesprache has-medium-font-size\"><strong>Nachhaltigkeit<\/strong><br>Wir nutzen \u00f6kologische Produkte.<br>\u00d6kologische Produkte sind gut f\u00fcr die Umwelt.<br>Wir wollen M\u00fcll vermeiden.<br>Deshalb gibt es keine Bratwurst-St\u00e4nde.<br>Oder viele andere St\u00e4nde mit Essen und Getr\u00e4nken.<br>Es gibt aber ein paar \u00f6kologische Produkte.<br>Uns ist die Kunst wichtiger.<\/p>\n\n\n<div class=\"wp-block-image imgmobil\">\n<figure class=\"alignright size-large is-resized\"><img decoding=\"async\" width=\"1024\" height=\"876\" data-src=\"https:\/\/neustadt-art-festival.de\/wp-content\/uploads\/2024\/07\/arbeitsgruppe-1024x876.png\" alt=\"\" class=\"wp-image-9176 lazyload\" style=\"--smush-placeholder-width: 1024px; --smush-placeholder-aspect-ratio: 1024\/876;width:250px\" data-srcset=\"https:\/\/neustadt-art-festival.de\/wp-content\/uploads\/2024\/07\/arbeitsgruppe-1024x876.png 1024w, https:\/\/neustadt-art-festival.de\/wp-content\/uploads\/2024\/07\/arbeitsgruppe-300x257.png 300w, https:\/\/neustadt-art-festival.de\/wp-content\/uploads\/2024\/07\/arbeitsgruppe-768x657.png 768w, https:\/\/neustadt-art-festival.de\/wp-content\/uploads\/2024\/07\/arbeitsgruppe-1536x1313.png 1536w, https:\/\/neustadt-art-festival.de\/wp-content\/uploads\/2024\/07\/arbeitsgruppe-2048x1751.png 2048w\" data-sizes=\"(max-width: 1024px) 100vw, 1024px\" src=\"data:image\/svg+xml;base64,PHN2ZyB3aWR0aD0iMSIgaGVpZ2h0PSIxIiB4bWxucz0iaHR0cDovL3d3dy53My5vcmcvMjAwMC9zdmciPjwvc3ZnPg==\" \/><\/figure>\n<\/div>\n\n\n<p class=\"leichtesprache has-medium-font-size\">Es gibt viele politische Gespr\u00e4che auf dem Neustadt Art Festival.<br>Und es gibt Arbeits-Gruppen.<br>Wir wollen neue Kontakte aufbauen.<br>Es sollen neue Projekte entstehen.<br>Die Projekte sollen das ganze Jahr stattfinden.<br>Wir wollen, dass sich Vereine kennenlernen.<br>Die Vereine k\u00f6nnen zusammenarbeiten.<br>Deshalb ist uns der Austausch wichtig.<\/p>\n\n\n\n<p class=\"has-medium-font-size\"><strong>Wir arbeiten alle zusammen<\/strong><\/p>\n\n\n<div class=\"wp-block-image imgmobil\">\n<figure class=\"alignright size-large is-resized\"><img decoding=\"async\" width=\"1010\" height=\"1024\" data-src=\"https:\/\/neustadt-art-festival.de\/wp-content\/uploads\/2024\/07\/netzwerk-1010x1024.png\" alt=\"\" class=\"wp-image-9203 lazyload\" style=\"--smush-placeholder-width: 1010px; --smush-placeholder-aspect-ratio: 1010\/1024;width:250px\" data-srcset=\"https:\/\/neustadt-art-festival.de\/wp-content\/uploads\/2024\/07\/netzwerk-1010x1024.png 1010w, https:\/\/neustadt-art-festival.de\/wp-content\/uploads\/2024\/07\/netzwerk-296x300.png 296w, https:\/\/neustadt-art-festival.de\/wp-content\/uploads\/2024\/07\/netzwerk-768x778.png 768w, https:\/\/neustadt-art-festival.de\/wp-content\/uploads\/2024\/07\/netzwerk-1516x1536.png 1516w, https:\/\/neustadt-art-festival.de\/wp-content\/uploads\/2024\/07\/netzwerk-2021x2048.png 2021w\" data-sizes=\"(max-width: 1010px) 100vw, 1010px\" src=\"data:image\/svg+xml;base64,PHN2ZyB3aWR0aD0iMSIgaGVpZ2h0PSIxIiB4bWxucz0iaHR0cDovL3d3dy53My5vcmcvMjAwMC9zdmciPjwvc3ZnPg==\" \/><\/figure>\n<\/div>\n\n\n<p class=\"leichtesprache has-medium-font-size\">Wir sind ein Netzwerk.<br>Das Netzwerk besteht aus verschiedenen Vereinen und Projekten.<br>Die Vereine und Projekte gestalten das Neustadt Art Festival gemeinsam.<br>Jeder Verein bringt sich ein.<br>So gibt es viele verschiedene Ideen.<br>So wird das Festival bunt und abwechslungsreich.<\/p>\n\n\n\n<p class=\"leichtesprache has-medium-font-size\">Wir wollen verschiedene Sachen zeigen.<br>Es gibt viel Kunst und Kultur.<br>Menschen lernen sich kennen.<br>Und die Menschen lernen Kunst und Kultur kennen.<br>Projekte entstehen gemeinsam.<br>Die Menschen gestalten die Projekte zusammen.<\/p>\n\n\n<div class=\"wp-block-image imgmobil\">\n<figure class=\"alignright size-large is-resized\"><img decoding=\"async\" width=\"1024\" height=\"837\" data-src=\"https:\/\/neustadt-art-festival.de\/wp-content\/uploads\/2024\/07\/stadt-1024x837.png\" alt=\"\" class=\"wp-image-9204 lazyload\" style=\"--smush-placeholder-width: 1024px; --smush-placeholder-aspect-ratio: 1024\/837;width:250px\" data-srcset=\"https:\/\/neustadt-art-festival.de\/wp-content\/uploads\/2024\/07\/stadt-1024x837.png 1024w, https:\/\/neustadt-art-festival.de\/wp-content\/uploads\/2024\/07\/stadt-300x245.png 300w, https:\/\/neustadt-art-festival.de\/wp-content\/uploads\/2024\/07\/stadt-768x628.png 768w, https:\/\/neustadt-art-festival.de\/wp-content\/uploads\/2024\/07\/stadt-1536x1256.png 1536w, https:\/\/neustadt-art-festival.de\/wp-content\/uploads\/2024\/07\/stadt-2048x1675.png 2048w\" data-sizes=\"(max-width: 1024px) 100vw, 1024px\" src=\"data:image\/svg+xml;base64,PHN2ZyB3aWR0aD0iMSIgaGVpZ2h0PSIxIiB4bWxucz0iaHR0cDovL3d3dy53My5vcmcvMjAwMC9zdmciPjwvc3ZnPg==\" \/><\/figure>\n<\/div>\n\n\n<p class=\"leichtesprache has-medium-font-size\">Das Neustadt Art Festival zeigt Freir\u00e4ume in der Stadt.<br>Freir\u00e4ume sind f\u00fcr jeden da.<br>Wir nutzen die Freir\u00e4ume.<br>Vielleicht bleiben die Freir\u00e4ume so bestehen.<br>Es sind gute Orte f\u00fcr die Gemeinschaft.<\/p>\n\n\n\n<p class=\"leichtesprache has-medium-font-size\">Wir wollen gemeinsam ein Wochenende gestalten.<br>Ein Wochenende voller Kunst und Kultur.<br>Das k\u00f6nnen die Menschen machen:<\/p>\n\n\n\n<ul class=\"wp-block-list\">\n<li class=\"leichtesprache_list has-medium-font-size\">sich ausruhen<\/li>\n\n\n\n<li class=\"leichtesprache_list has-medium-font-size\">tanzen<\/li>\n\n\n\n<li class=\"leichtesprache_list has-medium-font-size\">staunen<\/li>\n\n\n\n<li class=\"leichtesprache_list has-medium-font-size\">mitgestalten<\/li>\n\n\n\n<li class=\"leichtesprache_list has-medium-font-size\">reden<\/li>\n\n\n\n<li class=\"leichtesprache_list has-medium-font-size\">demonstrieren<\/li>\n<\/ul>\n\n\n\n<p class=\"leichtesprache has-medium-font-size\">Die Orte in der Neustadt von Dresden sind wichtig. <br>Das wollen wir zeigen.<br>Damit alle gut leben k\u00f6nnen.<br>Und jeder Mensch verschiedene Ideen ausprobieren kann. <br>Damit wir unser Leben gut gestalten k\u00f6nnen.<\/p>\n","protected":false},"excerpt":{"rendered":"<p>Hinweis zum Text:Wir verwenden das Gender-Sternchen.Das sieht so aus: *Das Gender-Sternchen ist f\u00fcr alle Personen. Also f\u00fcr M\u00e4nner und Frauen.Und f\u00fcr Personen, die kein Mann aber auch keine Frau sind.Mit dem Gender-Sternchen wollen wir alle Menschen ansprechen. Selbst-Verst\u00e4ndnisWir haben aufgeschrieben:So sehen wir uns selbst.Der Text hei\u00dft Selbst-Verst\u00e4ndnis.Den Text haben wir zum ersten Neustadt Art Festival [&hellip;]<\/p>\n","protected":false},"author":4,"featured_media":0,"parent":0,"menu_order":0,"comment_status":"closed","ping_status":"closed","template":"","meta":{"footnotes":""},"class_list":["post-9165","page","type-page","status-publish","hentry"],"_links":{"self":[{"href":"https:\/\/neustadt-art-festival.de\/en\/wp-json\/wp\/v2\/pages\/9165","targetHints":{"allow":["GET"]}}],"collection":[{"href":"https:\/\/neustadt-art-festival.de\/en\/wp-json\/wp\/v2\/pages"}],"about":[{"href":"https:\/\/neustadt-art-festival.de\/en\/wp-json\/wp\/v2\/types\/page"}],"author":[{"embeddable":true,"href":"https:\/\/neustadt-art-festival.de\/en\/wp-json\/wp\/v2\/users\/4"}],"replies":[{"embeddable":true,"href":"https:\/\/neustadt-art-festival.de\/en\/wp-json\/wp\/v2\/comments?post=9165"}],"version-history":[{"count":16,"href":"https:\/\/neustadt-art-festival.de\/en\/wp-json\/wp\/v2\/pages\/9165\/revisions"}],"predecessor-version":[{"id":9282,"href":"https:\/\/neustadt-art-festival.de\/en\/wp-json\/wp\/v2\/pages\/9165\/revisions\/9282"}],"wp:attachment":[{"href":"https:\/\/neustadt-art-festival.de\/en\/wp-json\/wp\/v2\/media?parent=9165"}],"curies":[{"name":"wp","href":"https:\/\/api.w.org\/{rel}","templated":true}]}}