{"id":9210,"date":"2024-07-05T13:06:56","date_gmt":"2024-07-05T11:06:56","guid":{"rendered":"https:\/\/neustadt-art-festival.de\/?page_id=9210"},"modified":"2024-07-11T12:00:34","modified_gmt":"2024-07-11T10:00:34","slug":"leichtesprache-was","status":"publish","type":"page","link":"https:\/\/neustadt-art-festival.de\/en\/leichtesprache-was\/","title":{"rendered":"Leichte Sprache: Was ist das Neustadt Art Festival?"},"content":{"rendered":"\n<div style=\"height:20px\" aria-hidden=\"true\" class=\"wp-block-spacer\"><\/div>\n\n\n<nav style=\"font-style:normal;font-weight:700;\" class=\"items-justified-center wp-block-navigation is-horizontal is-content-justification-center is-layout-flex wp-container-core-navigation-is-layout-499968f5 wp-block-navigation-is-layout-flex\" aria-label=\"Navigation 3\">\n<div class=\"wp-block-buttons has-custom-font-size has-small-font-size is-content-justification-left is-layout-flex wp-container-core-buttons-is-layout-fdcfc74e wp-block-buttons-is-layout-flex\">\n<div class=\"wp-block-button\"><a class=\"wp-block-button__link wp-element-button\" href=\"\/leichtesprache-aufruf\/\">AUFRUF<\/a><\/div>\n\n\n\n<div class=\"wp-block-button\"><a class=\"wp-block-button__link wp-element-button\" href=\"\/leichtesprache-selbstverstandnis\/\">SO SEHEN WIR UNS SELBST<\/a><\/div>\n\n\n\n<div class=\"wp-block-button\"><a class=\"wp-block-button__link wp-element-button\" href=\"\/leichtesprache-was\/\">WAS IST DAS NEUSTADT ART FESTIVAL?<\/a><\/div>\n\n\n\n<div class=\"wp-block-button\"><a class=\"wp-block-button__link wp-element-button\" href=\"\/leichtesprache-besucher\/\">F\u00dcR BESUCHER*INNEN<\/a><\/div>\n\n\n\n<div class=\"wp-block-button\"><a class=\"wp-block-button__link wp-element-button\" href=\"\/leichtesprache-kuenstler\/\">F\u00dcR K\u00dcNSTLER*INNEN<\/a><\/div>\n\n\n\n<div class=\"wp-block-button\"><a class=\"wp-block-button__link wp-element-button\" href=\"\/leichtesprache-orte\/\">F\u00dcR ORTE<\/a><\/div>\n<\/div>\n<\/nav>\n\n\n<div style=\"height:20px\" aria-hidden=\"true\" class=\"wp-block-spacer\"><\/div>\n\n\n\n<p class=\"leichtesprache has-medium-font-size\">Hinweis zu den Texten:<br>Wir verwenden das Gender-Sternchen.<br>Das sieht so aus: *<br>Das Gender-Sternchen ist f\u00fcr alle Personen.<br>Also f\u00fcr M\u00e4nner und Frauen.<br>Und f\u00fcr Personen, die kein Mann aber auch keine Frau sind.<br>Mit dem Gender-Sternchen wollen wir alle Menschen ansprechen.<\/p>\n\n\n\n<p class=\"leichtesprache has-medium-font-size\"><strong>Was ist das Neustadt Art Festival?<\/strong><br>Das Neustadt Art Festival ist ein Kunst- und Kultur-Festival.<br>Das Neustadt Art Festival wurde 2012 gegr\u00fcndet.<br>Das Festival wurde an der Prie\u00dfnitz gegr\u00fcndet.<br>Mit dem Neustadt Art Festival verdient niemand Geld.<br>Die Menschen sollen viele Orte in der Neustadt von Dresden entdecken.<br>An den Orten gibt es Kunst und Kultur.<br>Die Menschen aus der Neustadt machen die Kunst.<br>Zum Beispiel:<\/p>\n\n\n<div class=\"wp-block-image imgmobil\">\n<figure class=\"alignright size-large is-resized\"><img decoding=\"async\" width=\"1024\" height=\"656\" data-src=\"https:\/\/neustadt-art-festival.de\/wp-content\/uploads\/2024\/07\/chor-1024x656.png\" alt=\"\" class=\"wp-image-9211 lazyload\" style=\"--smush-placeholder-width: 1024px; --smush-placeholder-aspect-ratio: 1024\/656;width:250px\" data-srcset=\"https:\/\/neustadt-art-festival.de\/wp-content\/uploads\/2024\/07\/chor-1024x656.png 1024w, https:\/\/neustadt-art-festival.de\/wp-content\/uploads\/2024\/07\/chor-300x192.png 300w, https:\/\/neustadt-art-festival.de\/wp-content\/uploads\/2024\/07\/chor-768x492.png 768w, https:\/\/neustadt-art-festival.de\/wp-content\/uploads\/2024\/07\/chor-1536x984.png 1536w, https:\/\/neustadt-art-festival.de\/wp-content\/uploads\/2024\/07\/chor-2048x1312.png 2048w\" data-sizes=\"(max-width: 1024px) 100vw, 1024px\" src=\"data:image\/svg+xml;base64,PHN2ZyB3aWR0aD0iMSIgaGVpZ2h0PSIxIiB4bWxucz0iaHR0cDovL3d3dy53My5vcmcvMjAwMC9zdmciPjwvc3ZnPg==\" \/><\/figure>\n<\/div>\n\n\n<ul class=\"wp-block-list\">\n<li class=\"leichtesprache_list has-medium-font-size\">Musik machen<\/li>\n\n\n\n<li class=\"leichtesprache_list has-medium-font-size\">Tanzen<\/li>\n\n\n\n<li class=\"leichtesprache_list has-medium-font-size\">Ausstellungen<\/li>\n\n\n\n<li class=\"leichtesprache_list has-medium-font-size\">Arbeits-Gruppen<\/li>\n<\/ul>\n\n\n\n<p class=\"leichtesprache has-medium-font-size\">Besucher*innen k\u00f6nnen mitmachen.<\/p>\n\n\n\n<p class=\"leichtesprache has-medium-font-size\">Die K\u00fcnstler*innen sind sehr unterschiedlich. <br>Die Kunst ist sehr unterschiedlich. <br>Manche K\u00fcnstler*innen machen schon sehr lange Kunst.<br>Manche K\u00fcnstler*innen fangen gerade erst an.<br>Dadurch gibt es viele verschiedene Angebote.<br>F\u00fcr alle Menschen ist etwas dabei.<\/p>\n","protected":false},"excerpt":{"rendered":"<p>Hinweis zu den Texten:Wir verwenden das Gender-Sternchen.Das sieht so aus: *Das Gender-Sternchen ist f\u00fcr alle Personen.Also f\u00fcr M\u00e4nner und Frauen.Und f\u00fcr Personen, die kein Mann aber auch keine Frau sind.Mit dem Gender-Sternchen wollen wir alle Menschen ansprechen. Was ist das Neustadt Art Festival?Das Neustadt Art Festival ist ein Kunst- und Kultur-Festival.Das Neustadt Art Festival wurde [&hellip;]<\/p>\n","protected":false},"author":4,"featured_media":0,"parent":0,"menu_order":0,"comment_status":"closed","ping_status":"closed","template":"","meta":{"footnotes":""},"class_list":["post-9210","page","type-page","status-publish","hentry"],"_links":{"self":[{"href":"https:\/\/neustadt-art-festival.de\/en\/wp-json\/wp\/v2\/pages\/9210","targetHints":{"allow":["GET"]}}],"collection":[{"href":"https:\/\/neustadt-art-festival.de\/en\/wp-json\/wp\/v2\/pages"}],"about":[{"href":"https:\/\/neustadt-art-festival.de\/en\/wp-json\/wp\/v2\/types\/page"}],"author":[{"embeddable":true,"href":"https:\/\/neustadt-art-festival.de\/en\/wp-json\/wp\/v2\/users\/4"}],"replies":[{"embeddable":true,"href":"https:\/\/neustadt-art-festival.de\/en\/wp-json\/wp\/v2\/comments?post=9210"}],"version-history":[{"count":15,"href":"https:\/\/neustadt-art-festival.de\/en\/wp-json\/wp\/v2\/pages\/9210\/revisions"}],"predecessor-version":[{"id":9322,"href":"https:\/\/neustadt-art-festival.de\/en\/wp-json\/wp\/v2\/pages\/9210\/revisions\/9322"}],"wp:attachment":[{"href":"https:\/\/neustadt-art-festival.de\/en\/wp-json\/wp\/v2\/media?parent=9210"}],"curies":[{"name":"wp","href":"https:\/\/api.w.org\/{rel}","templated":true}]}}