{"id":9250,"date":"2024-07-05T14:22:59","date_gmt":"2024-07-05T12:22:59","guid":{"rendered":"https:\/\/neustadt-art-festival.de\/?page_id=9250"},"modified":"2024-07-11T12:01:48","modified_gmt":"2024-07-11T10:01:48","slug":"leichtesprache-besucher","status":"publish","type":"page","link":"https:\/\/neustadt-art-festival.de\/en\/leichtesprache-besucher\/","title":{"rendered":"Leichte Sprache: Meist gestellte Fragen f\u00fcr Besucher*innen"},"content":{"rendered":"\n<div style=\"height:20px\" aria-hidden=\"true\" class=\"wp-block-spacer\"><\/div>\n\n\n<nav style=\"font-style:normal;font-weight:700;\" class=\"has-small-font-size items-justified-center wp-block-navigation is-horizontal is-content-justification-center is-layout-flex wp-container-core-navigation-is-layout-499968f5 wp-block-navigation-is-layout-flex\" aria-label=\"Navigation 3\">\n<div class=\"wp-block-buttons has-custom-font-size has-small-font-size is-content-justification-left is-layout-flex wp-container-core-buttons-is-layout-fdcfc74e wp-block-buttons-is-layout-flex\">\n<div class=\"wp-block-button\"><a class=\"wp-block-button__link wp-element-button\" href=\"\/leichtesprache-aufruf\/\">AUFRUF<\/a><\/div>\n\n\n\n<div class=\"wp-block-button\"><a class=\"wp-block-button__link wp-element-button\" href=\"\/leichtesprache-selbstverstandnis\/\">SO SEHEN WIR UNS SELBST<\/a><\/div>\n\n\n\n<div class=\"wp-block-button\"><a class=\"wp-block-button__link wp-element-button\" href=\"\/leichtesprache-was\/\">WAS IST DAS NEUSTADT ART FESTIVAL?<\/a><\/div>\n\n\n\n<div class=\"wp-block-button\"><a class=\"wp-block-button__link wp-element-button\" href=\"\/leichtesprache-besucher\/\">F\u00dcR BESUCHER*INNEN<\/a><\/div>\n\n\n\n<div class=\"wp-block-button\"><a class=\"wp-block-button__link wp-element-button\" href=\"\/leichtesprache-kuenstler\/\">F\u00dcR K\u00dcNSTLER*INNEN<\/a><\/div>\n\n\n\n<div class=\"wp-block-button\"><a class=\"wp-block-button__link wp-element-button\" href=\"\/leichtesprache-orte\/\">F\u00dcR ORTE<\/a><\/div>\n<\/div>\n<\/nav>\n\n\n<div style=\"height:20px\" aria-hidden=\"true\" class=\"wp-block-spacer\"><\/div>\n\n\n\n<p class=\"leichtesprache has-medium-font-size\">Hinweis zu den Texten:<br>Wir verwenden das Gender-Sternchen.<br>Das sieht so aus: *<br>Das Gender-Sternchen ist f\u00fcr alle Personen.<br>Also f\u00fcr M\u00e4nner und Frauen.<br>Und f\u00fcr Personen, die kein Mann aber auch keine Frau sind.<br>Mit dem Gender-Sternchen wollen wir alle Menschen ansprechen.<\/p>\n\n\n<div class=\"wp-block-image imgmobil\">\n<figure class=\"alignright size-full is-resized\"><img decoding=\"async\" width=\"390\" height=\"463\" data-src=\"https:\/\/neustadt-art-festival.de\/wp-content\/uploads\/2024\/07\/Bild-leichte-Sprache-6.jpg\" alt=\"\" class=\"wp-image-9118 lazyload\" style=\"--smush-placeholder-width: 390px; --smush-placeholder-aspect-ratio: 390\/463;width:250px\" data-srcset=\"https:\/\/neustadt-art-festival.de\/wp-content\/uploads\/2024\/07\/Bild-leichte-Sprache-6.jpg 390w, https:\/\/neustadt-art-festival.de\/wp-content\/uploads\/2024\/07\/Bild-leichte-Sprache-6-253x300.jpg 253w\" data-sizes=\"(max-width: 390px) 100vw, 390px\" src=\"data:image\/svg+xml;base64,PHN2ZyB3aWR0aD0iMSIgaGVpZ2h0PSIxIiB4bWxucz0iaHR0cDovL3d3dy53My5vcmcvMjAwMC9zdmciPjwvc3ZnPg==\" \/><\/figure>\n<\/div>\n\n\n<p class=\"leichtesprache has-medium-font-size\"><strong>Wann ist das Neustadt Art Festival?<\/strong><br>Das Neustadt Art Festival ist einmal im Jahr.<br>Es ist immer am letzten September-Wochenende. <br>In diesem Jahr ist es <strong>vom 27. bis 29. September.<\/strong><\/p>\n\n\n\n<p class=\"leichtesprache has-medium-font-size\"><strong>Wie viel kostet der Eintritt?<\/strong><br>Der Eintritt kostet kein Geld.<br>Alle Menschen sollen Kunst und Kultur erleben k\u00f6nnen. <br>Auch Menschen mit wenig Geld.<\/p>\n\n\n\n<p class=\"leichtesprache has-medium-font-size\">Die K\u00fcnstler*innnen freuen sich aber \u00fcber eine Spende.<br>Die Spende geht direkt an die K\u00fcnstlerinnen.<\/p>\n\n\n\n<p class=\"leichtesprache has-medium-font-size\">Die Orte mit Veranstaltungen k\u00f6nnen auch Spenden bekommen.<br>Spendet direkt an dem Veranstaltungs-Ort. <br>Dann bekommt der Veranstaltungs-Ort das ganze Geld.<\/p>\n\n\n<div class=\"wp-block-image imgmobil\">\n<figure class=\"alignright size-large is-resized\"><img decoding=\"async\" width=\"1024\" height=\"916\" data-src=\"https:\/\/neustadt-art-festival.de\/wp-content\/uploads\/2024\/07\/geld-bezahlen-1024x916.png\" alt=\"\" class=\"wp-image-9213 lazyload\" style=\"--smush-placeholder-width: 1024px; --smush-placeholder-aspect-ratio: 1024\/916;width:250px\" data-srcset=\"https:\/\/neustadt-art-festival.de\/wp-content\/uploads\/2024\/07\/geld-bezahlen-1024x916.png 1024w, https:\/\/neustadt-art-festival.de\/wp-content\/uploads\/2024\/07\/geld-bezahlen-300x268.png 300w, https:\/\/neustadt-art-festival.de\/wp-content\/uploads\/2024\/07\/geld-bezahlen-768x687.png 768w, https:\/\/neustadt-art-festival.de\/wp-content\/uploads\/2024\/07\/geld-bezahlen-1536x1375.png 1536w, https:\/\/neustadt-art-festival.de\/wp-content\/uploads\/2024\/07\/geld-bezahlen.png 1999w\" data-sizes=\"(max-width: 1024px) 100vw, 1024px\" src=\"data:image\/svg+xml;base64,PHN2ZyB3aWR0aD0iMSIgaGVpZ2h0PSIxIiB4bWxucz0iaHR0cDovL3d3dy53My5vcmcvMjAwMC9zdmciPjwvc3ZnPg==\" \/><\/figure>\n<\/div>\n\n\n<p class=\"leichtesprache has-medium-font-size\"><strong>Ich m\u00f6chte euch etwas spenden. Wie geht das?<\/strong><br>Wir freuen uns sehr \u00fcber eine Spende.<br>Mit einer Spende k\u00f6nnen wir das Festival bezahlen.<br>Und wir k\u00f6nnen die Vorbereitung f\u00fcr das Festival bezahlen.<br>Es gibt auch andere Projekte, f\u00fcr die wir Spenden brauchen.<\/p>\n\n\n\n<p class=\"leichtesprache has-medium-font-size\">So kannst du f\u00fcr das Neustadt Art Festival spenden:<\/p>\n\n\n\n<p class=\"leichtesprache has-medium-font-size\">Mit einer \u00dcberweisung<br>Empf\u00e4nger: Neustadt Art Kollektiv e.V.<br>IBAN: DE69 4306 0967 1070 7042 00<br>BIC: GENODEM1GLS<br>Bank: GLS Bank<br>Verwendungs-Zweck: Neustadt Art Festival<\/p>\n\n\n\n<p class=\"leichtesprache has-medium-font-size\">Du kannst auch mit PayPal spenden.<br>Du kannst eine Spenden-Bescheinigung bekommen.<\/p>\n\n\n\n<p class=\"leichtesprache has-medium-font-size\"><strong>Wo finde ich euer Programm?<\/strong><br>Das Programm gibt es kurz vor dem Festival.<br>Du findest auch alle Veranstaltungen auf unserer <a href=\"\/program\/\"><strong>Internet-Seite<\/strong><\/a>.<br>Die Veranstaltungen findest du auch in unserer <a href=\"\/app\/\"><strong>App<\/strong><\/a>.<br>Es gibt auch gedruckte Programm-Hefte.<br>Die Programm-Hefte liegen an vielen Orten aus.<\/p>\n\n\n<div class=\"wp-block-image imgmobil\">\n<figure class=\"alignright size-large is-resized\"><img decoding=\"async\" width=\"1024\" height=\"954\" data-src=\"https:\/\/neustadt-art-festival.de\/wp-content\/uploads\/2024\/07\/rampe-1-1024x954.png\" alt=\"\" class=\"wp-image-9212 lazyload\" style=\"--smush-placeholder-width: 1024px; --smush-placeholder-aspect-ratio: 1024\/954;width:250px\" data-srcset=\"https:\/\/neustadt-art-festival.de\/wp-content\/uploads\/2024\/07\/rampe-1-1024x954.png 1024w, https:\/\/neustadt-art-festival.de\/wp-content\/uploads\/2024\/07\/rampe-1-300x280.png 300w, https:\/\/neustadt-art-festival.de\/wp-content\/uploads\/2024\/07\/rampe-1-768x716.png 768w, https:\/\/neustadt-art-festival.de\/wp-content\/uploads\/2024\/07\/rampe-1-1536x1431.png 1536w, https:\/\/neustadt-art-festival.de\/wp-content\/uploads\/2024\/07\/rampe-1-2048x1908.png 2048w\" data-sizes=\"(max-width: 1024px) 100vw, 1024px\" src=\"data:image\/svg+xml;base64,PHN2ZyB3aWR0aD0iMSIgaGVpZ2h0PSIxIiB4bWxucz0iaHR0cDovL3d3dy53My5vcmcvMjAwMC9zdmciPjwvc3ZnPg==\" \/><\/figure>\n<\/div>\n\n\n<p class=\"leichtesprache has-medium-font-size\"><strong>Ist das Neustadt Art Festival barrierefrei?<\/strong><br>Wir wollen so viele Menschen wie m\u00f6glich erreichen.<br>Es gibt barrierefreie Orte.<br>Und es gibt nicht barrierefreie Orte.<br>Die Infos dazu stehen in unserem Programm-Heft.<br>Im Programm-Heft stehen auch barrierefrei<\/p>\n","protected":false},"excerpt":{"rendered":"<p>Hinweis zu den Texten:Wir verwenden das Gender-Sternchen.Das sieht so aus: *Das Gender-Sternchen ist f\u00fcr alle Personen.Also f\u00fcr M\u00e4nner und Frauen.Und f\u00fcr Personen, die kein Mann aber auch keine Frau sind.Mit dem Gender-Sternchen wollen wir alle Menschen ansprechen. Wann ist das Neustadt Art Festival?Das Neustadt Art Festival ist einmal im Jahr.Es ist immer am letzten September-Wochenende. [&hellip;]<\/p>\n","protected":false},"author":4,"featured_media":0,"parent":0,"menu_order":0,"comment_status":"closed","ping_status":"closed","template":"","meta":{"footnotes":""},"class_list":["post-9250","page","type-page","status-publish","hentry"],"_links":{"self":[{"href":"https:\/\/neustadt-art-festival.de\/en\/wp-json\/wp\/v2\/pages\/9250","targetHints":{"allow":["GET"]}}],"collection":[{"href":"https:\/\/neustadt-art-festival.de\/en\/wp-json\/wp\/v2\/pages"}],"about":[{"href":"https:\/\/neustadt-art-festival.de\/en\/wp-json\/wp\/v2\/types\/page"}],"author":[{"embeddable":true,"href":"https:\/\/neustadt-art-festival.de\/en\/wp-json\/wp\/v2\/users\/4"}],"replies":[{"embeddable":true,"href":"https:\/\/neustadt-art-festival.de\/en\/wp-json\/wp\/v2\/comments?post=9250"}],"version-history":[{"count":6,"href":"https:\/\/neustadt-art-festival.de\/en\/wp-json\/wp\/v2\/pages\/9250\/revisions"}],"predecessor-version":[{"id":9330,"href":"https:\/\/neustadt-art-festival.de\/en\/wp-json\/wp\/v2\/pages\/9250\/revisions\/9330"}],"wp:attachment":[{"href":"https:\/\/neustadt-art-festival.de\/en\/wp-json\/wp\/v2\/media?parent=9250"}],"curies":[{"name":"wp","href":"https:\/\/api.w.org\/{rel}","templated":true}]}}