{"id":9253,"date":"2024-07-05T14:26:02","date_gmt":"2024-07-05T12:26:02","guid":{"rendered":"https:\/\/neustadt-art-festival.de\/?page_id=9253"},"modified":"2024-07-23T15:13:55","modified_gmt":"2024-07-23T13:13:55","slug":"leichtesprache-kuenstler","status":"publish","type":"page","link":"https:\/\/neustadt-art-festival.de\/en\/leichtesprache-kuenstler\/","title":{"rendered":"Leichte Sprache: Meist gestellte Fragen f\u00fcr K\u00fcnstler*innen"},"content":{"rendered":"\n<div style=\"height:20px\" aria-hidden=\"true\" class=\"wp-block-spacer\"><\/div>\n\n\n<nav style=\"font-style:normal;font-weight:700;\" class=\"items-justified-center wp-block-navigation is-horizontal is-content-justification-center is-layout-flex wp-container-core-navigation-is-layout-499968f5 wp-block-navigation-is-layout-flex\" aria-label=\"Navigation 3\">\n<div class=\"wp-block-buttons has-custom-font-size has-small-font-size is-content-justification-left is-layout-flex wp-container-core-buttons-is-layout-fdcfc74e wp-block-buttons-is-layout-flex\">\n<div class=\"wp-block-button\"><a class=\"wp-block-button__link wp-element-button\" href=\"\/leichtesprache-aufruf\/\">AUFRUF<\/a><\/div>\n\n\n\n<div class=\"wp-block-button\"><a class=\"wp-block-button__link wp-element-button\" href=\"\/leichtesprache-selbstverstandnis\/\">SO SEHEN WIR UNS SELBST<\/a><\/div>\n\n\n\n<div class=\"wp-block-button\"><a class=\"wp-block-button__link wp-element-button\" href=\"\/leichtesprache-was\/\">WAS IST DAS NEUSTADT ART FESTIVAL?<\/a><\/div>\n\n\n\n<div class=\"wp-block-button\"><a class=\"wp-block-button__link wp-element-button\" href=\"\/leichtesprache-besucher\/\">F\u00dcR BESUCHER*INNEN<\/a><\/div>\n\n\n\n<div class=\"wp-block-button\"><a class=\"wp-block-button__link wp-element-button\" href=\"\/leichtesprache-kuenstler\/\">F\u00dcR K\u00dcNSTLER*INNEN<\/a><\/div>\n\n\n\n<div class=\"wp-block-button\"><a class=\"wp-block-button__link wp-element-button\" href=\"\/leichtesprache-orte\/\">F\u00dcR ORTE<\/a><\/div>\n<\/div>\n<\/nav>\n\n\n<div style=\"height:20px\" aria-hidden=\"true\" class=\"wp-block-spacer\"><\/div>\n\n\n\n<p class=\"leichtesprache has-medium-font-size\">Hinweis zu den Texten:<br>Wir verwenden das Gender-Sternchen.<br>Das sieht so aus: *<br>Das Gender-Sternchen ist f\u00fcr alle Personen.<br>Also f\u00fcr M\u00e4nner und Frauen.<br>Und f\u00fcr Personen, die kein Mann aber auch keine Frau sind.<br>Mit dem Gender-Sternchen wollen wir alle Menschen ansprechen.<\/p>\n\n\n\n<p class=\"leichtesprache has-medium-font-size\"><strong>Wer kann teilnehmen?<\/strong><br>Das Neustadt Art Festival ist f\u00fcr K\u00fcnstle*rinnen aus der Neustadt. <br>Aber auch andere K\u00fcnstlerinnen k\u00f6nnen mitmachen.<br>Wir freuen uns auf K\u00fcnstlerinnen aus der ganzen Welt. <br>So k\u00f6nnen sich K\u00fcnstlerinnen gut vernetzen.<br>Wir wollen den Austausch zwischen K\u00fcnstler*innen f\u00f6rdern.<br>So entsteht ein buntes Programm mit vielen verschiedenen Angeboten.<br>Alle k\u00f6nnen mitmachen.<br>Ihr braucht nur eine gute Idee.<\/p>\n\n\n<div class=\"wp-block-image imgmobil\">\n<figure class=\"alignright size-large is-resized\"><img decoding=\"async\" width=\"1024\" height=\"751\" data-src=\"https:\/\/neustadt-art-festival.de\/wp-content\/uploads\/2024\/07\/garten-1024x751.png\" alt=\"\" class=\"wp-image-9242 lazyload\" style=\"--smush-placeholder-width: 1024px; --smush-placeholder-aspect-ratio: 1024\/751;width:250px\" data-srcset=\"https:\/\/neustadt-art-festival.de\/wp-content\/uploads\/2024\/07\/garten-1024x751.png 1024w, https:\/\/neustadt-art-festival.de\/wp-content\/uploads\/2024\/07\/garten-300x220.png 300w, https:\/\/neustadt-art-festival.de\/wp-content\/uploads\/2024\/07\/garten-768x563.png 768w, https:\/\/neustadt-art-festival.de\/wp-content\/uploads\/2024\/07\/garten-1536x1126.png 1536w, https:\/\/neustadt-art-festival.de\/wp-content\/uploads\/2024\/07\/garten-2048x1502.png 2048w\" data-sizes=\"(max-width: 1024px) 100vw, 1024px\" src=\"data:image\/svg+xml;base64,PHN2ZyB3aWR0aD0iMSIgaGVpZ2h0PSIxIiB4bWxucz0iaHR0cDovL3d3dy53My5vcmcvMjAwMC9zdmciPjwvc3ZnPg==\" \/><\/figure>\n<\/div>\n\n\n<p class=\"leichtesprache has-medium-font-size\"><strong>Wie kann ich teilnehmen?<\/strong><br>Du kannst deine Kunst mitbringen. <br>Daf\u00fcr brauchst du einen Ort. <br>An dem Ort zeigst du deine Kunst.<br>Alle Orte findest du an unserem <strong><a href=\"\/buntesbrett\/\">Bunten Brett<\/a><\/strong>.<br>Auf dem <strong><strong><a href=\"\/buntesbrett\/\">Bunten Brett<\/a><\/strong><\/strong> tragen sich auch alle K\u00fcnstler*innen ein. <br>So kann jeder Ort seine K\u00fcnstlerinnen finden.<br>Und alle K\u00fcnstler*innen den richtigen Ort f\u00fcr sich.<\/p>\n\n\n<div class=\"wp-block-image imgmobil\">\n<figure class=\"alignright size-full is-resized\"><img decoding=\"async\" width=\"656\" height=\"500\" data-src=\"https:\/\/neustadt-art-festival.de\/wp-content\/uploads\/2024\/07\/wohnung.png\" alt=\"\" class=\"wp-image-9239 lazyload\" style=\"--smush-placeholder-width: 656px; --smush-placeholder-aspect-ratio: 656\/500;width:250px\" data-srcset=\"https:\/\/neustadt-art-festival.de\/wp-content\/uploads\/2024\/07\/wohnung.png 656w, https:\/\/neustadt-art-festival.de\/wp-content\/uploads\/2024\/07\/wohnung-300x229.png 300w\" data-sizes=\"(max-width: 656px) 100vw, 656px\" src=\"data:image\/svg+xml;base64,PHN2ZyB3aWR0aD0iMSIgaGVpZ2h0PSIxIiB4bWxucz0iaHR0cDovL3d3dy53My5vcmcvMjAwMC9zdmciPjwvc3ZnPg==\" \/><\/figure>\n<\/div>\n\n\n<p class=\"leichtesprache has-medium-font-size\">Du kannst einen Ort auch direkt anschreiben.<\/p>\n\n\n\n<p class=\"leichtesprache has-medium-font-size\">Du musst selbst mit den Orten in Kontakt treten.<br>Wir beraten dich gern dabei. <br>Wir helfen dir bei Fragen.<br>Sende uns dein Programm rechtzeitig. <br>Das ist wichtig f\u00fcr die Planung.<\/p>\n\n\n<div class=\"wp-block-image imgmobil\">\n<figure class=\"alignright size-large is-resized\"><img decoding=\"async\" width=\"713\" height=\"1024\" data-src=\"https:\/\/neustadt-art-festival.de\/wp-content\/uploads\/2024\/07\/infotafel-713x1024.png\" alt=\"\" class=\"wp-image-9238 lazyload\" style=\"--smush-placeholder-width: 713px; --smush-placeholder-aspect-ratio: 713\/1024;width:250px\" data-srcset=\"https:\/\/neustadt-art-festival.de\/wp-content\/uploads\/2024\/07\/infotafel-713x1024.png 713w, https:\/\/neustadt-art-festival.de\/wp-content\/uploads\/2024\/07\/infotafel-209x300.png 209w, https:\/\/neustadt-art-festival.de\/wp-content\/uploads\/2024\/07\/infotafel-768x1103.png 768w, https:\/\/neustadt-art-festival.de\/wp-content\/uploads\/2024\/07\/infotafel-1069x1536.png 1069w, https:\/\/neustadt-art-festival.de\/wp-content\/uploads\/2024\/07\/infotafel.png 1395w\" data-sizes=\"(max-width: 713px) 100vw, 713px\" src=\"data:image\/svg+xml;base64,PHN2ZyB3aWR0aD0iMSIgaGVpZ2h0PSIxIiB4bWxucz0iaHR0cDovL3d3dy53My5vcmcvMjAwMC9zdmciPjwvc3ZnPg==\" \/><\/figure>\n<\/div>\n\n\n<p class=\"leichtesprache has-medium-font-size\"><strong>Was ist das Bunte Brett?<\/strong><br>Auf dem <strong><a href=\"\/buntesbrett\/\">Bunten Brett<\/a><\/strong> kannst du dich vernetzen.<br>Du kannst einen passenden Ort finden.<br>Du kannst auch andere K\u00fcnstler*innen finden.<br>Vielleicht wollt ihr etwas zusammen machen.<br>Das <strong><a href=\"\/buntesbrett\/\">Bunten Brett<\/a><\/strong> findest du <a href=\"\/buntesbrett\/\" target=\"_blank\" rel=\"noreferrer noopener\"><strong>hier<\/strong><\/a>.<br>Auf dem <strong><a href=\"\/buntesbrett\/\">Bunten Brett<\/a><\/strong> tragen sich alle ein.<br>K\u00fcnstler*innen, die einen Ort suchen.<br>Orte, die K\u00fcnstler*innen suchen.<\/p>\n\n\n\n<p class=\"leichtesprache has-medium-font-size\">Diese Infos brauchen wir auf dem <strong><a href=\"\/buntesbrett\/\">Bunten Brett<\/a><\/strong> von dir:<\/p>\n\n\n\n<ul class=\"wp-block-list\">\n<li class=\"leichtesprache_list has-medium-font-size\">Ein Foto von dir und deiner Kunst<\/li>\n\n\n\n<li class=\"leichtesprache_list has-medium-font-size\">Ein Text zu dir und deiner Kunst<\/li>\n\n\n\n<li class=\"leichtesprache_list has-medium-font-size\">Links zu deiner Internet-Seite und deinem Social Media Auftritt<\/li>\n\n\n\n<li class=\"leichtesprache_list has-medium-font-size\">Deine E-Mail-Adresse<\/li>\n<\/ul>\n\n\n\n<p class=\"leichtesprache has-medium-font-size\">Manchmal landen Anfragen in deinem Spam-Ordner.<br>Schaue deshalb auch in deinen Spam-Ordner.<br>Nachdem du dich auf dem <strong><a href=\"\/buntesbrett\/\">Bunten Brett<\/a><\/strong> eingetragen hast.<\/p>\n\n\n\n<p class=\"leichtesprache has-medium-font-size\"><strong>Wie schicke ich euch mein Programm?<\/strong><br>Wir brauchen eine E-Mail von dir. <br>Damit wir dein Programm ins Programm-Heft aufnehmen k\u00f6nnen.<\/p>\n\n\n<div class=\"wp-block-image imgmobil\">\n<figure class=\"alignright size-large is-resized\"><img decoding=\"async\" width=\"1024\" height=\"871\" data-src=\"https:\/\/neustadt-art-festival.de\/wp-content\/uploads\/2024\/07\/checkliste-1024x871.png\" alt=\"\" class=\"wp-image-9172 lazyload\" style=\"--smush-placeholder-width: 1024px; --smush-placeholder-aspect-ratio: 1024\/871;width:250px\" data-srcset=\"https:\/\/neustadt-art-festival.de\/wp-content\/uploads\/2024\/07\/checkliste-1024x871.png 1024w, https:\/\/neustadt-art-festival.de\/wp-content\/uploads\/2024\/07\/checkliste-300x255.png 300w, https:\/\/neustadt-art-festival.de\/wp-content\/uploads\/2024\/07\/checkliste-768x653.png 768w, https:\/\/neustadt-art-festival.de\/wp-content\/uploads\/2024\/07\/checkliste-1536x1306.png 1536w, https:\/\/neustadt-art-festival.de\/wp-content\/uploads\/2024\/07\/checkliste.png 2028w\" data-sizes=\"(max-width: 1024px) 100vw, 1024px\" src=\"data:image\/svg+xml;base64,PHN2ZyB3aWR0aD0iMSIgaGVpZ2h0PSIxIiB4bWxucz0iaHR0cDovL3d3dy53My5vcmcvMjAwMC9zdmciPjwvc3ZnPg==\" \/><\/figure>\n<\/div>\n\n\n<p class=\"leichtesprache has-medium-font-size\">Diese Infos brauchen wir von dir:<\/p>\n\n\n\n<ul class=\"wp-block-list\">\n<li class=\"leichtesprache_list has-medium-font-size\">Den Namen deiner Veranstaltung<\/li>\n\n\n\n<li class=\"leichtesprache_list has-medium-font-size\">Was f\u00fcr eine Veranstaltung das ist<br>Zum Beispiel:\n<ul class=\"wp-block-list\">\n<li class=\"leichtesprache_list\">Eine Lesung<\/li>\n\n\n\n<li class=\"leichtesprache_list\">Ein Konzert<\/li>\n\n\n\n<li class=\"leichtesprache_list\">Eine Ausstellung<\/li>\n<\/ul>\n<\/li>\n\n\n\n<li class=\"leichtesprache_list has-medium-font-size\">Den Ort von deiner Veranstaltung<\/li>\n\n\n\n<li class=\"leichtesprache_list has-medium-font-size\">Die Start-Zeiten von deinem Programm<\/li>\n\n\n\n<li class=\"leichtesprache_list has-medium-font-size\">Die End-Zeiten von deinem Programm<\/li>\n\n\n\n<li class=\"leichtesprache_list has-medium-font-size\">Ein passendes Foto von deiner Veranstaltung<br>Das Foto soll ein Quer-Format haben.<\/li>\n\n\n\n<li class=\"leichtesprache_list has-medium-font-size\">Eine kurze Beschreibung von deiner Veranstaltung.<br>Die Beschreibung brauchen wir f\u00fcr die Internet-Seite.<\/li>\n\n\n\n<li class=\"leichtesprache_list has-medium-font-size\">Eine ganz kurze Beschreibung deiner Veranstaltung f\u00fcr das Programm-Heft<br>Die Beschreibung soll h\u00f6chstens 370 Zeichen haben.<\/li>\n\n\n\n<li class=\"leichtesprache_list has-medium-font-size\">Wenn du willst: eine kurze Beschreibung von dir<br>Schicke uns gern auch einen Link zu deiner Internet-Seite.<\/li>\n\n\n\n<li class=\"leichtesprache_list has-medium-font-size\">Wenn du willst: ein Foto oder Bild von dir selbst<\/li>\n<\/ul>\n\n\n\n<p class=\"leichtesprache has-medium-font-size\">Wir brauchen deine Infos bis zum 1. September. <\/p>\n\n\n\n<p class=\"leichtesprache has-medium-font-size\">Dann k\u00f6nnen alle Infos in das Programm-Heft aufgenommen werden.<br>Wenn du deine Infos sp\u00e4ter schickst:<br>Dann kommen die Infos nur auf unsere Internet-Seite.<br>Alle Infos kommen auch in unsere App.<\/p>\n\n\n\n<p class=\"leichtesprache has-medium-font-size\">Bitte sende alle Infos an:<br><a href=\"mailto:programm@neustadt-art-festival.org\"><strong>programm@neustadt-art-festival.org<\/strong><\/a><\/p>\n\n\n\n<p class=\"leichtesprache has-medium-font-size\">Hier siehst du wie das Programm-Heft aussieht:<\/p>\n\n\n\n<figure class=\"wp-block-image size-large\"><img decoding=\"async\" width=\"1024\" height=\"819\" data-src=\"https:\/\/neustadt-art-festival.de\/wp-content\/uploads\/2024\/05\/FAQ-Programmheft-1024x819.jpg\" alt=\"\" class=\"wp-image-8897 lazyload\" data-srcset=\"https:\/\/neustadt-art-festival.de\/wp-content\/uploads\/2024\/05\/FAQ-Programmheft-1024x819.jpg 1024w, https:\/\/neustadt-art-festival.de\/wp-content\/uploads\/2024\/05\/FAQ-Programmheft-300x240.jpg 300w, https:\/\/neustadt-art-festival.de\/wp-content\/uploads\/2024\/05\/FAQ-Programmheft-768x614.jpg 768w, https:\/\/neustadt-art-festival.de\/wp-content\/uploads\/2024\/05\/FAQ-Programmheft-1536x1229.jpg 1536w, https:\/\/neustadt-art-festival.de\/wp-content\/uploads\/2024\/05\/FAQ-Programmheft.jpg 1770w\" data-sizes=\"(max-width: 1024px) 100vw, 1024px\" src=\"data:image\/svg+xml;base64,PHN2ZyB3aWR0aD0iMSIgaGVpZ2h0PSIxIiB4bWxucz0iaHR0cDovL3d3dy53My5vcmcvMjAwMC9zdmciPjwvc3ZnPg==\" style=\"--smush-placeholder-width: 1024px; --smush-placeholder-aspect-ratio: 1024\/819;\" \/><\/figure>\n\n\n\n<p class=\"leichtesprache has-medium-font-size\">Wie bekomme ich Infos und kann mich austauschen?<br><\/p>\n\n\n<div class=\"wp-block-image imgmobil\">\n<figure class=\"alignright size-large is-resized\"><img decoding=\"async\" width=\"1024\" height=\"973\" data-src=\"https:\/\/neustadt-art-festival.de\/wp-content\/uploads\/2024\/07\/Info-Zeichen-742_download-1024x973.png\" alt=\"\" class=\"wp-image-9233 lazyload\" style=\"--smush-placeholder-width: 1024px; --smush-placeholder-aspect-ratio: 1024\/973;width:250px\" data-srcset=\"https:\/\/neustadt-art-festival.de\/wp-content\/uploads\/2024\/07\/Info-Zeichen-742_download-1024x973.png 1024w, https:\/\/neustadt-art-festival.de\/wp-content\/uploads\/2024\/07\/Info-Zeichen-742_download-300x285.png 300w, https:\/\/neustadt-art-festival.de\/wp-content\/uploads\/2024\/07\/Info-Zeichen-742_download-768x730.png 768w, https:\/\/neustadt-art-festival.de\/wp-content\/uploads\/2024\/07\/Info-Zeichen-742_download-1536x1460.png 1536w, https:\/\/neustadt-art-festival.de\/wp-content\/uploads\/2024\/07\/Info-Zeichen-742_download.png 1601w\" data-sizes=\"(max-width: 1024px) 100vw, 1024px\" src=\"data:image\/svg+xml;base64,PHN2ZyB3aWR0aD0iMSIgaGVpZ2h0PSIxIiB4bWxucz0iaHR0cDovL3d3dy53My5vcmcvMjAwMC9zdmciPjwvc3ZnPg==\" \/><\/figure>\n<\/div>\n\n\n<p class=\"leichtesprache has-medium-font-size\"><strong>Wir haben verschiedene M\u00f6glichkeiten f\u00fcr Infos und Austausch.<\/strong><br>Zum Beispiel:<br>Neustadt Art Festival Telegram-Gruppe.<br>Hier findest du die Telegram-Gruppe:<br><a href=\"https:\/\/t.me\/+5YBIJ9EKABhkYWMy\" target=\"_blank\" rel=\"noreferrer noopener\"><strong>https:\/\/t.me\/+5YBIJ9EKABhkYWMy<\/strong><\/a><br>Dort bekommst du Infos von der Vorbereitungs-Gruppe.<br>Dort bekommst du auch schnelle Hilfe von anderen K\u00fcnstler*innen.<br>Oder du bekommst Hilfe von den Orten.<\/p>\n\n\n\n<p class=\"leichtesprache has-medium-font-size\">Es gibt auch einen E-Mail-Verteiler.<br>Der E-Mail-Verteiler hei\u00dft Prisniswelle.<br>Schreibe uns eine E-Mail.<br>Dann nehmen wir dich in den E-Mail-Verteiler auf. <br>Die E-Mail-Adresse ist:<br><strong><a href=\"mailto:programm@neustadt-art-festival.org\">programm@neustadt-art-festival.org<\/a><\/strong><\/p>\n\n\n<div class=\"wp-block-image imgmobil\">\n<figure class=\"alignright size-full is-resized\"><img decoding=\"async\" width=\"100\" height=\"100\" data-src=\"https:\/\/neustadt-art-festival.de\/wp-content\/uploads\/2024\/07\/uhr-00_00.png\" alt=\"\" class=\"wp-image-9241 lazyload\" style=\"--smush-placeholder-width: 100px; --smush-placeholder-aspect-ratio: 100\/100;width:250px\" src=\"data:image\/svg+xml;base64,PHN2ZyB3aWR0aD0iMSIgaGVpZ2h0PSIxIiB4bWxucz0iaHR0cDovL3d3dy53My5vcmcvMjAwMC9zdmciPjwvc3ZnPg==\" \/><\/figure>\n<\/div>\n\n\n<p class=\"leichtesprache has-medium-font-size\"><strong>Wie lang darf meine Veranstaltung gehen?<\/strong><br>Das Neustadt Art Festival findet in der Neustadt von Dresden statt.<br>An manchen Orten wohnen viele Menschen.<br>Auf die Menschen nehmen wir R\u00fccksicht.<br>Deshalb sollte deine Veranstaltung um <strong>0.00Uhr<\/strong> zu Ende sein.<\/p>\n\n\n\n<p class=\"leichtesprache has-medium-font-size\">An manchen Orten st\u00f6ren wir <strong>keine<\/strong> anderen Menschen.<br>Dort kann das Programm auch l\u00e4nger gehen.<\/p>\n\n\n<div class=\"wp-block-image imgmobil\">\n<figure class=\"alignright size-large is-resized\"><img decoding=\"async\" width=\"1024\" height=\"836\" data-src=\"https:\/\/neustadt-art-festival.de\/wp-content\/uploads\/2024\/07\/Wandbemalung-1213_download-1024x836.png\" alt=\"\" class=\"wp-image-9240 lazyload\" style=\"--smush-placeholder-width: 1024px; --smush-placeholder-aspect-ratio: 1024\/836;width:250px\" data-srcset=\"https:\/\/neustadt-art-festival.de\/wp-content\/uploads\/2024\/07\/Wandbemalung-1213_download-1024x836.png 1024w, https:\/\/neustadt-art-festival.de\/wp-content\/uploads\/2024\/07\/Wandbemalung-1213_download-300x245.png 300w, https:\/\/neustadt-art-festival.de\/wp-content\/uploads\/2024\/07\/Wandbemalung-1213_download-768x627.png 768w, https:\/\/neustadt-art-festival.de\/wp-content\/uploads\/2024\/07\/Wandbemalung-1213_download-1536x1254.png 1536w, https:\/\/neustadt-art-festival.de\/wp-content\/uploads\/2024\/07\/Wandbemalung-1213_download-2048x1671.png 2048w\" data-sizes=\"(max-width: 1024px) 100vw, 1024px\" src=\"data:image\/svg+xml;base64,PHN2ZyB3aWR0aD0iMSIgaGVpZ2h0PSIxIiB4bWxucz0iaHR0cDovL3d3dy53My5vcmcvMjAwMC9zdmciPjwvc3ZnPg==\" \/><\/figure>\n<\/div>\n\n\n<p class=\"leichtesprache has-medium-font-size\"><strong>Wenn ich teilnehme: <\/strong><br><strong>Was habe ich dann davon?<\/strong><br>Du kannst deine Kunst zeigen.<br>Du kannst neue Menschen kennenlernen.<\/p>\n\n\n\n<p class=\"leichtesprache has-medium-font-size\">Wir wollen viele Menschen zusammenbringen.<br>Alle sollen k\u00fcnstlerisch arbeiten und sich ausprobieren.<br>Gemeinsam schaffen wir etwas Gro\u00dfartiges.<\/p>\n\n\n\n<p class=\"leichtesprache has-medium-font-size\">Kunst soll kein Geld kosten.<br>Das war die Idee zum Neustadt Art Festival.<br>Die Idee wollen wir weiterf\u00fchren.<\/p>\n\n\n\n<p class=\"leichtesprache has-medium-font-size\">Viele junge K\u00fcnstler*innen k\u00f6nnen hier zum ersten Mal auftreten. <br>So bekommst du Publikum. <br>Daf\u00fcr nehmen wir keinen Eintritt. <br>Aber die Besucherinnen k\u00f6nnen Spenden.<br>Du kannst auch deine Kunst verkaufen.<br>Zum Beispiel deine gemalten Bilder.<br>Oder CDs von deiner Musik.<br>So kannst du ein klein wenig Geld verdienen.<\/p>\n\n\n\n<p class=\"leichtesprache has-medium-font-size\">Vielleicht lernst du auch andere K\u00fcnstler*innen kennen.<br>Dann k\u00f6nnt ihr zusammen Projekte machen.<br>Du kannst dich also beim Neustadt Art Festival bekannt machen.<\/p>\n\n\n<div class=\"wp-block-image imgmobil\">\n<figure class=\"alignright size-large is-resized\"><img decoding=\"async\" width=\"1024\" height=\"828\" data-src=\"https:\/\/neustadt-art-festival.de\/wp-content\/uploads\/2024\/07\/geld_viel-1024x828.png\" alt=\"\" class=\"wp-image-9200 lazyload\" style=\"--smush-placeholder-width: 1024px; --smush-placeholder-aspect-ratio: 1024\/828;width:250px\" data-srcset=\"https:\/\/neustadt-art-festival.de\/wp-content\/uploads\/2024\/07\/geld_viel-1024x828.png 1024w, https:\/\/neustadt-art-festival.de\/wp-content\/uploads\/2024\/07\/geld_viel-300x243.png 300w, https:\/\/neustadt-art-festival.de\/wp-content\/uploads\/2024\/07\/geld_viel-768x621.png 768w, https:\/\/neustadt-art-festival.de\/wp-content\/uploads\/2024\/07\/geld_viel-1536x1242.png 1536w, https:\/\/neustadt-art-festival.de\/wp-content\/uploads\/2024\/07\/geld_viel.png 1957w\" data-sizes=\"(max-width: 1024px) 100vw, 1024px\" src=\"data:image\/svg+xml;base64,PHN2ZyB3aWR0aD0iMSIgaGVpZ2h0PSIxIiB4bWxucz0iaHR0cDovL3d3dy53My5vcmcvMjAwMC9zdmciPjwvc3ZnPg==\" \/><\/figure>\n<\/div>\n\n\n<p class=\"leichtesprache has-medium-font-size\"><strong>Wie war das mit der Kosten-Erstattung?<\/strong><br>Das Neustadt Art Festival bekommt Geld.<br>Das Geld ist:<\/p>\n\n\n\n<ul class=\"wp-block-list\">\n<li class=\"leichtesprache_list has-medium-font-size\">vom Amt f\u00fcr Kultur und Denkmal-Schutz Dresden<\/li>\n\n\n\n<li class=\"leichtesprache_list has-medium-font-size\">von der Stiftung \u00c4u\u00dfere Neustadt<\/li>\n\n\n\n<li class=\"leichtesprache_list has-medium-font-size\">vom Stadt-Bezirks-Amt Dresden<\/li>\n\n\n\n<li class=\"leichtesprache_list has-medium-font-size\">von privaten Spendern<\/li>\n<\/ul>\n\n\n\n<p class=\"leichtesprache has-medium-font-size\">Mit dem Geld k\u00f6nnen wir euch Kosten zur\u00fcck zahlen.<br>Die Kosten m\u00fcssen vom Neustadt Art Festival sein.<br>Es ist nicht ganz einfach wie ihr das Geld zur\u00fcck bekommen k\u00f6nnt.<br>Deshalb haben wir eine eigene Internet-Seite dazu gemacht.<br>Die Seite hei\u00dft:<br><a href=\"https:\/\/neustadt-art-festival.de\/leichte-sprache-kostenerstattung-kuenstlerinnen\/\" target=\"_blank\" rel=\"noreferrer noopener\"><strong>Erstattung von Kosten f\u00fcr teilnehmende K\u00fcnstler*innen<\/strong><\/a><\/p>\n\n\n<div class=\"wp-block-image imgmobil\">\n<figure class=\"alignright size-large is-resized\"><img decoding=\"async\" width=\"1024\" height=\"660\" data-src=\"https:\/\/neustadt-art-festival.de\/wp-content\/uploads\/2024\/07\/musikgruppe-1024x660.png\" alt=\"\" class=\"wp-image-9237 lazyload\" style=\"--smush-placeholder-width: 1024px; --smush-placeholder-aspect-ratio: 1024\/660;width:250px\" data-srcset=\"https:\/\/neustadt-art-festival.de\/wp-content\/uploads\/2024\/07\/musikgruppe-1024x660.png 1024w, https:\/\/neustadt-art-festival.de\/wp-content\/uploads\/2024\/07\/musikgruppe-300x193.png 300w, https:\/\/neustadt-art-festival.de\/wp-content\/uploads\/2024\/07\/musikgruppe-768x495.png 768w, https:\/\/neustadt-art-festival.de\/wp-content\/uploads\/2024\/07\/musikgruppe-1536x990.png 1536w, https:\/\/neustadt-art-festival.de\/wp-content\/uploads\/2024\/07\/musikgruppe-2048x1321.png 2048w\" data-sizes=\"(max-width: 1024px) 100vw, 1024px\" src=\"data:image\/svg+xml;base64,PHN2ZyB3aWR0aD0iMSIgaGVpZ2h0PSIxIiB4bWxucz0iaHR0cDovL3d3dy53My5vcmcvMjAwMC9zdmciPjwvc3ZnPg==\" \/><\/figure>\n<\/div>\n\n\n<p class=\"leichtesprache has-medium-font-size\"><strong>Wer erledigt das mit der GEMA?<\/strong><br>F\u00fcr Musik bekommt die GEMA Geld.<br>Wir schicken die Meldung an die GEMA.<br>Daf\u00fcr brauchen wir Infos von dir.<\/p>\n\n\n\n<p class=\"leichtesprache has-medium-font-size\">Hier findest du mehr Infos:<br><a href=\"https:\/\/neustadt-art-festival.de\/FAQ-KUNSTLERINNEN\/\">Die Internet-Seite ist <strong>nicht <\/strong>in Leichter Sprache.<\/a><\/p>\n\n\n<div class=\"wp-block-image imgmobil\">\n<figure class=\"alignright size-large is-resized\"><img decoding=\"async\" width=\"827\" height=\"1024\" data-src=\"https:\/\/neustadt-art-festival.de\/wp-content\/uploads\/2024\/07\/streit-827x1024.png\" alt=\"\" class=\"wp-image-9234 lazyload\" style=\"--smush-placeholder-width: 827px; --smush-placeholder-aspect-ratio: 827\/1024;width:250px\" data-srcset=\"https:\/\/neustadt-art-festival.de\/wp-content\/uploads\/2024\/07\/streit-827x1024.png 827w, https:\/\/neustadt-art-festival.de\/wp-content\/uploads\/2024\/07\/streit-242x300.png 242w, https:\/\/neustadt-art-festival.de\/wp-content\/uploads\/2024\/07\/streit-768x951.png 768w, https:\/\/neustadt-art-festival.de\/wp-content\/uploads\/2024\/07\/streit-1241x1536.png 1241w, https:\/\/neustadt-art-festival.de\/wp-content\/uploads\/2024\/07\/streit-1654x2048.png 1654w, https:\/\/neustadt-art-festival.de\/wp-content\/uploads\/2024\/07\/streit.png 1908w\" data-sizes=\"(max-width: 827px) 100vw, 827px\" src=\"data:image\/svg+xml;base64,PHN2ZyB3aWR0aD0iMSIgaGVpZ2h0PSIxIiB4bWxucz0iaHR0cDovL3d3dy53My5vcmcvMjAwMC9zdmciPjwvc3ZnPg==\" \/><\/figure>\n<\/div>\n\n\n<p class=\"leichtesprache has-medium-font-size\"><strong>Was mache ich bei Problemen auf meiner Veranstaltung?<\/strong><br>Kurz vor dem Festival schicken wir eine Telefon-Nummer an alle K\u00fcnstler*innen und Orte.<br>\u00dcber die Telefon-Nummer k\u00f6nnt ihr uns bei Problemen immer erreichen.<br>Wir sind auf dem Festival unterwegs.<br>So k\u00f6nnen wir schnell zu dir kommen.<\/p>\n\n\n\n<p class=\"leichtesprache has-medium-font-size\">Hast du ein nicht so dringendes Problem?<br>Dann schreib uns eine <a href=\"mailto:programm@neustadt-art-festival.org\"><strong>E-Mail<\/strong><\/a>.<br>Oder schreib uns auf <a href=\"https:\/\/www.instagram.com\/neustadtartfestival\/\" target=\"_blank\" rel=\"noreferrer noopener\"><strong>Instagram<\/strong><\/a>.<\/p>\n","protected":false},"excerpt":{"rendered":"<p>Hinweis zu den Texten:Wir verwenden das Gender-Sternchen.Das sieht so aus: *Das Gender-Sternchen ist f\u00fcr alle Personen.Also f\u00fcr M\u00e4nner und Frauen.Und f\u00fcr Personen, die kein Mann aber auch keine Frau sind.Mit dem Gender-Sternchen wollen wir alle Menschen ansprechen. Wer kann teilnehmen?Das Neustadt Art Festival ist f\u00fcr K\u00fcnstle*rinnen aus der Neustadt. Aber auch andere K\u00fcnstlerinnen k\u00f6nnen mitmachen.Wir [&hellip;]<\/p>\n","protected":false},"author":4,"featured_media":0,"parent":0,"menu_order":0,"comment_status":"closed","ping_status":"closed","template":"","meta":{"footnotes":""},"class_list":["post-9253","page","type-page","status-publish","hentry"],"_links":{"self":[{"href":"https:\/\/neustadt-art-festival.de\/en\/wp-json\/wp\/v2\/pages\/9253","targetHints":{"allow":["GET"]}}],"collection":[{"href":"https:\/\/neustadt-art-festival.de\/en\/wp-json\/wp\/v2\/pages"}],"about":[{"href":"https:\/\/neustadt-art-festival.de\/en\/wp-json\/wp\/v2\/types\/page"}],"author":[{"embeddable":true,"href":"https:\/\/neustadt-art-festival.de\/en\/wp-json\/wp\/v2\/users\/4"}],"replies":[{"embeddable":true,"href":"https:\/\/neustadt-art-festival.de\/en\/wp-json\/wp\/v2\/comments?post=9253"}],"version-history":[{"count":6,"href":"https:\/\/neustadt-art-festival.de\/en\/wp-json\/wp\/v2\/pages\/9253\/revisions"}],"predecessor-version":[{"id":9394,"href":"https:\/\/neustadt-art-festival.de\/en\/wp-json\/wp\/v2\/pages\/9253\/revisions\/9394"}],"wp:attachment":[{"href":"https:\/\/neustadt-art-festival.de\/en\/wp-json\/wp\/v2\/media?parent=9253"}],"curies":[{"name":"wp","href":"https:\/\/api.w.org\/{rel}","templated":true}]}}