{"id":9395,"date":"2024-07-23T15:41:28","date_gmt":"2024-07-23T13:41:28","guid":{"rendered":"https:\/\/neustadt-art-festival.de\/?page_id=9395"},"modified":"2024-07-23T15:46:22","modified_gmt":"2024-07-23T13:46:22","slug":"leichte-sprache-kostenerstattung-orte","status":"publish","type":"page","link":"https:\/\/neustadt-art-festival.de\/en\/leichte-sprache-kostenerstattung-orte\/","title":{"rendered":"Leichte Sprache: Kostenerstattung Orte"},"content":{"rendered":"\n<div style=\"height:20px\" aria-hidden=\"true\" class=\"wp-block-spacer\"><\/div>\n\n\n<nav style=\"font-style:normal;font-weight:700;\" class=\"items-justified-center wp-block-navigation is-horizontal is-content-justification-center is-layout-flex wp-container-core-navigation-is-layout-499968f5 wp-block-navigation-is-layout-flex\" aria-label=\"Navigation 3\">\n<div class=\"wp-block-buttons has-custom-font-size has-small-font-size is-content-justification-left is-layout-flex wp-container-core-buttons-is-layout-fdcfc74e wp-block-buttons-is-layout-flex\">\n<div class=\"wp-block-button\"><a class=\"wp-block-button__link wp-element-button\" href=\"\/leichtesprache-aufruf\/\">AUFRUF<\/a><\/div>\n\n\n\n<div class=\"wp-block-button\"><a class=\"wp-block-button__link wp-element-button\" href=\"\/leichtesprache-selbstverstandnis\/\">SO SEHEN WIR UNS SELBST<\/a><\/div>\n\n\n\n<div class=\"wp-block-button\"><a class=\"wp-block-button__link wp-element-button\" href=\"\/leichtesprache-was\/\">WAS IST DAS NEUSTADT ART FESTIVAL?<\/a><\/div>\n\n\n\n<div class=\"wp-block-button\"><a class=\"wp-block-button__link wp-element-button\" href=\"\/leichtesprache-besucher\/\">F\u00dcR BESUCHER*INNEN<\/a><\/div>\n\n\n\n<div class=\"wp-block-button\"><a class=\"wp-block-button__link wp-element-button\" href=\"\/leichtesprache-kuenstler\/\">F\u00dcR K\u00dcNSTLER*INNEN<\/a><\/div>\n\n\n\n<div class=\"wp-block-button\"><a class=\"wp-block-button__link wp-element-button\" href=\"\/leichtesprache-orte\/\">F\u00dcR ORTE<\/a><\/div>\n<\/div>\n<\/nav>\n\n\n<div style=\"height:20px\" aria-hidden=\"true\" class=\"wp-block-spacer\"><\/div>\n\n\n\n<p class=\"leichtesprache has-medium-font-size\">Hinweis zu den Texten:<br>Wir verwenden das Gender-Sternchen.<br>Das sieht so aus: *<br>Das Gender-Sternchen ist f\u00fcr alle Personen.<br>Also f\u00fcr M\u00e4nner und Frauen.<br>Und f\u00fcr Personen, die kein Mann aber auch keine Frau sind.<br>Mit dem Gender-Sternchen wollen wir alle Menschen ansprechen.<\/p>\n\n\n\n<p class=\"leichtesprache has-medium-font-size\"><strong>Meist gestellte Fragen zur Kosten-Erstattung f\u00fcr Orte<\/strong><\/p>\n\n\n<div class=\"wp-block-image\">\n<figure class=\"alignright size-large is-resized\"><img decoding=\"async\" width=\"974\" height=\"1024\" data-src=\"https:\/\/neustadt-art-festival.de\/wp-content\/uploads\/2024\/07\/basteln-974x1024.png\" alt=\"\" class=\"wp-image-9386 lazyload\" style=\"--smush-placeholder-width: 974px; --smush-placeholder-aspect-ratio: 974\/1024;width:250px\" data-srcset=\"https:\/\/neustadt-art-festival.de\/wp-content\/uploads\/2024\/07\/basteln-974x1024.png 974w, https:\/\/neustadt-art-festival.de\/wp-content\/uploads\/2024\/07\/basteln-285x300.png 285w, https:\/\/neustadt-art-festival.de\/wp-content\/uploads\/2024\/07\/basteln-768x808.png 768w, https:\/\/neustadt-art-festival.de\/wp-content\/uploads\/2024\/07\/basteln.png 1123w\" data-sizes=\"(max-width: 974px) 100vw, 974px\" src=\"data:image\/svg+xml;base64,PHN2ZyB3aWR0aD0iMSIgaGVpZ2h0PSIxIiB4bWxucz0iaHR0cDovL3d3dy53My5vcmcvMjAwMC9zdmciPjwvc3ZnPg==\" \/><\/figure>\n<\/div>\n\n\n<p class=\"leichtesprache has-medium-font-size\"><strong>F\u00fcr welche Kosten kann ich Geld zur\u00fcck bekommen?<\/strong><br>Vor allem sind das:<br><strong>Material-Kosten<\/strong><br>Material ist alles, was du f\u00fcr deine Veranstaltung brauchst.<\/p>\n\n\n\n<p class=\"leichtesprache has-medium-font-size\"><strong>Das Material darf aber nur f\u00fcr diese Veranstaltung sein.<\/strong><br>Das Material muss dann alle sein.<br>Zum Beispiel:<\/p>\n\n\n\n<ul class=\"wp-block-list\">\n<li class=\"leichtesprache_list has-medium-font-size\">Farben<\/li>\n\n\n\n<li class=\"leichtesprache_list has-medium-font-size\">Bastel-Material<\/li>\n\n\n\n<li class=\"leichtesprache_list has-medium-font-size\">Spray-Dosen<\/li>\n\n\n\n<li class=\"leichtesprache_list has-medium-font-size\">Papier<\/li>\n<\/ul>\n\n\n\n<p class=\"leichtesprache has-medium-font-size\">F\u00fcr diese Materialien k\u00f6nnen wir dir das Geld zur\u00fcck zahlen.<br>Auch Gitarren-Saiten sind <strong>kein <\/strong>Problem.<\/p>\n\n\n\n<p class=\"leichtesprache has-medium-font-size\">Manchmal gibt es auch Dinge, die du l\u00e4nger benutzen kannst.<br>Zum Beispiel Bilder-Rahmen.<br>Bitte sprich <strong>vorher <\/strong>mit uns \u00fcber eine m\u00f6gliche Kosten-Erstattung.<br>Wir \u00fcberlegen dann gemeinsam.<\/p>\n\n\n\n<p class=\"leichtesprache has-medium-font-size\">W<strong>erbe- und Druck-Kosten<\/strong><br>Dazu geh\u00f6ren zum Beispiel Schilder.<br>Damit deine G\u00e4ste den Weg zu deinem Ort finden.<br>Oder auch Plakate f\u00fcr die Veranstaltung.<\/p>\n\n\n<div class=\"wp-block-image\">\n<figure class=\"alignright size-full is-resized\"><img decoding=\"async\" width=\"727\" height=\"664\" data-src=\"https:\/\/neustadt-art-festival.de\/wp-content\/uploads\/2024\/07\/Ausrufezeichen.jpg\" alt=\"\" class=\"wp-image-9389 lazyload\" style=\"--smush-placeholder-width: 727px; --smush-placeholder-aspect-ratio: 727\/664;width:250px\" data-srcset=\"https:\/\/neustadt-art-festival.de\/wp-content\/uploads\/2024\/07\/Ausrufezeichen.jpg 727w, https:\/\/neustadt-art-festival.de\/wp-content\/uploads\/2024\/07\/Ausrufezeichen-300x274.jpg 300w\" data-sizes=\"(max-width: 727px) 100vw, 727px\" src=\"data:image\/svg+xml;base64,PHN2ZyB3aWR0aD0iMSIgaGVpZ2h0PSIxIiB4bWxucz0iaHR0cDovL3d3dy53My5vcmcvMjAwMC9zdmciPjwvc3ZnPg==\" \/><\/figure>\n<\/div>\n\n\n<p class=\"leichtesprache has-medium-font-size\"><strong>Achtung!<\/strong><br>Sprich bitte vorher mit uns \u00fcber diese Kosten:<\/p>\n\n\n\n<ul class=\"wp-block-list\">\n<li class=\"leichtesprache_list has-medium-font-size\"><strong>Kosten f\u00fcr gemietete Ausstattung<\/strong><br>Zum Beispiel Ton-Technik<\/li>\n\n\n\n<li class=\"leichtesprache_list has-medium-font-size\"><strong>Honorare<\/strong><br>Das ist Geld f\u00fcr eine Dienst-Leistung.<br>Zum Beispiel f\u00fcr die Ton-Technikerin.<br><\/li>\n<\/ul>\n\n\n\n<p class=\"has-medium-font-size\">Wir wollen sicher sein, dass wir daf\u00fcr gen\u00fcgend Geld haben.<br>Damit wir dir diese Kosten bezahlen k\u00f6nnen.<br>Bei 40 Orten haben wir f\u00fcr jeden Ort nur einen bestimmten Geld-Betrag.<\/p>\n\n\n\n<p class=\"has-medium-font-size\">Sprich bitte auch <strong>vorher <\/strong>mit uns, <br>wenn die Kosten <strong>insgesamt <\/strong>sehr hoch sind.<br>Gemeinsam finden wir eine L\u00f6sung.<\/p>\n\n\n<div class=\"wp-block-image\">\n<figure class=\"alignright size-large is-resized\"><img decoding=\"async\" width=\"1024\" height=\"696\" data-src=\"https:\/\/neustadt-art-festival.de\/wp-content\/uploads\/2024\/07\/beleg-1024x696.png\" alt=\"\" class=\"wp-image-9387 lazyload\" style=\"--smush-placeholder-width: 1024px; --smush-placeholder-aspect-ratio: 1024\/696;width:250px\" data-srcset=\"https:\/\/neustadt-art-festival.de\/wp-content\/uploads\/2024\/07\/beleg-1024x696.png 1024w, https:\/\/neustadt-art-festival.de\/wp-content\/uploads\/2024\/07\/beleg-300x204.png 300w, https:\/\/neustadt-art-festival.de\/wp-content\/uploads\/2024\/07\/beleg-768x522.png 768w, https:\/\/neustadt-art-festival.de\/wp-content\/uploads\/2024\/07\/beleg-1536x1044.png 1536w, https:\/\/neustadt-art-festival.de\/wp-content\/uploads\/2024\/07\/beleg-2048x1392.png 2048w\" data-sizes=\"(max-width: 1024px) 100vw, 1024px\" src=\"data:image\/svg+xml;base64,PHN2ZyB3aWR0aD0iMSIgaGVpZ2h0PSIxIiB4bWxucz0iaHR0cDovL3d3dy53My5vcmcvMjAwMC9zdmciPjwvc3ZnPg==\" \/><\/figure>\n<\/div>\n\n\n<p class=\"leichtesprache has-medium-font-size\"><strong>Das ist wichtig!<\/strong><br>Bitte unbedingt die Rechnung oder den Beleg aufheben.<br>Wir brauchen immer das <strong>Original<\/strong>.<br>Auf Rechnungen muss dein Name stehen. <br>Und deine Adresse.<\/p>\n\n\n<div class=\"wp-block-image\">\n<figure class=\"alignright size-large is-resized\"><img decoding=\"async\" width=\"980\" height=\"1024\" data-src=\"https:\/\/neustadt-art-festival.de\/wp-content\/uploads\/2024\/07\/essen_ungesund-980x1024.png\" alt=\"\" class=\"wp-image-9388 lazyload\" style=\"--smush-placeholder-width: 980px; --smush-placeholder-aspect-ratio: 980\/1024;width:150px\" data-srcset=\"https:\/\/neustadt-art-festival.de\/wp-content\/uploads\/2024\/07\/essen_ungesund-980x1024.png 980w, https:\/\/neustadt-art-festival.de\/wp-content\/uploads\/2024\/07\/essen_ungesund-287x300.png 287w, https:\/\/neustadt-art-festival.de\/wp-content\/uploads\/2024\/07\/essen_ungesund-768x803.png 768w, https:\/\/neustadt-art-festival.de\/wp-content\/uploads\/2024\/07\/essen_ungesund-1470x1536.png 1470w, https:\/\/neustadt-art-festival.de\/wp-content\/uploads\/2024\/07\/essen_ungesund-1959x2048.png 1959w, https:\/\/neustadt-art-festival.de\/wp-content\/uploads\/2024\/07\/essen_ungesund.png 2034w\" data-sizes=\"(max-width: 980px) 100vw, 980px\" src=\"data:image\/svg+xml;base64,PHN2ZyB3aWR0aD0iMSIgaGVpZ2h0PSIxIiB4bWxucz0iaHR0cDovL3d3dy53My5vcmcvMjAwMC9zdmciPjwvc3ZnPg==\" \/><\/figure>\n<\/div>\n\n\n<p class=\"leichtesprache has-medium-font-size\"><strong>Welche Kosten muss ich alleine bezahlen?<\/strong><br>Geld-Ausgaben f\u00fcr Essen und Trinken<br>sind <strong>keine <\/strong>Material-Kosten.<br>Diese Kosten k\u00f6nnen wir dir <strong>nicht <\/strong>zur\u00fcck zahlen.<\/p>\n\n\n\n<p class=\"has-medium-font-size\">Du kannst aber selbst etwas Essen und Trinken anbieten.<\/p>\n\n\n<div class=\"wp-block-image\">\n<figure class=\"alignright size-large is-resized\"><img decoding=\"async\" width=\"953\" height=\"1024\" data-src=\"https:\/\/neustadt-art-festival.de\/wp-content\/uploads\/2024\/07\/sparen-953x1024.png\" alt=\"\" class=\"wp-image-9396 lazyload\" style=\"--smush-placeholder-width: 953px; --smush-placeholder-aspect-ratio: 953\/1024;width:150px\" data-srcset=\"https:\/\/neustadt-art-festival.de\/wp-content\/uploads\/2024\/07\/sparen-953x1024.png 953w, https:\/\/neustadt-art-festival.de\/wp-content\/uploads\/2024\/07\/sparen-279x300.png 279w, https:\/\/neustadt-art-festival.de\/wp-content\/uploads\/2024\/07\/sparen-768x826.png 768w, https:\/\/neustadt-art-festival.de\/wp-content\/uploads\/2024\/07\/sparen-1429x1536.png 1429w, https:\/\/neustadt-art-festival.de\/wp-content\/uploads\/2024\/07\/sparen.png 1772w\" data-sizes=\"(max-width: 953px) 100vw, 953px\" src=\"data:image\/svg+xml;base64,PHN2ZyB3aWR0aD0iMSIgaGVpZ2h0PSIxIiB4bWxucz0iaHR0cDovL3d3dy53My5vcmcvMjAwMC9zdmciPjwvc3ZnPg==\" \/><\/figure>\n<\/div>\n\n\n<p class=\"has-medium-font-size\"><strong>Bitte beachte:<\/strong><br>Am besten machst du das \u00fcber eine <strong>Spende<\/strong>.<br>Du willst Essen und Trinken <strong>verkaufen<\/strong>?<br>Dann brauchst du einen <strong>Hygiene-Pass<\/strong>.<br>Und du brauchst eine <strong>Schank-Genehmigung<\/strong>.<\/p>\n\n\n<div class=\"wp-block-image\">\n<figure class=\"alignright size-large is-resized\"><img decoding=\"async\" width=\"1024\" height=\"660\" data-src=\"https:\/\/neustadt-art-festival.de\/wp-content\/uploads\/2024\/07\/musikgruppe-1024x660.png\" alt=\"\" class=\"wp-image-9237 lazyload\" style=\"--smush-placeholder-width: 1024px; --smush-placeholder-aspect-ratio: 1024\/660;width:250px\" data-srcset=\"https:\/\/neustadt-art-festival.de\/wp-content\/uploads\/2024\/07\/musikgruppe-1024x660.png 1024w, https:\/\/neustadt-art-festival.de\/wp-content\/uploads\/2024\/07\/musikgruppe-300x193.png 300w, https:\/\/neustadt-art-festival.de\/wp-content\/uploads\/2024\/07\/musikgruppe-768x495.png 768w, https:\/\/neustadt-art-festival.de\/wp-content\/uploads\/2024\/07\/musikgruppe-1536x990.png 1536w, https:\/\/neustadt-art-festival.de\/wp-content\/uploads\/2024\/07\/musikgruppe-2048x1321.png 2048w\" data-sizes=\"(max-width: 1024px) 100vw, 1024px\" src=\"data:image\/svg+xml;base64,PHN2ZyB3aWR0aD0iMSIgaGVpZ2h0PSIxIiB4bWxucz0iaHR0cDovL3d3dy53My5vcmcvMjAwMC9zdmciPjwvc3ZnPg==\" \/><\/figure>\n<\/div>\n\n\n<p class=\"has-medium-font-size\">Eigentlich \u00fcbernehmen wir <strong>keine <\/strong>Reise-Kosten.<br>Aber es kann sein:<br>Deine K\u00fcnstler*innen verlangen Geld von dir:<br>F\u00fcr ihre Fahrt zu deinem Ort.<br>Oder f\u00fcr den Transport von Instrumenten. <br>Und von Technik.<br>Dann sprich unbedingt mit uns.<br>Wir finden sicher gemeinsam eine L\u00f6sung.<\/p>\n\n\n\n<p class=\"leichtesprache has-medium-font-size\"><strong>Wo finde ich den Antrag f\u00fcr die Kosten-Erstattung?<\/strong><br>Den Antrag findest du hier: <a href=\"https:\/\/neustadt-art-kollektiv.org\/forms\/auslagenerstattung.html\" target=\"_blank\" rel=\"noreferrer noopener\"><strong>Link zum Antrag<\/strong><\/a> <br>Du kannst den Antrag online ausf\u00fcllen. <br>So sieht der <strong>obere <\/strong>Bereich vom Antrag aus:<\/p>\n\n\n\n<figure class=\"wp-block-image size-full\"><img decoding=\"async\" width=\"773\" height=\"974\" data-src=\"https:\/\/neustadt-art-festival.de\/wp-content\/uploads\/2024\/06\/Auslagenerstattung-oben.jpg\" alt=\"\" class=\"wp-image-9015 lazyload\" data-srcset=\"https:\/\/neustadt-art-festival.de\/wp-content\/uploads\/2024\/06\/Auslagenerstattung-oben.jpg 773w, https:\/\/neustadt-art-festival.de\/wp-content\/uploads\/2024\/06\/Auslagenerstattung-oben-238x300.jpg 238w, https:\/\/neustadt-art-festival.de\/wp-content\/uploads\/2024\/06\/Auslagenerstattung-oben-768x968.jpg 768w\" data-sizes=\"(max-width: 773px) 100vw, 773px\" src=\"data:image\/svg+xml;base64,PHN2ZyB3aWR0aD0iMSIgaGVpZ2h0PSIxIiB4bWxucz0iaHR0cDovL3d3dy53My5vcmcvMjAwMC9zdmciPjwvc3ZnPg==\" style=\"--smush-placeholder-width: 773px; --smush-placeholder-aspect-ratio: 773\/974;\" \/><\/figure>\n\n\n\n<p class=\"leichtesprache has-medium-font-size\">Im oberen Bereich tr\u00e4gst du alle geforderten Infos ein.<br>In die Zeile <strong>Projekt <\/strong>schreibst du: NAF 2024.<br>NAF 2024 bedeutet: Neustadt Art Festival im Jahr 2024.<br>In die Zeile <strong>Teilprojekt <\/strong>schreibst du<br>den Namen von deiner Veranstaltung.<br>Oder den Namen von deinem Ort.<\/p>\n\n\n\n<p class=\"leichtesprache has-medium-font-size\">Der untere Bereich vom Antrag sieht so aus:<\/p>\n\n\n\n<figure class=\"wp-block-image size-full\"><img decoding=\"async\" width=\"777\" height=\"739\" data-src=\"https:\/\/neustadt-art-festival.de\/wp-content\/uploads\/2024\/06\/Auslagenerstattung-unten.jpg\" alt=\"\" class=\"wp-image-9017 lazyload\" data-srcset=\"https:\/\/neustadt-art-festival.de\/wp-content\/uploads\/2024\/06\/Auslagenerstattung-unten.jpg 777w, https:\/\/neustadt-art-festival.de\/wp-content\/uploads\/2024\/06\/Auslagenerstattung-unten-300x285.jpg 300w, https:\/\/neustadt-art-festival.de\/wp-content\/uploads\/2024\/06\/Auslagenerstattung-unten-768x730.jpg 768w\" data-sizes=\"(max-width: 777px) 100vw, 777px\" src=\"data:image\/svg+xml;base64,PHN2ZyB3aWR0aD0iMSIgaGVpZ2h0PSIxIiB4bWxucz0iaHR0cDovL3d3dy53My5vcmcvMjAwMC9zdmciPjwvc3ZnPg==\" style=\"--smush-placeholder-width: 777px; --smush-placeholder-aspect-ratio: 777\/739;\" \/><\/figure>\n\n\n\n<p class=\"leichtesprache has-medium-font-size\">Hier tr\u00e4gst du jeden Beleg <strong>einzeln <\/strong>in eine Zeile ein.<br>Bei Datum tr\u00e4gst du das <strong>Datum auf dem Beleg<\/strong> ein.<br>In die Beschreibung geh\u00f6ren:<\/p>\n\n\n\n<ul class=\"wp-block-list\">\n<li class=\"leichtesprache_list has-medium-font-size\">der Name von der Firma<\/li>\n\n\n\n<li class=\"leichtesprache_list has-medium-font-size\">das Produkt<\/li>\n<\/ul>\n\n\n\n<p class=\"leichtesprache\"><strong>Zum Beispiel:<\/strong><\/p>\n\n\n\n<ul class=\"wp-block-list\">\n<li class=\"leichtesprache_list has-medium-font-size\">Gerstaecker, gr\u00fcne Kreide<\/li>\n\n\n\n<li class=\"leichtesprache_list has-medium-font-size\">Netto, Trinkbecher<\/li>\n\n\n\n<li class=\"leichtesprache_list has-medium-font-size\">Musikladen Goldene Note, Miete Musik-Anlage<\/li>\n\n\n\n<li class=\"leichtesprache_list has-medium-font-size\">Veranstaltungs-Technikerin Kruse, Honorar Ton-Technik<\/li>\n<\/ul>\n\n\n\n<p class=\"leichtesprache has-medium-font-size\">Bei Betrag schreibst du hin, wieviel du f\u00fcr das Produkt bezahlt hast.<\/p>\n\n\n<div class=\"wp-block-image\">\n<figure class=\"alignright size-full is-resized\"><img decoding=\"async\" width=\"727\" height=\"664\" data-src=\"https:\/\/neustadt-art-festival.de\/wp-content\/uploads\/2024\/07\/Ausrufezeichen.jpg\" alt=\"\" class=\"wp-image-9389 lazyload\" style=\"--smush-placeholder-width: 727px; --smush-placeholder-aspect-ratio: 727\/664;width:250px\" data-srcset=\"https:\/\/neustadt-art-festival.de\/wp-content\/uploads\/2024\/07\/Ausrufezeichen.jpg 727w, https:\/\/neustadt-art-festival.de\/wp-content\/uploads\/2024\/07\/Ausrufezeichen-300x274.jpg 300w\" data-sizes=\"(max-width: 727px) 100vw, 727px\" src=\"data:image\/svg+xml;base64,PHN2ZyB3aWR0aD0iMSIgaGVpZ2h0PSIxIiB4bWxucz0iaHR0cDovL3d3dy53My5vcmcvMjAwMC9zdmciPjwvc3ZnPg==\" \/><\/figure>\n<\/div>\n\n\n<p class=\"leichtesprache has-medium-font-size\"><strong>Achtung!<\/strong><br>Vielleicht hast du Belege,<br>wo noch andere Dinge drauf stehen.<br>Dinge f\u00fcr die du <strong>kein <\/strong>Geld zur\u00fcck bekommst.<br>Streiche diese Dinge durch.<br>Und rechne dann die neue Summe aus.<\/p>\n\n\n\n<p class=\"leichtesprache has-medium-font-size\"><strong>Du brauchst mehr Zeilen f\u00fcr deine Belege?<\/strong><br>Dann klicke auf den Button: <strong>Auslage hinzuf\u00fcgen<\/strong>.<br>Und es erscheint eine neue Zeile.<\/p>\n\n\n\n<p class=\"leichtesprache has-medium-font-size\">Ganz zum Schluss tr\u00e4gst du die <strong>Gesamt-Summe<\/strong> ein.<br>Nun druckst du das Formular aus und unterschreibst es.<br>Das unterschriebene Antrags-Formular gibst du bei uns ab.<br><strong>Zusammen mit den Original-Belegen<\/strong> von deinen Eink\u00e4ufen.<\/p>\n\n\n\n<p class=\"leichtesprache has-medium-font-size\"><strong>Bitte gib uns vorher Bescheid.<\/strong><br>Damit auch jemand von uns da ist.<\/p>\n\n\n<div class=\"wp-block-image\">\n<figure class=\"alignright size-large is-resized\"><img decoding=\"async\" width=\"960\" height=\"1024\" data-src=\"https:\/\/neustadt-art-festival.de\/wp-content\/uploads\/2024\/07\/brief-2-960x1024.png\" alt=\"\" class=\"wp-image-9397 lazyload\" style=\"--smush-placeholder-width: 960px; --smush-placeholder-aspect-ratio: 960\/1024;width:150px\" data-srcset=\"https:\/\/neustadt-art-festival.de\/wp-content\/uploads\/2024\/07\/brief-2-960x1024.png 960w, https:\/\/neustadt-art-festival.de\/wp-content\/uploads\/2024\/07\/brief-2-281x300.png 281w, https:\/\/neustadt-art-festival.de\/wp-content\/uploads\/2024\/07\/brief-2-768x819.png 768w, https:\/\/neustadt-art-festival.de\/wp-content\/uploads\/2024\/07\/brief-2-1440x1536.png 1440w, https:\/\/neustadt-art-festival.de\/wp-content\/uploads\/2024\/07\/brief-2.png 1882w\" data-sizes=\"(max-width: 960px) 100vw, 960px\" src=\"data:image\/svg+xml;base64,PHN2ZyB3aWR0aD0iMSIgaGVpZ2h0PSIxIiB4bWxucz0iaHR0cDovL3d3dy53My5vcmcvMjAwMC9zdmciPjwvc3ZnPg==\" \/><\/figure>\n<\/div>\n\n\n<p class=\"has-medium-font-size\">Du kannst uns auch alles mit der Post schicken.<br>Das ist unsere Adresse:<br>Neustadt Art Kollektiv e.V.<br>Rudolf-Leonhard-Stra\u00dfe 19<br>01097 Dresden<br>Bei Fragen sprich uns gern jederzeit an.<\/p>\n\n\n<div class=\"wp-block-image\">\n<figure class=\"alignright size-full is-resized\"><img decoding=\"async\" width=\"390\" height=\"463\" data-src=\"https:\/\/neustadt-art-festival.de\/wp-content\/uploads\/2024\/07\/Bild-leichte-Sprache-6.jpg\" alt=\"\" class=\"wp-image-9118 lazyload\" style=\"--smush-placeholder-width: 390px; --smush-placeholder-aspect-ratio: 390\/463;width:159px\" data-srcset=\"https:\/\/neustadt-art-festival.de\/wp-content\/uploads\/2024\/07\/Bild-leichte-Sprache-6.jpg 390w, https:\/\/neustadt-art-festival.de\/wp-content\/uploads\/2024\/07\/Bild-leichte-Sprache-6-253x300.jpg 253w\" data-sizes=\"(max-width: 390px) 100vw, 390px\" src=\"data:image\/svg+xml;base64,PHN2ZyB3aWR0aD0iMSIgaGVpZ2h0PSIxIiB4bWxucz0iaHR0cDovL3d3dy53My5vcmcvMjAwMC9zdmciPjwvc3ZnPg==\" \/><\/figure>\n<\/div>\n\n\n<p class=\"has-medium-font-size\"><strong>Bis wann muss ich meinen Antrag abgeben?<\/strong><br>Abgeben kannst du deinen Antrag jederzeit.<br>Aber allersp\u00e4testens <strong>Ende November<\/strong>.<br>Meistens warten wir nach dem Festival <br>etwa 2 Wochen.<br>Damit alle f\u00fcr ihren Antrag gen\u00fcgend Zeit haben.<br>Dann fangen wir an.<br>Und pr\u00fcfen die Antr\u00e4ge f\u00fcr die Kosten-Erstattung.<br>Wir schauen ob die Infos stimmen.<br>Und ob die Belege richtig sind.<\/p>\n\n\n<div class=\"wp-block-image\">\n<figure class=\"alignright size-large is-resized\"><img decoding=\"async\" width=\"1024\" height=\"775\" data-src=\"https:\/\/neustadt-art-festival.de\/wp-content\/uploads\/2024\/07\/Spende-1024x775.png\" alt=\"\" class=\"wp-image-9398 lazyload\" style=\"--smush-placeholder-width: 1024px; --smush-placeholder-aspect-ratio: 1024\/775;width:150px\" data-srcset=\"https:\/\/neustadt-art-festival.de\/wp-content\/uploads\/2024\/07\/Spende-1024x775.png 1024w, https:\/\/neustadt-art-festival.de\/wp-content\/uploads\/2024\/07\/Spende-300x227.png 300w, https:\/\/neustadt-art-festival.de\/wp-content\/uploads\/2024\/07\/Spende-768x581.png 768w, https:\/\/neustadt-art-festival.de\/wp-content\/uploads\/2024\/07\/Spende-1536x1162.png 1536w, https:\/\/neustadt-art-festival.de\/wp-content\/uploads\/2024\/07\/Spende-2048x1550.png 2048w\" data-sizes=\"(max-width: 1024px) 100vw, 1024px\" src=\"data:image\/svg+xml;base64,PHN2ZyB3aWR0aD0iMSIgaGVpZ2h0PSIxIiB4bWxucz0iaHR0cDovL3d3dy53My5vcmcvMjAwMC9zdmciPjwvc3ZnPg==\" \/><\/figure>\n<\/div>\n\n\n<p class=\"has-medium-font-size\"><strong>Wann erhalte ich das Geld zur\u00fcck?<\/strong><br>Das Geld zahlen wir ab Mitte Oktober zur\u00fcck.<br>Wir wollen das Geld gerecht auf alle Antr\u00e4ge verteilen.<br>Normalerweise haben wir daf\u00fcr gen\u00fcgend Geld.<\/p>\n\n\n<div class=\"wp-block-image\">\n<figure class=\"alignright size-large is-resized\"><img decoding=\"async\" width=\"953\" height=\"1024\" data-src=\"https:\/\/neustadt-art-festival.de\/wp-content\/uploads\/2024\/07\/sparen-953x1024.png\" alt=\"\" class=\"wp-image-9396 lazyload\" style=\"--smush-placeholder-width: 953px; --smush-placeholder-aspect-ratio: 953\/1024;width:150px\" data-srcset=\"https:\/\/neustadt-art-festival.de\/wp-content\/uploads\/2024\/07\/sparen-953x1024.png 953w, https:\/\/neustadt-art-festival.de\/wp-content\/uploads\/2024\/07\/sparen-279x300.png 279w, https:\/\/neustadt-art-festival.de\/wp-content\/uploads\/2024\/07\/sparen-768x826.png 768w, https:\/\/neustadt-art-festival.de\/wp-content\/uploads\/2024\/07\/sparen-1429x1536.png 1429w, https:\/\/neustadt-art-festival.de\/wp-content\/uploads\/2024\/07\/sparen.png 1772w\" data-sizes=\"(max-width: 953px) 100vw, 953px\" src=\"data:image\/svg+xml;base64,PHN2ZyB3aWR0aD0iMSIgaGVpZ2h0PSIxIiB4bWxucz0iaHR0cDovL3d3dy53My5vcmcvMjAwMC9zdmciPjwvc3ZnPg==\" \/><\/figure>\n<\/div>\n\n\n<p class=\"has-medium-font-size\"><strong>Was muss ich noch wissen?<\/strong><br>Du kannst bei deiner Veranstaltung um eine Spende bitten.<br>Zum Beispiel mit einem Hut herumgehen.<br>Oder mit einer Spenden-Dose.<\/p>\n\n\n\n<p class=\"has-medium-font-size\">Dein Ort sollte m\u00f6glichst barriere-frei sein.<br>Deine G\u00e4ste sollten sich \u00fcberall sicher bewegen k\u00f6nnen.<\/p>\n\n\n<div class=\"wp-block-image\">\n<figure class=\"alignright size-full is-resized\"><img decoding=\"async\" width=\"727\" height=\"664\" data-src=\"https:\/\/neustadt-art-festival.de\/wp-content\/uploads\/2024\/07\/Ausrufezeichen.jpg\" alt=\"\" class=\"wp-image-9389 lazyload\" style=\"--smush-placeholder-width: 727px; --smush-placeholder-aspect-ratio: 727\/664;width:150px\" data-srcset=\"https:\/\/neustadt-art-festival.de\/wp-content\/uploads\/2024\/07\/Ausrufezeichen.jpg 727w, https:\/\/neustadt-art-festival.de\/wp-content\/uploads\/2024\/07\/Ausrufezeichen-300x274.jpg 300w\" data-sizes=\"(max-width: 727px) 100vw, 727px\" src=\"data:image\/svg+xml;base64,PHN2ZyB3aWR0aD0iMSIgaGVpZ2h0PSIxIiB4bWxucz0iaHR0cDovL3d3dy53My5vcmcvMjAwMC9zdmciPjwvc3ZnPg==\" \/><\/figure>\n<\/div>\n\n\n<p class=\"has-medium-font-size\"><strong>Das ist verboten:<\/strong><br>Eintritt nehmen.<br>Oder Teilnahme-Geb\u00fchren verlangen.<br>Wer das macht:<br>Diese Person schlie\u00dfen wir vom Festival aus.<\/p>\n\n\n\n<p class=\"has-medium-font-size\">Sprich uns bei Problemen und Sorgen gern an.<br>Wir finden gemeinsam eine L\u00f6sung! \ud83d\ude42<\/p>\n","protected":false},"excerpt":{"rendered":"<p>Hinweis zu den Texten:Wir verwenden das Gender-Sternchen.Das sieht so aus: *Das Gender-Sternchen ist f\u00fcr alle Personen.Also f\u00fcr M\u00e4nner und Frauen.Und f\u00fcr Personen, die kein Mann aber auch keine Frau sind.Mit dem Gender-Sternchen wollen wir alle Menschen ansprechen. Meist gestellte Fragen zur Kosten-Erstattung f\u00fcr Orte F\u00fcr welche Kosten kann ich Geld zur\u00fcck bekommen?Vor allem sind das:Material-KostenMaterial [&hellip;]<\/p>\n","protected":false},"author":4,"featured_media":0,"parent":0,"menu_order":0,"comment_status":"closed","ping_status":"closed","template":"","meta":{"footnotes":""},"class_list":["post-9395","page","type-page","status-publish","hentry"],"_links":{"self":[{"href":"https:\/\/neustadt-art-festival.de\/en\/wp-json\/wp\/v2\/pages\/9395","targetHints":{"allow":["GET"]}}],"collection":[{"href":"https:\/\/neustadt-art-festival.de\/en\/wp-json\/wp\/v2\/pages"}],"about":[{"href":"https:\/\/neustadt-art-festival.de\/en\/wp-json\/wp\/v2\/types\/page"}],"author":[{"embeddable":true,"href":"https:\/\/neustadt-art-festival.de\/en\/wp-json\/wp\/v2\/users\/4"}],"replies":[{"embeddable":true,"href":"https:\/\/neustadt-art-festival.de\/en\/wp-json\/wp\/v2\/comments?post=9395"}],"version-history":[{"count":2,"href":"https:\/\/neustadt-art-festival.de\/en\/wp-json\/wp\/v2\/pages\/9395\/revisions"}],"predecessor-version":[{"id":9403,"href":"https:\/\/neustadt-art-festival.de\/en\/wp-json\/wp\/v2\/pages\/9395\/revisions\/9403"}],"wp:attachment":[{"href":"https:\/\/neustadt-art-festival.de\/en\/wp-json\/wp\/v2\/media?parent=9395"}],"curies":[{"name":"wp","href":"https:\/\/api.w.org\/{rel}","templated":true}]}}