{"id":9431,"date":"2024-08-02T12:56:05","date_gmt":"2024-08-02T10:56:05","guid":{"rendered":"https:\/\/neustadt-art-festival.de\/?page_id=9431"},"modified":"2024-08-02T12:58:43","modified_gmt":"2024-08-02T10:58:43","slug":"locations-nafli","status":"publish","type":"page","link":"https:\/\/neustadt-art-festival.de\/en\/locations-nafli\/","title":{"rendered":"locations-nafli"},"content":{"rendered":"\n<p><strong>Liste der am diesj\u00e4hrigen NAF beteiligten Orte:<\/strong><\/p>\n\n\n\n<div style=\"height:24px\" aria-hidden=\"true\" class=\"wp-block-spacer\"><\/div>\n\n\nAlaunplatz, Alaunplatz, Dresden<br \/>Alte Fabrik, Prie\u00dfnitzstra\u00dfe 44\/48, Hinterhof, Dresden<br \/>Art by Dana, Bautzner Stra\u00dfe 71 1. OG, im Hinterhof, 01099 Dresden<br \/>Atelier &#8220;Werkstatt&#8221;, Kamenzer Stra\u00dfe 45, Hinterhaus, Dresden<br \/>Atelier Puls, Pulsnitzer Stra\u00dfe 18, 01099 Dresden<br \/>Atelier Schwartz, F\u00f6rstereistra\u00dfe 3, 01099 Dresden<br \/>Atelier von Herr Zander, G\u00f6rlitzer Stra\u00dfe 32, 01099 Dresden<br \/>AZ Conni, Rudolf-Leonhard-Stra\u00dfe 39, 01097 Dresden<br \/>b33, B\u00f6hmische Str. 33, 01099 Dresden<br \/>Blaue Fabrik, Gr\u00fcne Villa, Eisenbahnstra\u00dfe 1, Dresden<br \/>C. Rockefeller Center for the contemporary Arts, Rudolf-Leonhard-Stra\u00dfe 54, 01097 Dresden<br \/>Caf\u00e9 Vlora &#038; Vauna, Bischofsweg 28, 01099 Dresden<br \/>Chemiefabrik, Petrikirchstra\u00dfe 5, 01097 Dresden<br \/>Drinnen und Drau\u00dfen, Kamenzer Stra\u00dfe 62, 01099 Dresden<br \/>Ecke Nord, Fr\u00fchlingstra\u00dfe 22, 01099 Dresden<br \/>Filmgalerie &#8211; Phase IV, K\u00f6nigsbr\u00fccker Stra\u00dfe 54, 01099 Dresden<br \/>Foto-Atelier Amac Garbe, Sebnitzer Stra\u00dfe 26, 01099 Dresden<br \/>Galerie im K\u00e4stner Kolleg, Tannenstra\u00dfe 2, 01099 Dresden<br \/>Galerie kunstgeh\u00e6use, Prie\u00dfnitzstra\u00dfe 48, Dresden<br \/>Galerie nEUROPA, Kultur Aktiv, Bautzner Str. 49, 01099 Dresden<br \/>Goldschmiede Corinna Aurelia, Sebnitzer Stra\u00dfe 26, 01099 Dresden<br \/>Groovestation, Katharinenstra\u00dfe 11-13, 01099 Dresden<br \/>Hanse 3 e.V., Hansastra\u00dfe 3, Dresden<br \/>HATiKVA e.V. &#8211; Die Hoffnung, Pulsnitzer Stra\u00dfe 10, 01099 Dresden<br \/>InterLokal, Kamenzer Stra\u00dfe 38, 01099 Dresden<br \/>Interrobang\u203d, Kamenzer Stra\u00dfe 13, Dresden<br \/>jahnschade | ARTgarage feat. @snowhine, Garagenhof gg\u00fc. Conradstra\u00dfe 3, Dresden<br \/>Jorge-Gomondai-Platz, Jorge - Gomondai - Platz, 01097 Dresden<br \/>Juri Bar, G\u00f6rlitzer Stra\u00dfe 46, 01099 Dresden<br \/>Katys Garage, Alaunstra\u00dfe 48, 01099 Dresden<br \/>Keine Badewanne, Bautzner Stra\u00dfe 51, 01099 Dresden<br \/>Konnektiv62, Alaunstra\u00dfe 62, 01099 Dresden (Blaues Haus im Hinterhof)<br \/>Kukulida, Martin-Luther-Stra\u00dfe 1, 01099 Dresden<br \/>KulturSchlosserei, Bischofsweg 31, 01099 Dresden<br \/>Kunst&#038;K\u00f6ter, Rudolf-Leonhard-Stra\u00dfe 38, 01097 Dresden<br \/>Laube, Hinterhof in der Louisenstra\u00dfe 76 - Dresden<br \/>Madness, G\u00f6rlitzer Stra\u00dfe 23, 01099 Dresden<br \/>Minimal Cafe&#038;Bar, Rothenburger Stra\u00dfe 37, 01099 Dresden<br \/>Mora Bar (Mondpalast), Louisenstra\u00dfe 77, 01099 Dresden<br \/>Nerdpol Caf\u00e9, Bautzner Stra\u00dfe 53, 01099 Dresden<br \/>NEUST;ART, Alaunstra\u00dfe 58, 01099 Dresden<br \/>Studio of Neustadt Art Kollektiv, Rudolf-Leonhard-Stra\u00dfe 19, 01097 Dresden<br \/>Oosteinde, Prie\u00dfnitzstra\u00dfe 18, Dresden<br \/>Otto-Terasse im Scheunehofviertel, Rudolf- Ecke Ottostra\u00dfe, Dresden<br \/>Parkplatz | Plan B, G\u00f6rlitzer Stra\u00dfe 35, 01099 Dresden<br \/>Prie\u00dfnitzallee, Prie\u00dfnitzstra\u00dfe-Sch\u00f6nfelder Stra\u00dfe, 01099 Dresden<br \/>Scheune-Vorplatz, Alaunstra\u00dfe 38, Vorplatz, Dresden<br \/>Sebnitzer Stra\u00dfe 19 &#8211; Hinterhof, Sebnitzer Stra\u00dfe 19, HINTERHOF, 01099 Dresden<br \/>Springbrunnen \u00fcber dem Alaunplatz, Tannenstra\u00dfe 18, 01099 Dresden<br \/>Stadtteilhaus \u00c4u\u00dfere Neustadt und b\u00fchne Wanne, Prie\u00dfnitzstra\u00dfe 18, 01099 Dresden<br \/>Starke Federn \/ Tell Your Truth, F\u00f6rstereistra\u00dfe 10, 01099 Dresden<br \/>streets in the Kiez \/ Stra\u00dfen im Kiez, \u00c4u\u00dfere Neustadt, Dresden<br \/>STUDIO56, Bischofsweg 56, 01099 Dresden<br \/>Tag2wo Vortagsb\u00e4ckerei &#038; Kulturcaf\u00e9, Kamenzer Stra\u00dfe 42b, 01099 Dresden<br \/>Tattoo-Caf\u00e9 Peckerl, Rudolf-Leonhard-Stra\u00dfe 5, 01097 Dresden<br \/>Theater \u201eDer Laden\u201c e.V., Martin-Luther-Stra\u00dfe 13, 01099 Dresden<br \/>Umsonstladen Dresden Neustadt, Alaunstra\u00dfe 68, 01099 Dresden<br \/>URBAN-SHIT, Hoyerswerdaer Str. 31, 01099 Dresden<br \/>ver\u00e4nderbar, G\u00f6rlitzer Str. 42, 01099 Dresden<br \/>Villa wirklich, Bischofsweg 6, 01097 Dresden<br \/>Zarewna Genuss Caf\u00e9 im Sonnenhof, Alaunstra\u00dfe 68, 01099 Dresden<br \/>\n","protected":false},"excerpt":{"rendered":"<p>Liste der am diesj\u00e4hrigen NAF beteiligten Orte:<\/p>\n","protected":false},"author":6,"featured_media":0,"parent":0,"menu_order":0,"comment_status":"closed","ping_status":"closed","template":"","meta":{"footnotes":""},"class_list":["post-9431","page","type-page","status-publish","hentry"],"_links":{"self":[{"href":"https:\/\/neustadt-art-festival.de\/en\/wp-json\/wp\/v2\/pages\/9431","targetHints":{"allow":["GET"]}}],"collection":[{"href":"https:\/\/neustadt-art-festival.de\/en\/wp-json\/wp\/v2\/pages"}],"about":[{"href":"https:\/\/neustadt-art-festival.de\/en\/wp-json\/wp\/v2\/types\/page"}],"author":[{"embeddable":true,"href":"https:\/\/neustadt-art-festival.de\/en\/wp-json\/wp\/v2\/users\/6"}],"replies":[{"embeddable":true,"href":"https:\/\/neustadt-art-festival.de\/en\/wp-json\/wp\/v2\/comments?post=9431"}],"version-history":[{"count":3,"href":"https:\/\/neustadt-art-festival.de\/en\/wp-json\/wp\/v2\/pages\/9431\/revisions"}],"predecessor-version":[{"id":9434,"href":"https:\/\/neustadt-art-festival.de\/en\/wp-json\/wp\/v2\/pages\/9431\/revisions\/9434"}],"wp:attachment":[{"href":"https:\/\/neustadt-art-festival.de\/en\/wp-json\/wp\/v2\/media?parent=9431"}],"curies":[{"name":"wp","href":"https:\/\/api.w.org\/{rel}","templated":true}]}}